 
{"id":100,"date":"2023-09-05T15:09:50","date_gmt":"2023-09-05T19:09:50","guid":{"rendered":"http:\/\/10.70.220.3\/?page_id=100"},"modified":"2024-09-13T12:03:01","modified_gmt":"2024-09-13T16:03:01","slug":"ganhri","status":"publish","type":"page","link":"http:\/\/www.defensoria.gob.ve\/?page_id=100","title":{"rendered":"Ganhri"},"content":{"rendered":"\t\t<div data-elementor-type=\"wp-page\" data-elementor-id=\"100\" class=\"elementor elementor-100\">\n\t\t\t\t\t\t<section class=\"elementor-section elementor-top-section elementor-element elementor-element-71040b9 elementor-section-boxed elementor-section-height-default elementor-section-height-default\" data-id=\"71040b9\" data-element_type=\"section\" data-e-type=\"section\">\n\t\t\t\t\t\t<div class=\"elementor-container elementor-column-gap-default\">\n\t\t\t\t\t<div class=\"elementor-column elementor-col-50 elementor-top-column elementor-element elementor-element-853c812\" data-id=\"853c812\" data-element_type=\"column\" data-e-type=\"column\">\n\t\t\t<div class=\"elementor-widget-wrap elementor-element-populated\">\n\t\t\t\t\t\t<div class=\"elementor-element elementor-element-0644089 elementor-widget__width-initial elementor-widget elementor-widget-image\" data-id=\"0644089\" data-element_type=\"widget\" data-e-type=\"widget\" data-widget_type=\"image.default\">\n\t\t\t\t<div class=\"elementor-widget-container\">\n\t\t\t\t\t\t\t\t\t\t\t\t\t\t\t\t<a href=\"https:\/\/ganhri.org\/\">\n\t\t\t\t\t\t\t<img decoding=\"async\" width=\"325\" height=\"91\" src=\"http:\/\/www.defensoria.gob.ve\/wp-content\/uploads\/2023\/09\/image.png\" class=\"attachment-large size-large wp-image-87\" alt=\"\" srcset=\"http:\/\/www.defensoria.gob.ve\/wp-content\/uploads\/2023\/09\/image.png 325w, http:\/\/www.defensoria.gob.ve\/wp-content\/uploads\/2023\/09\/image-300x84.png 300w\" sizes=\"(max-width: 325px) 100vw, 325px\" \/>\t\t\t\t\t\t\t\t<\/a>\n\t\t\t\t\t\t\t\t\t\t\t\t\t\t\t<\/div>\n\t\t\t\t<\/div>\n\t\t\t\t\t<\/div>\n\t\t<\/div>\n\t\t\t\t<div class=\"elementor-column elementor-col-25 elementor-top-column elementor-element elementor-element-b40ec51\" data-id=\"b40ec51\" data-element_type=\"column\" data-e-type=\"column\">\n\t\t\t<div class=\"elementor-widget-wrap\">\n\t\t\t\t\t\t\t<\/div>\n\t\t<\/div>\n\t\t\t\t<div class=\"elementor-column elementor-col-25 elementor-top-column elementor-element elementor-element-7a61893\" data-id=\"7a61893\" data-element_type=\"column\" data-e-type=\"column\">\n\t\t\t<div class=\"elementor-widget-wrap\">\n\t\t\t\t\t\t\t<\/div>\n\t\t<\/div>\n\t\t\t\t\t<\/div>\n\t\t<\/section>\n\t\t\t\t<section class=\"elementor-section elementor-top-section elementor-element elementor-element-0dad044 elementor-section-boxed elementor-section-height-default elementor-section-height-default\" data-id=\"0dad044\" data-element_type=\"section\" data-e-type=\"section\">\n\t\t\t\t\t\t<div class=\"elementor-container elementor-column-gap-default\">\n\t\t\t\t\t<div class=\"elementor-column elementor-col-100 elementor-top-column elementor-element elementor-element-4aa8988\" data-id=\"4aa8988\" data-element_type=\"column\" data-e-type=\"column\">\n\t\t\t<div class=\"elementor-widget-wrap elementor-element-populated\">\n\t\t\t\t\t\t<div class=\"elementor-element elementor-element-f2c598b elementor-widget elementor-widget-text-editor\" data-id=\"f2c598b\" data-element_type=\"widget\" data-e-type=\"widget\" data-widget_type=\"text-editor.default\">\n\t\t\t\t<div class=\"elementor-widget-container\">\n\t\t\t\t\t\t\t\t\t<table>\n<tbody>\n<tr>\n<td>\n<p style=\"text-align: justify;\"><span style=\"font-family: arial, helvetica, sans-serif; font-size: 12pt; color: #000000;\"><strong>Historia<\/strong><\/span><\/p>\n<p style=\"text-align: justify;\"><span style=\"font-family: arial, helvetica, sans-serif; font-size: 12pt; color: #000000;\">La Alianza Global de las Instituciones Nacionales de Derechos Humanos (GANHRI), anteriormente denominada Comit\u00e9 Internacional de Coordinaci\u00f3n de las Instituciones Nacionales para la Promoci\u00f3n y Protecci\u00f3n de los Derechos Humanos (CIC), comenz\u00f3 sus actividades en 1993, momento en que se celebr\u00f3 su primera conferencia internacional, en T\u00fanez, y en la que las INDH establecieron el CIC con el objetivo de coordinar las actividades de las INDH a nivel mundial.<\/span><\/p>\n<\/td>\n<\/tr>\n<tr>\n<td>\n<p style=\"text-align: justify;\"><span style=\"font-family: arial, helvetica, sans-serif; font-size: 12pt; color: #000000;\">La decisi\u00f3n de sustituir el nombre de \u00abComit\u00e9 Internacional de Coordinaci\u00f3n de las Instituciones Nacionales para la Promoci\u00f3n y Protecci\u00f3n de los Derechos Humanos (CIC)\u00bb por el nuevo nombre de \u00abAlianza Global de las Instituciones Nacionales de Derechos Humanos (GANHRI)\u00bb fue adoptada por la Asamblea General celebrada el 22 de marzo de 2016.<\/span><\/p>\n<\/td>\n<\/tr>\n<tr>\n<td>\n<p><span style=\"font-family: arial, helvetica, sans-serif; font-size: 12pt; color: #000000;\"><strong>Definici\u00f3n<\/strong><\/span><\/p>\n<\/td>\n<\/tr>\n<tr>\n<td>\n<p style=\"text-align: justify;\"><span style=\"font-family: arial, helvetica, sans-serif; font-size: 12pt; color: #000000;\">La GANHRI es la asociaci\u00f3n global de INDH que impulsa y fortalece a las INDH para que operen en conformidad con los Principios de Par\u00eds y toma la iniciativa en materia de promoci\u00f3n y protecci\u00f3n de los derechos humanos.<\/span><\/p>\n<\/td>\n<\/tr>\n<tr>\n<td>\n<p><span style=\"font-family: arial, helvetica, sans-serif; font-size: 12pt; color: #000000;\"><strong>Estructura<\/strong><\/span><\/p>\n<\/td>\n<\/tr>\n<tr>\n<td>\n<p style=\"text-align: justify;\"><span style=\"font-family: arial, helvetica, sans-serif; font-size: 12pt; color: #000000;\">La GANHRI estar\u00e1 gestionada por un comit\u00e9 denominado Bur\u00f3 de la GANHRI, integrado por diecis\u00e9is (16) personas, incluyendo al Presidente de la GANHRI y al Secretario de la GANHRI.<\/span><\/p>\n<\/td>\n<\/tr>\n<tr>\n<td>\n<p><span style=\"font-family: arial, helvetica, sans-serif; font-size: 12pt; color: #000000;\"><strong>N\u00famero de miembros que la conforman<\/strong><\/span><\/p>\n<\/td>\n<\/tr>\n<tr>\n<td>\n<p style=\"text-align: justify;\"><span style=\"font-family: arial, helvetica, sans-serif; font-size: 12pt; color: #000000;\">Hasta julio de 2022, la GANHRI est\u00e1 compuesta por 119 miembros: 89 INDH acreditadas con estatus \u201cA\u201d y 30 INDH acreditadas con estatus \u201cB\u201d.<\/span><\/p>\n<\/td>\n<\/tr>\n<tr>\n<td>\n<p><span style=\"font-family: arial, helvetica, sans-serif; font-size: 12pt; color: #000000;\"><strong>Miembros regionales<\/strong><\/span><\/p>\n<\/td>\n<\/tr>\n<tr>\n<td style=\"text-align: justify;\"><span style=\"font-family: arial, helvetica, sans-serif; font-size: 12pt; color: #000000;\">A fin de asegurar una representaci\u00f3n regional equitativa y equilibrada en la GANHRI se determinan las siguientes regiones y, en representaci\u00f3n de ellas, se reconocen las siguientes Redes Regionales: \u2022 Red de Instituciones Nacionales Africanas de Derechos Humanos (NANHRI) \u2022 Red de Instituciones Nacionales de Derechos Humanos del Continente Americano (RINDHCA) \u2022 Foro de Instituciones Nacionales de Derechos Humanos de la Regi\u00f3n de Asia y el Pac\u00edfico (APF) \u2022 Red Europea de Instituciones Nacionales de Derechos Humanos (ENNHRI).<\/span><\/td>\n<\/tr>\n<\/tbody>\n<\/table>\n<p>\u00a0<\/p>\t\t\t\t\t\t\t\t<\/div>\n\t\t\t\t<\/div>\n\t\t\t\t\t<\/div>\n\t\t<\/div>\n\t\t\t\t\t<\/div>\n\t\t<\/section>\n\t\t\t\t<\/div>\n\t\t","protected":false},"excerpt":{"rendered":"<p>Historia La Alianza Global de las Instituciones Nacionales de Derechos Humanos (GANHRI), anteriormente denominada Comit\u00e9 Internacional de Coordinaci\u00f3n de las Instituciones Nacionales para la Promoci\u00f3n y Protecci\u00f3n de los Derechos&hellip; <\/p>\n","protected":false},"author":1,"featured_media":0,"parent":85,"menu_order":0,"comment_status":"closed","ping_status":"closed","template":"","meta":{"footnotes":""},"class_list":["post-100","page","type-page","status-publish","hentry"],"yoast_head":"<!-- This site is optimized with the Yoast SEO plugin v27.2 - https:\/\/yoast.com\/product\/yoast-seo-wordpress\/ -->\n<title>Ganhri -<\/title>\n<meta name=\"robots\" content=\"index, follow, max-snippet:-1, max-image-preview:large, max-video-preview:-1\" \/>\n<link rel=\"canonical\" href=\"http:\/\/www.defensoria.gob.ve\/?page_id=100\" \/>\n<meta property=\"og:locale\" content=\"es_ES\" \/>\n<meta property=\"og:type\" content=\"article\" \/>\n<meta property=\"og:title\" content=\"Ganhri -\" \/>\n<meta property=\"og:description\" content=\"Historia La Alianza Global de las Instituciones Nacionales de Derechos Humanos (GANHRI), anteriormente denominada Comit\u00e9 Internacional de Coordinaci\u00f3n de las Instituciones Nacionales para la Promoci\u00f3n y Protecci\u00f3n de los Derechos&hellip;\" \/>\n<meta property=\"og:url\" content=\"http:\/\/www.defensoria.gob.ve\/?page_id=100\" \/>\n<meta property=\"article:modified_time\" content=\"2024-09-13T16:03:01+00:00\" \/>\n<meta property=\"og:image\" content=\"http:\/\/www.defensoria.gob.ve\/wp-content\/uploads\/2023\/09\/image.png\" \/>\n<meta name=\"twitter:card\" content=\"summary_large_image\" \/>\n<meta name=\"twitter:label1\" content=\"Tiempo estimado de lectura\" \/>\n\t<meta name=\"twitter:data1\" content=\"2 minutos\" \/>\n<script type=\"application\/ld+json\" class=\"yoast-schema-graph\">{\"@context\":\"https:\/\/schema.org\",\"@graph\":[{\"@type\":\"WebPage\",\"@id\":\"http:\/\/www.defensoria.gob.ve\/?page_id=100\",\"url\":\"http:\/\/www.defensoria.gob.ve\/?page_id=100\",\"name\":\"Ganhri -\",\"isPartOf\":{\"@id\":\"http:\/\/www.defensoria.gob.ve\/#website\"},\"primaryImageOfPage\":{\"@id\":\"http:\/\/www.defensoria.gob.ve\/?page_id=100#primaryimage\"},\"image\":{\"@id\":\"http:\/\/www.defensoria.gob.ve\/?page_id=100#primaryimage\"},\"thumbnailUrl\":\"http:\/\/www.defensoria.gob.ve\/wp-content\/uploads\/2023\/09\/image.png\",\"datePublished\":\"2023-09-05T19:09:50+00:00\",\"dateModified\":\"2024-09-13T16:03:01+00:00\",\"breadcrumb\":{\"@id\":\"http:\/\/www.defensoria.gob.ve\/?page_id=100#breadcrumb\"},\"inLanguage\":\"es\",\"potentialAction\":[{\"@type\":\"ReadAction\",\"target\":[\"http:\/\/www.defensoria.gob.ve\/?page_id=100\"]}]},{\"@type\":\"ImageObject\",\"inLanguage\":\"es\",\"@id\":\"http:\/\/www.defensoria.gob.ve\/?page_id=100#primaryimage\",\"url\":\"http:\/\/www.defensoria.gob.ve\/wp-content\/uploads\/2023\/09\/image.png\",\"contentUrl\":\"http:\/\/www.defensoria.gob.ve\/wp-content\/uploads\/2023\/09\/image.png\",\"width\":325,\"height\":91},{\"@type\":\"BreadcrumbList\",\"@id\":\"http:\/\/www.defensoria.gob.ve\/?page_id=100#breadcrumb\",\"itemListElement\":[{\"@type\":\"ListItem\",\"position\":1,\"name\":\"Portada\",\"item\":\"http:\/\/www.defensoria.gob.ve\/\"},{\"@type\":\"ListItem\",\"position\":2,\"name\":\"ASOCIACIONES Y CONVENIOS\",\"item\":\"http:\/\/www.defensoria.gob.ve\/?page_id=85\"},{\"@type\":\"ListItem\",\"position\":3,\"name\":\"Ganhri\"}]},{\"@type\":\"WebSite\",\"@id\":\"http:\/\/www.defensoria.gob.ve\/#website\",\"url\":\"http:\/\/www.defensoria.gob.ve\/\",\"name\":\"\",\"description\":\"Instituci\u00f3n del Poder Ciudadano para la Promoci\u00f3n, Defensa y Vigilancia de los Derechos Humanos. \",\"potentialAction\":[{\"@type\":\"SearchAction\",\"target\":{\"@type\":\"EntryPoint\",\"urlTemplate\":\"http:\/\/www.defensoria.gob.ve\/?s={search_term_string}\"},\"query-input\":{\"@type\":\"PropertyValueSpecification\",\"valueRequired\":true,\"valueName\":\"search_term_string\"}}],\"inLanguage\":\"es\"}]}<\/script>\n<!-- \/ Yoast SEO plugin. -->","yoast_head_json":{"title":"Ganhri -","robots":{"index":"index","follow":"follow","max-snippet":"max-snippet:-1","max-image-preview":"max-image-preview:large","max-video-preview":"max-video-preview:-1"},"canonical":"http:\/\/www.defensoria.gob.ve\/?page_id=100","og_locale":"es_ES","og_type":"article","og_title":"Ganhri -","og_description":"Historia La Alianza Global de las Instituciones Nacionales de Derechos Humanos (GANHRI), anteriormente denominada Comit\u00e9 Internacional de Coordinaci\u00f3n de las Instituciones Nacionales para la Promoci\u00f3n y Protecci\u00f3n de los Derechos&hellip;","og_url":"http:\/\/www.defensoria.gob.ve\/?page_id=100","article_modified_time":"2024-09-13T16:03:01+00:00","og_image":[{"url":"http:\/\/www.defensoria.gob.ve\/wp-content\/uploads\/2023\/09\/image.png","type":"","width":"","height":""}],"twitter_card":"summary_large_image","twitter_misc":{"Tiempo estimado de lectura":"2 minutos"},"schema":{"@context":"https:\/\/schema.org","@graph":[{"@type":"WebPage","@id":"http:\/\/www.defensoria.gob.ve\/?page_id=100","url":"http:\/\/www.defensoria.gob.ve\/?page_id=100","name":"Ganhri -","isPartOf":{"@id":"http:\/\/www.defensoria.gob.ve\/#website"},"primaryImageOfPage":{"@id":"http:\/\/www.defensoria.gob.ve\/?page_id=100#primaryimage"},"image":{"@id":"http:\/\/www.defensoria.gob.ve\/?page_id=100#primaryimage"},"thumbnailUrl":"http:\/\/www.defensoria.gob.ve\/wp-content\/uploads\/2023\/09\/image.png","datePublished":"2023-09-05T19:09:50+00:00","dateModified":"2024-09-13T16:03:01+00:00","breadcrumb":{"@id":"http:\/\/www.defensoria.gob.ve\/?page_id=100#breadcrumb"},"inLanguage":"es","potentialAction":[{"@type":"ReadAction","target":["http:\/\/www.defensoria.gob.ve\/?page_id=100"]}]},{"@type":"ImageObject","inLanguage":"es","@id":"http:\/\/www.defensoria.gob.ve\/?page_id=100#primaryimage","url":"http:\/\/www.defensoria.gob.ve\/wp-content\/uploads\/2023\/09\/image.png","contentUrl":"http:\/\/www.defensoria.gob.ve\/wp-content\/uploads\/2023\/09\/image.png","width":325,"height":91},{"@type":"BreadcrumbList","@id":"http:\/\/www.defensoria.gob.ve\/?page_id=100#breadcrumb","itemListElement":[{"@type":"ListItem","position":1,"name":"Portada","item":"http:\/\/www.defensoria.gob.ve\/"},{"@type":"ListItem","position":2,"name":"ASOCIACIONES Y CONVENIOS","item":"http:\/\/www.defensoria.gob.ve\/?page_id=85"},{"@type":"ListItem","position":3,"name":"Ganhri"}]},{"@type":"WebSite","@id":"http:\/\/www.defensoria.gob.ve\/#website","url":"http:\/\/www.defensoria.gob.ve\/","name":"","description":"Instituci\u00f3n del Poder Ciudadano para la Promoci\u00f3n, Defensa y Vigilancia de los Derechos Humanos. ","potentialAction":[{"@type":"SearchAction","target":{"@type":"EntryPoint","urlTemplate":"http:\/\/www.defensoria.gob.ve\/?s={search_term_string}"},"query-input":{"@type":"PropertyValueSpecification","valueRequired":true,"valueName":"search_term_string"}}],"inLanguage":"es"}]}},"_links":{"self":[{"href":"http:\/\/www.defensoria.gob.ve\/index.php?rest_route=\/wp\/v2\/pages\/100","targetHints":{"allow":["GET"]}}],"collection":[{"href":"http:\/\/www.defensoria.gob.ve\/index.php?rest_route=\/wp\/v2\/pages"}],"about":[{"href":"http:\/\/www.defensoria.gob.ve\/index.php?rest_route=\/wp\/v2\/types\/page"}],"author":[{"embeddable":true,"href":"http:\/\/www.defensoria.gob.ve\/index.php?rest_route=\/wp\/v2\/users\/1"}],"replies":[{"embeddable":true,"href":"http:\/\/www.defensoria.gob.ve\/index.php?rest_route=%2Fwp%2Fv2%2Fcomments&post=100"}],"version-history":[{"count":19,"href":"http:\/\/www.defensoria.gob.ve\/index.php?rest_route=\/wp\/v2\/pages\/100\/revisions"}],"predecessor-version":[{"id":7355,"href":"http:\/\/www.defensoria.gob.ve\/index.php?rest_route=\/wp\/v2\/pages\/100\/revisions\/7355"}],"up":[{"embeddable":true,"href":"http:\/\/www.defensoria.gob.ve\/index.php?rest_route=\/wp\/v2\/pages\/85"}],"wp:attachment":[{"href":"http:\/\/www.defensoria.gob.ve\/index.php?rest_route=%2Fwp%2Fv2%2Fmedia&parent=100"}],"curies":[{"name":"wp","href":"https:\/\/api.w.org\/{rel}","templated":true}]}}