 
{"id":133,"date":"2023-09-05T15:35:03","date_gmt":"2023-09-05T19:35:03","guid":{"rendered":"http:\/\/10.70.220.3\/?page_id=133"},"modified":"2025-03-24T11:54:34","modified_gmt":"2025-03-24T15:54:34","slug":"informes-especiales","status":"publish","type":"page","link":"http:\/\/www.defensoria.gob.ve\/?page_id=133","title":{"rendered":"ESPECIALES"},"content":{"rendered":"\n<figure class=\"wp-block-table\"><table><tbody><tr><td class=\"has-text-align-center\" data-align=\"center\">Informe Especial Derecho de las Mujeres a una vida libre sin Violencia<\/td><td>2025<\/td><td><a href=\"http:\/\/www.defensoria.gob.ve\/wp-content\/uploads\/2025\/03\/Informe-Especial-Derecho-de-las-Mujeres-a-una-vida-libre-sin-Violencia.pdf\" target=\"_blank\" rel=\"noreferrer noopener\"><img decoding=\"async\" width=\"150\" height=\"150\" class=\"wp-image-59\" style=\"width: 150px;\" src=\"http:\/\/www.defensoria.gob.ve\/wp-content\/uploads\/2023\/09\/images-6.png\" alt=\"\" srcset=\"http:\/\/www.defensoria.gob.ve\/wp-content\/uploads\/2023\/09\/images-6.png 225w, http:\/\/www.defensoria.gob.ve\/wp-content\/uploads\/2023\/09\/images-6-150x150.png 150w\" sizes=\"(max-width: 150px) 100vw, 150px\" \/><\/a><\/td><\/tr><tr><td class=\"has-text-align-center\" data-align=\"center\">Informe de la Defensor\u00eda del Pueblo de la Rep\u00fablica Bolivariana de Venezuela&nbsp;al Comit\u00e9 para la Eliminaci\u00f3n de la Discriminaci\u00f3n contra la Mujer (CEDAW)<\/td><td>2023<\/td><td><a href=\"http:\/\/www.defensoria.gob.ve\/wp-content\/uploads\/2023\/09\/2-Informe-Abril-2023-Sobre-la-aplicacion-de-CEDAW-DDp-FECHA-110523-definitivo.pdf\" target=\"_blank\" rel=\"noreferrer noopener\"><img decoding=\"async\" width=\"150\" height=\"150\" class=\"wp-image-59\" style=\"width: 150px;\" src=\"http:\/\/www.defensoria.gob.ve\/wp-content\/uploads\/2023\/09\/images-6.png\" alt=\"\" srcset=\"http:\/\/www.defensoria.gob.ve\/wp-content\/uploads\/2023\/09\/images-6.png 225w, http:\/\/www.defensoria.gob.ve\/wp-content\/uploads\/2023\/09\/images-6-150x150.png 150w\" sizes=\"(max-width: 150px) 100vw, 150px\" \/><\/a><a href=\"http:\/\/localhost\/INFORMATICA\/wp-content\/uploads\/2023\/08\/2-Informe-Abril-2023-Sobre-la-aplicacion-de-CEDAW-DDp-FECHA-110523-definitivo.pdf\"><\/a><\/td><\/tr><tr><td class=\"has-text-align-center\" data-align=\"center\">Alcance al Informe de la Defensor\u00eda del Pueblo de la Rep\u00fablica Bolivariana de Venezuela sobre la implementaci\u00f3n de la Convenci\u00f3n&nbsp;<br>(CEDAW)<\/td><td>2022<\/td><td><a href=\"http:\/\/www.defensoria.gob.ve\/wp-content\/uploads\/2023\/09\/ALCANCE-AL-INFORME-DdP-EN-Respuesta-CEDAW-JULIO-2022-APROBADO-R-DP-FECHA-110523.pdf\" data-type=\"link\" data-id=\"http:\/\/www.defensoria.gob.ve\/wp-content\/uploads\/2023\/09\/ALCANCE-AL-INFORME-DdP-EN-Respuesta-CEDAW-JULIO-2022-APROBADO-R-DP-FECHA-110523.pdf\"><img decoding=\"async\" width=\"150\" height=\"150\" class=\"wp-image-59\" style=\"width: 150px;\" src=\"http:\/\/www.defensoria.gob.ve\/wp-content\/uploads\/2023\/09\/images-6.png\" alt=\"\" srcset=\"http:\/\/www.defensoria.gob.ve\/wp-content\/uploads\/2023\/09\/images-6.png 225w, http:\/\/www.defensoria.gob.ve\/wp-content\/uploads\/2023\/09\/images-6-150x150.png 150w\" sizes=\"(max-width: 150px) 100vw, 150px\" \/><\/a><\/td><\/tr><tr><td class=\"has-text-align-center\" data-align=\"center\">EN DEFENSA DE LA PAZ<br>Y POR LA VERDAD (Informe sobre Sucesos Abril-Julio)<\/td><td>2017<\/td><td><a href=\"http:\/\/www.defensoria.gob.ve\/wp-content\/uploads\/2023\/09\/Informe_Protestas_Abril_Julio_2017_170707_DEF.pdf\" target=\"_blank\" rel=\"noreferrer noopener\"><img decoding=\"async\" width=\"150\" height=\"150\" class=\"wp-image-59\" style=\"width: 150px;\" src=\"http:\/\/www.defensoria.gob.ve\/wp-content\/uploads\/2023\/09\/images-6.png\" alt=\"\" srcset=\"http:\/\/www.defensoria.gob.ve\/wp-content\/uploads\/2023\/09\/images-6.png 225w, http:\/\/www.defensoria.gob.ve\/wp-content\/uploads\/2023\/09\/images-6-150x150.png 150w\" sizes=\"(max-width: 150px) 100vw, 150px\" \/><\/a><a href=\"http:\/\/localhost\/INFORMATICA\/wp-content\/uploads\/2023\/08\/Informe_Protestas_Abril_Julio_2017_170707_DEF.pdf\"><\/a><\/td><\/tr><\/tbody><\/table><\/figure>\n","protected":false},"excerpt":{"rendered":"<p>Informe Especial Derecho de las Mujeres a una vida libre sin Violencia 2025 Informe de la Defensor\u00eda del Pueblo de la Rep\u00fablica Bolivariana de Venezuela&nbsp;al Comit\u00e9 para la Eliminaci\u00f3n de&hellip; <\/p>\n","protected":false},"author":1,"featured_media":0,"parent":131,"menu_order":0,"comment_status":"closed","ping_status":"closed","template":"","meta":{"footnotes":""},"class_list":["post-133","page","type-page","status-publish","hentry"],"yoast_head":"<!-- This site is optimized with the Yoast SEO plugin v27.2 - https:\/\/yoast.com\/product\/yoast-seo-wordpress\/ -->\n<title>ESPECIALES -<\/title>\n<meta name=\"robots\" content=\"index, follow, max-snippet:-1, max-image-preview:large, max-video-preview:-1\" \/>\n<link rel=\"canonical\" href=\"http:\/\/www.defensoria.gob.ve\/?page_id=133\" \/>\n<meta property=\"og:locale\" content=\"es_ES\" \/>\n<meta property=\"og:type\" content=\"article\" \/>\n<meta property=\"og:title\" content=\"ESPECIALES -\" \/>\n<meta property=\"og:description\" content=\"Informe Especial Derecho de las Mujeres a una vida libre sin Violencia 2025 Informe de la Defensor\u00eda del Pueblo de la Rep\u00fablica Bolivariana de Venezuela&nbsp;al Comit\u00e9 para la Eliminaci\u00f3n de&hellip;\" \/>\n<meta property=\"og:url\" content=\"http:\/\/www.defensoria.gob.ve\/?page_id=133\" \/>\n<meta property=\"article:modified_time\" content=\"2025-03-24T15:54:34+00:00\" \/>\n<meta property=\"og:image\" content=\"http:\/\/www.defensoria.gob.ve\/wp-content\/uploads\/2023\/09\/images-6.png\" \/>\n<meta name=\"twitter:card\" content=\"summary_large_image\" \/>\n<meta name=\"twitter:label1\" content=\"Tiempo estimado de lectura\" \/>\n\t<meta name=\"twitter:data1\" content=\"2 minutos\" \/>\n<script type=\"application\/ld+json\" class=\"yoast-schema-graph\">{\"@context\":\"https:\/\/schema.org\",\"@graph\":[{\"@type\":\"WebPage\",\"@id\":\"http:\/\/www.defensoria.gob.ve\/?page_id=133\",\"url\":\"http:\/\/www.defensoria.gob.ve\/?page_id=133\",\"name\":\"ESPECIALES -\",\"isPartOf\":{\"@id\":\"http:\/\/www.defensoria.gob.ve\/#website\"},\"primaryImageOfPage\":{\"@id\":\"http:\/\/www.defensoria.gob.ve\/?page_id=133#primaryimage\"},\"image\":{\"@id\":\"http:\/\/www.defensoria.gob.ve\/?page_id=133#primaryimage\"},\"thumbnailUrl\":\"http:\/\/www.defensoria.gob.ve\/wp-content\/uploads\/2023\/09\/images-6.png\",\"datePublished\":\"2023-09-05T19:35:03+00:00\",\"dateModified\":\"2025-03-24T15:54:34+00:00\",\"breadcrumb\":{\"@id\":\"http:\/\/www.defensoria.gob.ve\/?page_id=133#breadcrumb\"},\"inLanguage\":\"es\",\"potentialAction\":[{\"@type\":\"ReadAction\",\"target\":[\"http:\/\/www.defensoria.gob.ve\/?page_id=133\"]}]},{\"@type\":\"ImageObject\",\"inLanguage\":\"es\",\"@id\":\"http:\/\/www.defensoria.gob.ve\/?page_id=133#primaryimage\",\"url\":\"http:\/\/www.defensoria.gob.ve\/wp-content\/uploads\/2023\/09\/images-6.png\",\"contentUrl\":\"http:\/\/www.defensoria.gob.ve\/wp-content\/uploads\/2023\/09\/images-6.png\",\"width\":225,\"height\":225},{\"@type\":\"BreadcrumbList\",\"@id\":\"http:\/\/www.defensoria.gob.ve\/?page_id=133#breadcrumb\",\"itemListElement\":[{\"@type\":\"ListItem\",\"position\":1,\"name\":\"Portada\",\"item\":\"http:\/\/www.defensoria.gob.ve\/\"},{\"@type\":\"ListItem\",\"position\":2,\"name\":\"ZONA INFORMATIVA\",\"item\":\"http:\/\/www.defensoria.gob.ve\/?page_id=115\"},{\"@type\":\"ListItem\",\"position\":3,\"name\":\"INFORMES\",\"item\":\"http:\/\/www.defensoria.gob.ve\/?page_id=131\"},{\"@type\":\"ListItem\",\"position\":4,\"name\":\"ESPECIALES\"}]},{\"@type\":\"WebSite\",\"@id\":\"http:\/\/www.defensoria.gob.ve\/#website\",\"url\":\"http:\/\/www.defensoria.gob.ve\/\",\"name\":\"\",\"description\":\"Instituci\u00f3n del Poder Ciudadano para la Promoci\u00f3n, Defensa y Vigilancia de los Derechos Humanos. \",\"potentialAction\":[{\"@type\":\"SearchAction\",\"target\":{\"@type\":\"EntryPoint\",\"urlTemplate\":\"http:\/\/www.defensoria.gob.ve\/?s={search_term_string}\"},\"query-input\":{\"@type\":\"PropertyValueSpecification\",\"valueRequired\":true,\"valueName\":\"search_term_string\"}}],\"inLanguage\":\"es\"}]}<\/script>\n<!-- \/ Yoast SEO plugin. -->","yoast_head_json":{"title":"ESPECIALES -","robots":{"index":"index","follow":"follow","max-snippet":"max-snippet:-1","max-image-preview":"max-image-preview:large","max-video-preview":"max-video-preview:-1"},"canonical":"http:\/\/www.defensoria.gob.ve\/?page_id=133","og_locale":"es_ES","og_type":"article","og_title":"ESPECIALES -","og_description":"Informe Especial Derecho de las Mujeres a una vida libre sin Violencia 2025 Informe de la Defensor\u00eda del Pueblo de la Rep\u00fablica Bolivariana de Venezuela&nbsp;al Comit\u00e9 para la Eliminaci\u00f3n de&hellip;","og_url":"http:\/\/www.defensoria.gob.ve\/?page_id=133","article_modified_time":"2025-03-24T15:54:34+00:00","og_image":[{"url":"http:\/\/www.defensoria.gob.ve\/wp-content\/uploads\/2023\/09\/images-6.png","type":"","width":"","height":""}],"twitter_card":"summary_large_image","twitter_misc":{"Tiempo estimado de lectura":"2 minutos"},"schema":{"@context":"https:\/\/schema.org","@graph":[{"@type":"WebPage","@id":"http:\/\/www.defensoria.gob.ve\/?page_id=133","url":"http:\/\/www.defensoria.gob.ve\/?page_id=133","name":"ESPECIALES -","isPartOf":{"@id":"http:\/\/www.defensoria.gob.ve\/#website"},"primaryImageOfPage":{"@id":"http:\/\/www.defensoria.gob.ve\/?page_id=133#primaryimage"},"image":{"@id":"http:\/\/www.defensoria.gob.ve\/?page_id=133#primaryimage"},"thumbnailUrl":"http:\/\/www.defensoria.gob.ve\/wp-content\/uploads\/2023\/09\/images-6.png","datePublished":"2023-09-05T19:35:03+00:00","dateModified":"2025-03-24T15:54:34+00:00","breadcrumb":{"@id":"http:\/\/www.defensoria.gob.ve\/?page_id=133#breadcrumb"},"inLanguage":"es","potentialAction":[{"@type":"ReadAction","target":["http:\/\/www.defensoria.gob.ve\/?page_id=133"]}]},{"@type":"ImageObject","inLanguage":"es","@id":"http:\/\/www.defensoria.gob.ve\/?page_id=133#primaryimage","url":"http:\/\/www.defensoria.gob.ve\/wp-content\/uploads\/2023\/09\/images-6.png","contentUrl":"http:\/\/www.defensoria.gob.ve\/wp-content\/uploads\/2023\/09\/images-6.png","width":225,"height":225},{"@type":"BreadcrumbList","@id":"http:\/\/www.defensoria.gob.ve\/?page_id=133#breadcrumb","itemListElement":[{"@type":"ListItem","position":1,"name":"Portada","item":"http:\/\/www.defensoria.gob.ve\/"},{"@type":"ListItem","position":2,"name":"ZONA INFORMATIVA","item":"http:\/\/www.defensoria.gob.ve\/?page_id=115"},{"@type":"ListItem","position":3,"name":"INFORMES","item":"http:\/\/www.defensoria.gob.ve\/?page_id=131"},{"@type":"ListItem","position":4,"name":"ESPECIALES"}]},{"@type":"WebSite","@id":"http:\/\/www.defensoria.gob.ve\/#website","url":"http:\/\/www.defensoria.gob.ve\/","name":"","description":"Instituci\u00f3n del Poder Ciudadano para la Promoci\u00f3n, Defensa y Vigilancia de los Derechos Humanos. ","potentialAction":[{"@type":"SearchAction","target":{"@type":"EntryPoint","urlTemplate":"http:\/\/www.defensoria.gob.ve\/?s={search_term_string}"},"query-input":{"@type":"PropertyValueSpecification","valueRequired":true,"valueName":"search_term_string"}}],"inLanguage":"es"}]}},"_links":{"self":[{"href":"http:\/\/www.defensoria.gob.ve\/index.php?rest_route=\/wp\/v2\/pages\/133","targetHints":{"allow":["GET"]}}],"collection":[{"href":"http:\/\/www.defensoria.gob.ve\/index.php?rest_route=\/wp\/v2\/pages"}],"about":[{"href":"http:\/\/www.defensoria.gob.ve\/index.php?rest_route=\/wp\/v2\/types\/page"}],"author":[{"embeddable":true,"href":"http:\/\/www.defensoria.gob.ve\/index.php?rest_route=\/wp\/v2\/users\/1"}],"replies":[{"embeddable":true,"href":"http:\/\/www.defensoria.gob.ve\/index.php?rest_route=%2Fwp%2Fv2%2Fcomments&post=133"}],"version-history":[{"count":13,"href":"http:\/\/www.defensoria.gob.ve\/index.php?rest_route=\/wp\/v2\/pages\/133\/revisions"}],"predecessor-version":[{"id":11390,"href":"http:\/\/www.defensoria.gob.ve\/index.php?rest_route=\/wp\/v2\/pages\/133\/revisions\/11390"}],"up":[{"embeddable":true,"href":"http:\/\/www.defensoria.gob.ve\/index.php?rest_route=\/wp\/v2\/pages\/131"}],"wp:attachment":[{"href":"http:\/\/www.defensoria.gob.ve\/index.php?rest_route=%2Fwp%2Fv2%2Fmedia&parent=133"}],"curies":[{"name":"wp","href":"https:\/\/api.w.org\/{rel}","templated":true}]}}