 
{"id":1334,"date":"2023-09-18T14:22:42","date_gmt":"2023-09-18T18:22:42","guid":{"rendered":"http:\/\/www.defensoria.gob.ve\/?page_id=1334"},"modified":"2026-01-28T11:57:30","modified_gmt":"2026-01-28T15:57:30","slug":"defensoria-municipal-fernando-penalver","status":"publish","type":"page","link":"http:\/\/www.defensoria.gob.ve\/?page_id=1334","title":{"rendered":"DEFENSOR\u00cdA MUNICIPAL- FERNANDO PE\u00d1ALVER"},"content":{"rendered":"\t\t<div data-elementor-type=\"wp-page\" data-elementor-id=\"1334\" class=\"elementor elementor-1334\">\n\t\t\t\t\t\t<section class=\"elementor-section elementor-top-section elementor-element elementor-element-3453895 elementor-section-boxed elementor-section-height-default elementor-section-height-default\" data-id=\"3453895\" data-element_type=\"section\" data-e-type=\"section\">\n\t\t\t\t\t\t<div class=\"elementor-container elementor-column-gap-default\">\n\t\t\t\t\t<div class=\"elementor-column elementor-col-100 elementor-top-column elementor-element elementor-element-bd9d39f\" data-id=\"bd9d39f\" data-element_type=\"column\" data-e-type=\"column\">\n\t\t\t<div class=\"elementor-widget-wrap elementor-element-populated\">\n\t\t\t\t\t\t<div class=\"elementor-element elementor-element-fa0dae3 elementor-widget elementor-widget-heading\" data-id=\"fa0dae3\" data-element_type=\"widget\" data-e-type=\"widget\" data-widget_type=\"heading.default\">\n\t\t\t\t<div class=\"elementor-widget-container\">\n\t\t\t\t\t<h3 class=\"elementor-heading-title elementor-size-default\">DEFENSOR\u00cdA MUNICIPAL - FERNANDO PE\u00d1ALVER<\/h3>\t\t\t\t<\/div>\n\t\t\t\t<\/div>\n\t\t\t\t\t<\/div>\n\t\t<\/div>\n\t\t\t\t\t<\/div>\n\t\t<\/section>\n\t\t\t\t<section class=\"elementor-section elementor-top-section elementor-element elementor-element-0c6a469 elementor-section-boxed elementor-section-height-default elementor-section-height-default\" data-id=\"0c6a469\" data-element_type=\"section\" data-e-type=\"section\">\n\t\t\t\t\t\t<div class=\"elementor-container elementor-column-gap-default\">\n\t\t\t\t\t<div class=\"elementor-column elementor-col-100 elementor-top-column elementor-element elementor-element-3b74189\" data-id=\"3b74189\" data-element_type=\"column\" data-e-type=\"column\">\n\t\t\t<div class=\"elementor-widget-wrap elementor-element-populated\">\n\t\t\t\t\t\t<div class=\"elementor-element elementor-element-b8b8fca elementor-widget elementor-widget-image\" data-id=\"b8b8fca\" data-element_type=\"widget\" data-e-type=\"widget\" data-widget_type=\"image.default\">\n\t\t\t\t<div class=\"elementor-widget-container\">\n\t\t\t\t\t\t\t\t\t\t\t\t\t\t\t<img fetchpriority=\"high\" decoding=\"async\" width=\"808\" height=\"124\" src=\"http:\/\/www.defensoria.gob.ve\/wp-content\/uploads\/2023\/09\/directel.png\" class=\"attachment-large size-large wp-image-635\" alt=\"\" srcset=\"http:\/\/www.defensoria.gob.ve\/wp-content\/uploads\/2023\/09\/directel.png 808w, http:\/\/www.defensoria.gob.ve\/wp-content\/uploads\/2023\/09\/directel-300x46.png 300w, http:\/\/www.defensoria.gob.ve\/wp-content\/uploads\/2023\/09\/directel-768x118.png 768w\" sizes=\"(max-width: 808px) 100vw, 808px\" \/>\t\t\t\t\t\t\t\t\t\t\t\t\t\t\t<\/div>\n\t\t\t\t<\/div>\n\t\t\t\t\t<\/div>\n\t\t<\/div>\n\t\t\t\t\t<\/div>\n\t\t<\/section>\n\t\t\t\t<section class=\"elementor-section elementor-top-section elementor-element elementor-element-f368650 elementor-section-boxed elementor-section-height-default elementor-section-height-default\" data-id=\"f368650\" data-element_type=\"section\" data-e-type=\"section\">\n\t\t\t\t\t\t<div class=\"elementor-container elementor-column-gap-default\">\n\t\t\t\t\t<div class=\"elementor-column elementor-col-100 elementor-top-column elementor-element elementor-element-456cc9c\" data-id=\"456cc9c\" data-element_type=\"column\" data-e-type=\"column\">\n\t\t\t<div class=\"elementor-widget-wrap elementor-element-populated\">\n\t\t\t\t\t\t<div class=\"elementor-element elementor-element-10aaf5b elementor-widget elementor-widget-text-editor\" data-id=\"10aaf5b\" data-element_type=\"widget\" data-e-type=\"widget\" data-widget_type=\"text-editor.default\">\n\t\t\t\t<div class=\"elementor-widget-container\">\n\t\t\t\t\t\t\t\t\t<p><strong>Defensor Delegado:\u00a0<\/strong>Rafael Vega.<\/p><p><strong>Direcci\u00f3n:<\/strong>\u00a0Boulevard Fernando Padilla. Sector El Mercado, al lado del CICPC. Puerto P\u00edritu.\u00a0<\/p><p><strong>Tel\u00e9fono:<\/strong>\u00a00412-486.95.35<\/p><p><b>Correo\u00a0<\/b><b>Electr\u00f3nico<\/b><b>:\u00a0 \u00a0 \u00a0 \u00a0 \u00a0 \u00a0 \u00a0 \u00a0 \u00a0 \u00a0 \u00a0 \u00a0 \u00a0 \u00a0 \u00a0 \u00a0 \u00a0 \u00a0 \u00a0 \u00a0 \u00a0 \u00a0 \u00a0 \u00a0 \u00a0 \u00a0 \u00a0<\/b><a style=\"font-family: Roboto; font-size: 16pt; background-color: #ffffff;\" href=\"mailto:ddppuertopiritu@gmail.com\">ddppuertopiritu@gmail.com<\/a>\u00a0<b>\/\u00a0<\/b><span style=\"color: #3886b8; font-family: Arial, sans-serif; font-size: 16pt;\">dm-fernandopenalver@defensoria.gob.ve<\/span><\/p>\t\t\t\t\t\t\t\t<\/div>\n\t\t\t\t<\/div>\n\t\t\t\t\t<\/div>\n\t\t<\/div>\n\t\t\t\t\t<\/div>\n\t\t<\/section>\n\t\t\t\t<section class=\"elementor-section elementor-top-section elementor-element elementor-element-0c7f130 elementor-section-boxed elementor-section-height-default elementor-section-height-default\" data-id=\"0c7f130\" data-element_type=\"section\" data-e-type=\"section\">\n\t\t\t\t\t\t<div class=\"elementor-container elementor-column-gap-default\">\n\t\t\t\t\t<div class=\"elementor-column elementor-col-100 elementor-top-column elementor-element elementor-element-8c372ff\" data-id=\"8c372ff\" data-element_type=\"column\" data-e-type=\"column\">\n\t\t\t<div class=\"elementor-widget-wrap elementor-element-populated\">\n\t\t\t\t\t\t<div class=\"elementor-element elementor-element-27a2a0f elementor-widget elementor-widget-google_maps\" data-id=\"27a2a0f\" data-element_type=\"widget\" data-e-type=\"widget\" data-widget_type=\"google_maps.default\">\n\t\t\t\t<div class=\"elementor-widget-container\">\n\t\t\t\t\t\t\t<div class=\"elementor-custom-embed\">\n\t\t\t<iframe loading=\"lazy\"\n\t\t\t\t\tsrc=\"https:\/\/maps.google.com\/maps?q=10%C2%B003%2756.9%22N%2065%C2%B002%2745.1%22W&#038;t=m&#038;z=17&#038;output=embed&#038;iwloc=near\"\n\t\t\t\t\ttitle=\"10\u00b003&#039;56.9&quot;N 65\u00b002&#039;45.1&quot;W\"\n\t\t\t\t\taria-label=\"10\u00b003&#039;56.9&quot;N 65\u00b002&#039;45.1&quot;W\"\n\t\t\t><\/iframe>\n\t\t<\/div>\n\t\t\t\t\t\t<\/div>\n\t\t\t\t<\/div>\n\t\t\t\t\t<\/div>\n\t\t<\/div>\n\t\t\t\t\t<\/div>\n\t\t<\/section>\n\t\t\t\t<\/div>\n\t\t","protected":false},"excerpt":{"rendered":"<p>DEFENSOR\u00cdA MUNICIPAL &#8211; FERNANDO PE\u00d1ALVER Defensor Delegado:\u00a0Rafael Vega. Direcci\u00f3n:\u00a0Boulevard Fernando Padilla. Sector El Mercado, al lado del CICPC. Puerto P\u00edritu.\u00a0 Tel\u00e9fono:\u00a00412-486.95.35 Correo\u00a0Electr\u00f3nico:\u00a0 \u00a0 \u00a0 \u00a0 \u00a0 \u00a0 \u00a0 \u00a0 \u00a0&hellip; <\/p>\n","protected":false},"author":9,"featured_media":0,"parent":1285,"menu_order":0,"comment_status":"closed","ping_status":"closed","template":"","meta":{"footnotes":""},"class_list":["post-1334","page","type-page","status-publish","hentry"],"yoast_head":"<!-- This site is optimized with the Yoast SEO plugin v27.2 - https:\/\/yoast.com\/product\/yoast-seo-wordpress\/ -->\n<title>DEFENSOR\u00cdA MUNICIPAL- FERNANDO PE\u00d1ALVER -<\/title>\n<meta name=\"robots\" content=\"index, follow, max-snippet:-1, max-image-preview:large, max-video-preview:-1\" \/>\n<link rel=\"canonical\" href=\"http:\/\/www.defensoria.gob.ve\/?page_id=1334\" \/>\n<meta property=\"og:locale\" content=\"es_ES\" \/>\n<meta property=\"og:type\" content=\"article\" \/>\n<meta property=\"og:title\" content=\"DEFENSOR\u00cdA MUNICIPAL- FERNANDO PE\u00d1ALVER -\" \/>\n<meta property=\"og:description\" content=\"DEFENSOR\u00cdA MUNICIPAL &#8211; FERNANDO PE\u00d1ALVER Defensor Delegado:\u00a0Rafael Vega. Direcci\u00f3n:\u00a0Boulevard Fernando Padilla. Sector El Mercado, al lado del CICPC. Puerto P\u00edritu.\u00a0 Tel\u00e9fono:\u00a00412-486.95.35 Correo\u00a0Electr\u00f3nico:\u00a0 \u00a0 \u00a0 \u00a0 \u00a0 \u00a0 \u00a0 \u00a0 \u00a0&hellip;\" \/>\n<meta property=\"og:url\" content=\"http:\/\/www.defensoria.gob.ve\/?page_id=1334\" \/>\n<meta property=\"article:modified_time\" content=\"2026-01-28T15:57:30+00:00\" \/>\n<meta property=\"og:image\" content=\"http:\/\/www.defensoria.gob.ve\/wp-content\/uploads\/2023\/09\/directel.png\" \/>\n<meta name=\"twitter:card\" content=\"summary_large_image\" \/>\n<meta name=\"twitter:label1\" content=\"Tiempo estimado de lectura\" \/>\n\t<meta name=\"twitter:data1\" content=\"1 minuto\" \/>\n<script type=\"application\/ld+json\" class=\"yoast-schema-graph\">{\"@context\":\"https:\/\/schema.org\",\"@graph\":[{\"@type\":\"WebPage\",\"@id\":\"http:\/\/www.defensoria.gob.ve\/?page_id=1334\",\"url\":\"http:\/\/www.defensoria.gob.ve\/?page_id=1334\",\"name\":\"DEFENSOR\u00cdA MUNICIPAL- FERNANDO PE\u00d1ALVER -\",\"isPartOf\":{\"@id\":\"http:\/\/www.defensoria.gob.ve\/#website\"},\"primaryImageOfPage\":{\"@id\":\"http:\/\/www.defensoria.gob.ve\/?page_id=1334#primaryimage\"},\"image\":{\"@id\":\"http:\/\/www.defensoria.gob.ve\/?page_id=1334#primaryimage\"},\"thumbnailUrl\":\"http:\/\/www.defensoria.gob.ve\/wp-content\/uploads\/2023\/09\/directel.png\",\"datePublished\":\"2023-09-18T18:22:42+00:00\",\"dateModified\":\"2026-01-28T15:57:30+00:00\",\"breadcrumb\":{\"@id\":\"http:\/\/www.defensoria.gob.ve\/?page_id=1334#breadcrumb\"},\"inLanguage\":\"es\",\"potentialAction\":[{\"@type\":\"ReadAction\",\"target\":[\"http:\/\/www.defensoria.gob.ve\/?page_id=1334\"]}]},{\"@type\":\"ImageObject\",\"inLanguage\":\"es\",\"@id\":\"http:\/\/www.defensoria.gob.ve\/?page_id=1334#primaryimage\",\"url\":\"http:\/\/www.defensoria.gob.ve\/wp-content\/uploads\/2023\/09\/directel.png\",\"contentUrl\":\"http:\/\/www.defensoria.gob.ve\/wp-content\/uploads\/2023\/09\/directel.png\",\"width\":808,\"height\":124},{\"@type\":\"BreadcrumbList\",\"@id\":\"http:\/\/www.defensoria.gob.ve\/?page_id=1334#breadcrumb\",\"itemListElement\":[{\"@type\":\"ListItem\",\"position\":1,\"name\":\"Portada\",\"item\":\"http:\/\/www.defensoria.gob.ve\/\"},{\"@type\":\"ListItem\",\"position\":2,\"name\":\"CONTACTANOS\",\"item\":\"http:\/\/www.defensoria.gob.ve\/?page_id=83\"},{\"@type\":\"ListItem\",\"position\":3,\"name\":\"SEDES REGIONALES\",\"item\":\"http:\/\/www.defensoria.gob.ve\/?page_id=196\"},{\"@type\":\"ListItem\",\"position\":4,\"name\":\"ORIENTAL\",\"item\":\"http:\/\/www.defensoria.gob.ve\/?page_id=219\"},{\"@type\":\"ListItem\",\"position\":5,\"name\":\"DEFENSOR\u00cdA DELEGADA ANZO\u00c1TEGUI\",\"item\":\"http:\/\/www.defensoria.gob.ve\/?page_id=1285\"},{\"@type\":\"ListItem\",\"position\":6,\"name\":\"DEFENSOR\u00cdA MUNICIPAL- FERNANDO PE\u00d1ALVER\"}]},{\"@type\":\"WebSite\",\"@id\":\"http:\/\/www.defensoria.gob.ve\/#website\",\"url\":\"http:\/\/www.defensoria.gob.ve\/\",\"name\":\"\",\"description\":\"Instituci\u00f3n del Poder Ciudadano para la Promoci\u00f3n, Defensa y Vigilancia de los Derechos Humanos. \",\"potentialAction\":[{\"@type\":\"SearchAction\",\"target\":{\"@type\":\"EntryPoint\",\"urlTemplate\":\"http:\/\/www.defensoria.gob.ve\/?s={search_term_string}\"},\"query-input\":{\"@type\":\"PropertyValueSpecification\",\"valueRequired\":true,\"valueName\":\"search_term_string\"}}],\"inLanguage\":\"es\"}]}<\/script>\n<!-- \/ Yoast SEO plugin. -->","yoast_head_json":{"title":"DEFENSOR\u00cdA MUNICIPAL- FERNANDO PE\u00d1ALVER -","robots":{"index":"index","follow":"follow","max-snippet":"max-snippet:-1","max-image-preview":"max-image-preview:large","max-video-preview":"max-video-preview:-1"},"canonical":"http:\/\/www.defensoria.gob.ve\/?page_id=1334","og_locale":"es_ES","og_type":"article","og_title":"DEFENSOR\u00cdA MUNICIPAL- FERNANDO PE\u00d1ALVER -","og_description":"DEFENSOR\u00cdA MUNICIPAL &#8211; FERNANDO PE\u00d1ALVER Defensor Delegado:\u00a0Rafael Vega. Direcci\u00f3n:\u00a0Boulevard Fernando Padilla. Sector El Mercado, al lado del CICPC. Puerto P\u00edritu.\u00a0 Tel\u00e9fono:\u00a00412-486.95.35 Correo\u00a0Electr\u00f3nico:\u00a0 \u00a0 \u00a0 \u00a0 \u00a0 \u00a0 \u00a0 \u00a0 \u00a0&hellip;","og_url":"http:\/\/www.defensoria.gob.ve\/?page_id=1334","article_modified_time":"2026-01-28T15:57:30+00:00","og_image":[{"url":"http:\/\/www.defensoria.gob.ve\/wp-content\/uploads\/2023\/09\/directel.png","type":"","width":"","height":""}],"twitter_card":"summary_large_image","twitter_misc":{"Tiempo estimado de lectura":"1 minuto"},"schema":{"@context":"https:\/\/schema.org","@graph":[{"@type":"WebPage","@id":"http:\/\/www.defensoria.gob.ve\/?page_id=1334","url":"http:\/\/www.defensoria.gob.ve\/?page_id=1334","name":"DEFENSOR\u00cdA MUNICIPAL- FERNANDO PE\u00d1ALVER -","isPartOf":{"@id":"http:\/\/www.defensoria.gob.ve\/#website"},"primaryImageOfPage":{"@id":"http:\/\/www.defensoria.gob.ve\/?page_id=1334#primaryimage"},"image":{"@id":"http:\/\/www.defensoria.gob.ve\/?page_id=1334#primaryimage"},"thumbnailUrl":"http:\/\/www.defensoria.gob.ve\/wp-content\/uploads\/2023\/09\/directel.png","datePublished":"2023-09-18T18:22:42+00:00","dateModified":"2026-01-28T15:57:30+00:00","breadcrumb":{"@id":"http:\/\/www.defensoria.gob.ve\/?page_id=1334#breadcrumb"},"inLanguage":"es","potentialAction":[{"@type":"ReadAction","target":["http:\/\/www.defensoria.gob.ve\/?page_id=1334"]}]},{"@type":"ImageObject","inLanguage":"es","@id":"http:\/\/www.defensoria.gob.ve\/?page_id=1334#primaryimage","url":"http:\/\/www.defensoria.gob.ve\/wp-content\/uploads\/2023\/09\/directel.png","contentUrl":"http:\/\/www.defensoria.gob.ve\/wp-content\/uploads\/2023\/09\/directel.png","width":808,"height":124},{"@type":"BreadcrumbList","@id":"http:\/\/www.defensoria.gob.ve\/?page_id=1334#breadcrumb","itemListElement":[{"@type":"ListItem","position":1,"name":"Portada","item":"http:\/\/www.defensoria.gob.ve\/"},{"@type":"ListItem","position":2,"name":"CONTACTANOS","item":"http:\/\/www.defensoria.gob.ve\/?page_id=83"},{"@type":"ListItem","position":3,"name":"SEDES REGIONALES","item":"http:\/\/www.defensoria.gob.ve\/?page_id=196"},{"@type":"ListItem","position":4,"name":"ORIENTAL","item":"http:\/\/www.defensoria.gob.ve\/?page_id=219"},{"@type":"ListItem","position":5,"name":"DEFENSOR\u00cdA DELEGADA ANZO\u00c1TEGUI","item":"http:\/\/www.defensoria.gob.ve\/?page_id=1285"},{"@type":"ListItem","position":6,"name":"DEFENSOR\u00cdA MUNICIPAL- FERNANDO PE\u00d1ALVER"}]},{"@type":"WebSite","@id":"http:\/\/www.defensoria.gob.ve\/#website","url":"http:\/\/www.defensoria.gob.ve\/","name":"","description":"Instituci\u00f3n del Poder Ciudadano para la Promoci\u00f3n, Defensa y Vigilancia de los Derechos Humanos. ","potentialAction":[{"@type":"SearchAction","target":{"@type":"EntryPoint","urlTemplate":"http:\/\/www.defensoria.gob.ve\/?s={search_term_string}"},"query-input":{"@type":"PropertyValueSpecification","valueRequired":true,"valueName":"search_term_string"}}],"inLanguage":"es"}]}},"_links":{"self":[{"href":"http:\/\/www.defensoria.gob.ve\/index.php?rest_route=\/wp\/v2\/pages\/1334","targetHints":{"allow":["GET"]}}],"collection":[{"href":"http:\/\/www.defensoria.gob.ve\/index.php?rest_route=\/wp\/v2\/pages"}],"about":[{"href":"http:\/\/www.defensoria.gob.ve\/index.php?rest_route=\/wp\/v2\/types\/page"}],"author":[{"embeddable":true,"href":"http:\/\/www.defensoria.gob.ve\/index.php?rest_route=\/wp\/v2\/users\/9"}],"replies":[{"embeddable":true,"href":"http:\/\/www.defensoria.gob.ve\/index.php?rest_route=%2Fwp%2Fv2%2Fcomments&post=1334"}],"version-history":[{"count":38,"href":"http:\/\/www.defensoria.gob.ve\/index.php?rest_route=\/wp\/v2\/pages\/1334\/revisions"}],"predecessor-version":[{"id":17165,"href":"http:\/\/www.defensoria.gob.ve\/index.php?rest_route=\/wp\/v2\/pages\/1334\/revisions\/17165"}],"up":[{"embeddable":true,"href":"http:\/\/www.defensoria.gob.ve\/index.php?rest_route=\/wp\/v2\/pages\/1285"}],"wp:attachment":[{"href":"http:\/\/www.defensoria.gob.ve\/index.php?rest_route=%2Fwp%2Fv2%2Fmedia&parent=1334"}],"curies":[{"name":"wp","href":"https:\/\/api.w.org\/{rel}","templated":true}]}}