 
{"id":1352,"date":"2023-09-18T14:36:20","date_gmt":"2023-09-18T18:36:20","guid":{"rendered":"http:\/\/www.defensoria.gob.ve\/?page_id=1352"},"modified":"2025-12-08T12:20:46","modified_gmt":"2025-12-08T16:20:46","slug":"defensoria-municipal-cajigal","status":"publish","type":"page","link":"http:\/\/www.defensoria.gob.ve\/?page_id=1352","title":{"rendered":"DEFENSOR\u00cdA MUNICIPAL CAJIGAL"},"content":{"rendered":"\t\t<div data-elementor-type=\"wp-page\" data-elementor-id=\"1352\" class=\"elementor elementor-1352\">\n\t\t\t\t\t\t<section class=\"elementor-section elementor-top-section elementor-element elementor-element-330f398 elementor-section-boxed elementor-section-height-default elementor-section-height-default\" data-id=\"330f398\" data-element_type=\"section\" data-e-type=\"section\">\n\t\t\t\t\t\t<div class=\"elementor-container elementor-column-gap-default\">\n\t\t\t\t\t<div class=\"elementor-column elementor-col-100 elementor-top-column elementor-element elementor-element-c271885\" data-id=\"c271885\" data-element_type=\"column\" data-e-type=\"column\">\n\t\t\t<div class=\"elementor-widget-wrap elementor-element-populated\">\n\t\t\t\t\t\t<div class=\"elementor-element elementor-element-4b09174 elementor-widget elementor-widget-heading\" data-id=\"4b09174\" data-element_type=\"widget\" data-e-type=\"widget\" data-widget_type=\"heading.default\">\n\t\t\t\t<div class=\"elementor-widget-container\">\n\t\t\t\t\t<h2 class=\"elementor-heading-title elementor-size-default\">DEFENSOR\u00cdA MUNICIPAL CAJIGAL<\/h2>\t\t\t\t<\/div>\n\t\t\t\t<\/div>\n\t\t\t\t\t<\/div>\n\t\t<\/div>\n\t\t\t\t\t<\/div>\n\t\t<\/section>\n\t\t\t\t<section class=\"elementor-section elementor-top-section elementor-element elementor-element-481c3ad elementor-section-boxed elementor-section-height-default elementor-section-height-default\" data-id=\"481c3ad\" data-element_type=\"section\" data-e-type=\"section\">\n\t\t\t\t\t\t<div class=\"elementor-container elementor-column-gap-default\">\n\t\t\t\t\t<div class=\"elementor-column elementor-col-100 elementor-top-column elementor-element elementor-element-d88bb21\" data-id=\"d88bb21\" data-element_type=\"column\" data-e-type=\"column\">\n\t\t\t<div class=\"elementor-widget-wrap elementor-element-populated\">\n\t\t\t\t\t\t<div class=\"elementor-element elementor-element-665f190 elementor-widget elementor-widget-image\" data-id=\"665f190\" data-element_type=\"widget\" data-e-type=\"widget\" data-widget_type=\"image.default\">\n\t\t\t\t<div class=\"elementor-widget-container\">\n\t\t\t\t\t\t\t\t\t\t\t\t\t\t\t<img fetchpriority=\"high\" decoding=\"async\" width=\"808\" height=\"124\" src=\"http:\/\/www.defensoria.gob.ve\/wp-content\/uploads\/2023\/09\/directel.png\" class=\"attachment-large size-large wp-image-635\" alt=\"\" srcset=\"http:\/\/www.defensoria.gob.ve\/wp-content\/uploads\/2023\/09\/directel.png 808w, http:\/\/www.defensoria.gob.ve\/wp-content\/uploads\/2023\/09\/directel-300x46.png 300w, http:\/\/www.defensoria.gob.ve\/wp-content\/uploads\/2023\/09\/directel-768x118.png 768w\" sizes=\"(max-width: 808px) 100vw, 808px\" \/>\t\t\t\t\t\t\t\t\t\t\t\t\t\t\t<\/div>\n\t\t\t\t<\/div>\n\t\t\t\t\t<\/div>\n\t\t<\/div>\n\t\t\t\t\t<\/div>\n\t\t<\/section>\n\t\t\t\t<section class=\"elementor-section elementor-top-section elementor-element elementor-element-7b60df6 elementor-section-boxed elementor-section-height-default elementor-section-height-default\" data-id=\"7b60df6\" data-element_type=\"section\" data-e-type=\"section\">\n\t\t\t\t\t\t<div class=\"elementor-container elementor-column-gap-default\">\n\t\t\t\t\t<div class=\"elementor-column elementor-col-100 elementor-top-column elementor-element elementor-element-b9e70b0\" data-id=\"b9e70b0\" data-element_type=\"column\" data-e-type=\"column\">\n\t\t\t<div class=\"elementor-widget-wrap elementor-element-populated\">\n\t\t\t\t\t\t<div class=\"elementor-element elementor-element-06ab313 elementor-widget elementor-widget-text-editor\" data-id=\"06ab313\" data-element_type=\"widget\" data-e-type=\"widget\" data-widget_type=\"text-editor.default\">\n\t\t\t\t<div class=\"elementor-widget-container\">\n\t\t\t\t\t\t\t\t\t<p style=\"text-align: justify;\"><span style=\"font-weight: bolder;\">Defensora Delegada: <\/span>Milagros Otero.<\/p><p style=\"text-align: justify;\"><b>Defensor Municipal:\u00a0<\/b>\u00c1ngel Rodr\u00edguez.<\/p><p style=\"text-align: justify;\"><strong>Direcci\u00f3n:\u00a0<\/strong>Calle Sucre con calle Bol\u00edvar. Edificio Cancha Techada \u00c1ngel Conteras. Municipio Cajigal. Sucre.<\/p><p style=\"text-align: justify;\"><strong>Tel\u00e9fono:\u00a0<\/strong>0426-387.64.67<\/p><p style=\"text-align: justify;\"><b>Correo\u00a0<\/b><b>Electr\u00f3nico:\u00a0<\/b><\/p><p style=\"text-align: justify;\"><a style=\"background-color: #ffffff;\" href=\"mailto:ddpsucremun.cajigal@gmail.com\">ddpsucremun.cajigal@gmail.com<\/a>\u00a0<b>\u00a0\/\u00a0<\/b><a style=\"background-color: #ffffff;\" href=\"mailto:dm-cajigal@defensoria.gob.ve\">dm-cajigal@defensoria.gob.ve<\/a><\/p>\t\t\t\t\t\t\t\t<\/div>\n\t\t\t\t<\/div>\n\t\t\t\t\t<\/div>\n\t\t<\/div>\n\t\t\t\t\t<\/div>\n\t\t<\/section>\n\t\t\t\t<section class=\"elementor-section elementor-top-section elementor-element elementor-element-841ba4a elementor-section-boxed elementor-section-height-default elementor-section-height-default\" data-id=\"841ba4a\" data-element_type=\"section\" data-e-type=\"section\">\n\t\t\t\t\t\t<div class=\"elementor-container elementor-column-gap-default\">\n\t\t\t\t\t<div class=\"elementor-column elementor-col-100 elementor-top-column elementor-element elementor-element-ef33e11\" data-id=\"ef33e11\" data-element_type=\"column\" data-e-type=\"column\">\n\t\t\t<div class=\"elementor-widget-wrap elementor-element-populated\">\n\t\t\t\t\t\t<div class=\"elementor-element elementor-element-16890ee elementor-widget elementor-widget-google_maps\" data-id=\"16890ee\" data-element_type=\"widget\" data-e-type=\"widget\" data-widget_type=\"google_maps.default\">\n\t\t\t\t<div class=\"elementor-widget-container\">\n\t\t\t\t\t\t\t<div class=\"elementor-custom-embed\">\n\t\t\t<iframe loading=\"lazy\"\n\t\t\t\t\tsrc=\"https:\/\/maps.google.com\/maps?q=10%C2%B034%2703.6%22N%2062%C2%B049%2735.6%22W&#038;t=m&#038;z=18&#038;output=embed&#038;iwloc=near\"\n\t\t\t\t\ttitle=\"10\u00b034&#039;03.6&quot;N 62\u00b049&#039;35.6&quot;W\"\n\t\t\t\t\taria-label=\"10\u00b034&#039;03.6&quot;N 62\u00b049&#039;35.6&quot;W\"\n\t\t\t><\/iframe>\n\t\t<\/div>\n\t\t\t\t\t\t<\/div>\n\t\t\t\t<\/div>\n\t\t\t\t\t<\/div>\n\t\t<\/div>\n\t\t\t\t\t<\/div>\n\t\t<\/section>\n\t\t\t\t<\/div>\n\t\t","protected":false},"excerpt":{"rendered":"<p>DEFENSOR\u00cdA MUNICIPAL CAJIGAL Defensora Delegada: Milagros Otero. Defensor Municipal:\u00a0\u00c1ngel Rodr\u00edguez. Direcci\u00f3n:\u00a0Calle Sucre con calle Bol\u00edvar. Edificio Cancha Techada \u00c1ngel Conteras. Municipio Cajigal. Sucre. Tel\u00e9fono:\u00a00426-387.64.67 Correo\u00a0Electr\u00f3nico:\u00a0 ddpsucremun.cajigal@gmail.com\u00a0\u00a0\/\u00a0dm-cajigal@defensoria.gob.ve<\/p>\n","protected":false},"author":9,"featured_media":0,"parent":1292,"menu_order":0,"comment_status":"closed","ping_status":"closed","template":"","meta":{"footnotes":""},"class_list":["post-1352","page","type-page","status-publish","hentry"],"yoast_head":"<!-- This site is optimized with the Yoast SEO plugin v27.2 - https:\/\/yoast.com\/product\/yoast-seo-wordpress\/ -->\n<title>DEFENSOR\u00cdA MUNICIPAL CAJIGAL -<\/title>\n<meta name=\"robots\" content=\"index, follow, max-snippet:-1, max-image-preview:large, max-video-preview:-1\" \/>\n<link rel=\"canonical\" href=\"http:\/\/www.defensoria.gob.ve\/?page_id=1352\" \/>\n<meta property=\"og:locale\" content=\"es_ES\" \/>\n<meta property=\"og:type\" content=\"article\" \/>\n<meta property=\"og:title\" content=\"DEFENSOR\u00cdA MUNICIPAL CAJIGAL -\" \/>\n<meta property=\"og:description\" content=\"DEFENSOR\u00cdA MUNICIPAL CAJIGAL Defensora Delegada: Milagros Otero. Defensor Municipal:\u00a0\u00c1ngel Rodr\u00edguez. Direcci\u00f3n:\u00a0Calle Sucre con calle Bol\u00edvar. Edificio Cancha Techada \u00c1ngel Conteras. Municipio Cajigal. Sucre. Tel\u00e9fono:\u00a00426-387.64.67 Correo\u00a0Electr\u00f3nico:\u00a0 ddpsucremun.cajigal@gmail.com\u00a0\u00a0\/\u00a0dm-cajigal@defensoria.gob.ve\" \/>\n<meta property=\"og:url\" content=\"http:\/\/www.defensoria.gob.ve\/?page_id=1352\" \/>\n<meta property=\"article:modified_time\" content=\"2025-12-08T16:20:46+00:00\" \/>\n<meta property=\"og:image\" content=\"http:\/\/www.defensoria.gob.ve\/wp-content\/uploads\/2023\/09\/directel.png\" \/>\n<meta name=\"twitter:card\" content=\"summary_large_image\" \/>\n<meta name=\"twitter:label1\" content=\"Tiempo estimado de lectura\" \/>\n\t<meta name=\"twitter:data1\" content=\"1 minuto\" \/>\n<script type=\"application\/ld+json\" class=\"yoast-schema-graph\">{\"@context\":\"https:\/\/schema.org\",\"@graph\":[{\"@type\":\"WebPage\",\"@id\":\"http:\/\/www.defensoria.gob.ve\/?page_id=1352\",\"url\":\"http:\/\/www.defensoria.gob.ve\/?page_id=1352\",\"name\":\"DEFENSOR\u00cdA MUNICIPAL CAJIGAL -\",\"isPartOf\":{\"@id\":\"http:\/\/www.defensoria.gob.ve\/#website\"},\"primaryImageOfPage\":{\"@id\":\"http:\/\/www.defensoria.gob.ve\/?page_id=1352#primaryimage\"},\"image\":{\"@id\":\"http:\/\/www.defensoria.gob.ve\/?page_id=1352#primaryimage\"},\"thumbnailUrl\":\"http:\/\/www.defensoria.gob.ve\/wp-content\/uploads\/2023\/09\/directel.png\",\"datePublished\":\"2023-09-18T18:36:20+00:00\",\"dateModified\":\"2025-12-08T16:20:46+00:00\",\"breadcrumb\":{\"@id\":\"http:\/\/www.defensoria.gob.ve\/?page_id=1352#breadcrumb\"},\"inLanguage\":\"es\",\"potentialAction\":[{\"@type\":\"ReadAction\",\"target\":[\"http:\/\/www.defensoria.gob.ve\/?page_id=1352\"]}]},{\"@type\":\"ImageObject\",\"inLanguage\":\"es\",\"@id\":\"http:\/\/www.defensoria.gob.ve\/?page_id=1352#primaryimage\",\"url\":\"http:\/\/www.defensoria.gob.ve\/wp-content\/uploads\/2023\/09\/directel.png\",\"contentUrl\":\"http:\/\/www.defensoria.gob.ve\/wp-content\/uploads\/2023\/09\/directel.png\",\"width\":808,\"height\":124},{\"@type\":\"BreadcrumbList\",\"@id\":\"http:\/\/www.defensoria.gob.ve\/?page_id=1352#breadcrumb\",\"itemListElement\":[{\"@type\":\"ListItem\",\"position\":1,\"name\":\"Portada\",\"item\":\"http:\/\/www.defensoria.gob.ve\/\"},{\"@type\":\"ListItem\",\"position\":2,\"name\":\"CONTACTANOS\",\"item\":\"http:\/\/www.defensoria.gob.ve\/?page_id=83\"},{\"@type\":\"ListItem\",\"position\":3,\"name\":\"SEDES REGIONALES\",\"item\":\"http:\/\/www.defensoria.gob.ve\/?page_id=196\"},{\"@type\":\"ListItem\",\"position\":4,\"name\":\"ORIENTAL\",\"item\":\"http:\/\/www.defensoria.gob.ve\/?page_id=219\"},{\"@type\":\"ListItem\",\"position\":5,\"name\":\"DEFENSOR\u00cdA DELEGADA SUCRE\",\"item\":\"http:\/\/www.defensoria.gob.ve\/?page_id=1292\"},{\"@type\":\"ListItem\",\"position\":6,\"name\":\"DEFENSOR\u00cdA MUNICIPAL CAJIGAL\"}]},{\"@type\":\"WebSite\",\"@id\":\"http:\/\/www.defensoria.gob.ve\/#website\",\"url\":\"http:\/\/www.defensoria.gob.ve\/\",\"name\":\"\",\"description\":\"Instituci\u00f3n del Poder Ciudadano para la Promoci\u00f3n, Defensa y Vigilancia de los Derechos Humanos. \",\"potentialAction\":[{\"@type\":\"SearchAction\",\"target\":{\"@type\":\"EntryPoint\",\"urlTemplate\":\"http:\/\/www.defensoria.gob.ve\/?s={search_term_string}\"},\"query-input\":{\"@type\":\"PropertyValueSpecification\",\"valueRequired\":true,\"valueName\":\"search_term_string\"}}],\"inLanguage\":\"es\"}]}<\/script>\n<!-- \/ Yoast SEO plugin. -->","yoast_head_json":{"title":"DEFENSOR\u00cdA MUNICIPAL CAJIGAL -","robots":{"index":"index","follow":"follow","max-snippet":"max-snippet:-1","max-image-preview":"max-image-preview:large","max-video-preview":"max-video-preview:-1"},"canonical":"http:\/\/www.defensoria.gob.ve\/?page_id=1352","og_locale":"es_ES","og_type":"article","og_title":"DEFENSOR\u00cdA MUNICIPAL CAJIGAL -","og_description":"DEFENSOR\u00cdA MUNICIPAL CAJIGAL Defensora Delegada: Milagros Otero. Defensor Municipal:\u00a0\u00c1ngel Rodr\u00edguez. Direcci\u00f3n:\u00a0Calle Sucre con calle Bol\u00edvar. Edificio Cancha Techada \u00c1ngel Conteras. Municipio Cajigal. Sucre. Tel\u00e9fono:\u00a00426-387.64.67 Correo\u00a0Electr\u00f3nico:\u00a0 ddpsucremun.cajigal@gmail.com\u00a0\u00a0\/\u00a0dm-cajigal@defensoria.gob.ve","og_url":"http:\/\/www.defensoria.gob.ve\/?page_id=1352","article_modified_time":"2025-12-08T16:20:46+00:00","og_image":[{"url":"http:\/\/www.defensoria.gob.ve\/wp-content\/uploads\/2023\/09\/directel.png","type":"","width":"","height":""}],"twitter_card":"summary_large_image","twitter_misc":{"Tiempo estimado de lectura":"1 minuto"},"schema":{"@context":"https:\/\/schema.org","@graph":[{"@type":"WebPage","@id":"http:\/\/www.defensoria.gob.ve\/?page_id=1352","url":"http:\/\/www.defensoria.gob.ve\/?page_id=1352","name":"DEFENSOR\u00cdA MUNICIPAL CAJIGAL -","isPartOf":{"@id":"http:\/\/www.defensoria.gob.ve\/#website"},"primaryImageOfPage":{"@id":"http:\/\/www.defensoria.gob.ve\/?page_id=1352#primaryimage"},"image":{"@id":"http:\/\/www.defensoria.gob.ve\/?page_id=1352#primaryimage"},"thumbnailUrl":"http:\/\/www.defensoria.gob.ve\/wp-content\/uploads\/2023\/09\/directel.png","datePublished":"2023-09-18T18:36:20+00:00","dateModified":"2025-12-08T16:20:46+00:00","breadcrumb":{"@id":"http:\/\/www.defensoria.gob.ve\/?page_id=1352#breadcrumb"},"inLanguage":"es","potentialAction":[{"@type":"ReadAction","target":["http:\/\/www.defensoria.gob.ve\/?page_id=1352"]}]},{"@type":"ImageObject","inLanguage":"es","@id":"http:\/\/www.defensoria.gob.ve\/?page_id=1352#primaryimage","url":"http:\/\/www.defensoria.gob.ve\/wp-content\/uploads\/2023\/09\/directel.png","contentUrl":"http:\/\/www.defensoria.gob.ve\/wp-content\/uploads\/2023\/09\/directel.png","width":808,"height":124},{"@type":"BreadcrumbList","@id":"http:\/\/www.defensoria.gob.ve\/?page_id=1352#breadcrumb","itemListElement":[{"@type":"ListItem","position":1,"name":"Portada","item":"http:\/\/www.defensoria.gob.ve\/"},{"@type":"ListItem","position":2,"name":"CONTACTANOS","item":"http:\/\/www.defensoria.gob.ve\/?page_id=83"},{"@type":"ListItem","position":3,"name":"SEDES REGIONALES","item":"http:\/\/www.defensoria.gob.ve\/?page_id=196"},{"@type":"ListItem","position":4,"name":"ORIENTAL","item":"http:\/\/www.defensoria.gob.ve\/?page_id=219"},{"@type":"ListItem","position":5,"name":"DEFENSOR\u00cdA DELEGADA SUCRE","item":"http:\/\/www.defensoria.gob.ve\/?page_id=1292"},{"@type":"ListItem","position":6,"name":"DEFENSOR\u00cdA MUNICIPAL CAJIGAL"}]},{"@type":"WebSite","@id":"http:\/\/www.defensoria.gob.ve\/#website","url":"http:\/\/www.defensoria.gob.ve\/","name":"","description":"Instituci\u00f3n del Poder Ciudadano para la Promoci\u00f3n, Defensa y Vigilancia de los Derechos Humanos. ","potentialAction":[{"@type":"SearchAction","target":{"@type":"EntryPoint","urlTemplate":"http:\/\/www.defensoria.gob.ve\/?s={search_term_string}"},"query-input":{"@type":"PropertyValueSpecification","valueRequired":true,"valueName":"search_term_string"}}],"inLanguage":"es"}]}},"_links":{"self":[{"href":"http:\/\/www.defensoria.gob.ve\/index.php?rest_route=\/wp\/v2\/pages\/1352","targetHints":{"allow":["GET"]}}],"collection":[{"href":"http:\/\/www.defensoria.gob.ve\/index.php?rest_route=\/wp\/v2\/pages"}],"about":[{"href":"http:\/\/www.defensoria.gob.ve\/index.php?rest_route=\/wp\/v2\/types\/page"}],"author":[{"embeddable":true,"href":"http:\/\/www.defensoria.gob.ve\/index.php?rest_route=\/wp\/v2\/users\/9"}],"replies":[{"embeddable":true,"href":"http:\/\/www.defensoria.gob.ve\/index.php?rest_route=%2Fwp%2Fv2%2Fcomments&post=1352"}],"version-history":[{"count":25,"href":"http:\/\/www.defensoria.gob.ve\/index.php?rest_route=\/wp\/v2\/pages\/1352\/revisions"}],"predecessor-version":[{"id":16122,"href":"http:\/\/www.defensoria.gob.ve\/index.php?rest_route=\/wp\/v2\/pages\/1352\/revisions\/16122"}],"up":[{"embeddable":true,"href":"http:\/\/www.defensoria.gob.ve\/index.php?rest_route=\/wp\/v2\/pages\/1292"}],"wp:attachment":[{"href":"http:\/\/www.defensoria.gob.ve\/index.php?rest_route=%2Fwp%2Fv2%2Fmedia&parent=1352"}],"curies":[{"name":"wp","href":"https:\/\/api.w.org\/{rel}","templated":true}]}}