 
{"id":1366,"date":"2023-09-18T14:44:33","date_gmt":"2023-09-18T18:44:33","guid":{"rendered":"http:\/\/www.defensoria.gob.ve\/?page_id=1366"},"modified":"2025-12-08T12:28:28","modified_gmt":"2025-12-08T16:28:28","slug":"defensoria-delegada-zulia-costa-oriental-del-lago","status":"publish","type":"page","link":"http:\/\/www.defensoria.gob.ve\/?page_id=1366","title":{"rendered":"DEFENSOR\u00cdA DELEGADA ZULIA-COSTA ORIENTAL DEL LAGO"},"content":{"rendered":"\t\t<div data-elementor-type=\"wp-page\" data-elementor-id=\"1366\" class=\"elementor elementor-1366\">\n\t\t\t\t\t\t<section class=\"elementor-section elementor-top-section elementor-element elementor-element-70b6a95 elementor-section-boxed elementor-section-height-default elementor-section-height-default\" data-id=\"70b6a95\" data-element_type=\"section\" data-e-type=\"section\">\n\t\t\t\t\t\t<div class=\"elementor-container elementor-column-gap-default\">\n\t\t\t\t\t<div class=\"elementor-column elementor-col-100 elementor-top-column elementor-element elementor-element-3a799f0\" data-id=\"3a799f0\" data-element_type=\"column\" data-e-type=\"column\">\n\t\t\t<div class=\"elementor-widget-wrap elementor-element-populated\">\n\t\t\t\t\t\t<div class=\"elementor-element elementor-element-46a671b elementor-widget elementor-widget-heading\" data-id=\"46a671b\" data-element_type=\"widget\" data-e-type=\"widget\" data-widget_type=\"heading.default\">\n\t\t\t\t<div class=\"elementor-widget-container\">\n\t\t\t\t\t<h4 class=\"elementor-heading-title elementor-size-default\">DEFENSOR\u00cdA DELEGADA ZULIA-COSTA ORIENTAL DEL LAGO<\/h4>\t\t\t\t<\/div>\n\t\t\t\t<\/div>\n\t\t\t\t\t<\/div>\n\t\t<\/div>\n\t\t\t\t\t<\/div>\n\t\t<\/section>\n\t\t\t\t<section class=\"elementor-section elementor-top-section elementor-element elementor-element-aa216f1 elementor-section-boxed elementor-section-height-default elementor-section-height-default\" data-id=\"aa216f1\" data-element_type=\"section\" data-e-type=\"section\">\n\t\t\t\t\t\t<div class=\"elementor-container elementor-column-gap-default\">\n\t\t\t\t\t<div class=\"elementor-column elementor-col-100 elementor-top-column elementor-element elementor-element-372356e\" data-id=\"372356e\" data-element_type=\"column\" data-e-type=\"column\">\n\t\t\t<div class=\"elementor-widget-wrap elementor-element-populated\">\n\t\t\t\t\t\t<div class=\"elementor-element elementor-element-34a0bdd elementor-widget elementor-widget-image\" data-id=\"34a0bdd\" data-element_type=\"widget\" data-e-type=\"widget\" data-widget_type=\"image.default\">\n\t\t\t\t<div class=\"elementor-widget-container\">\n\t\t\t\t\t\t\t\t\t\t\t\t\t\t\t<img fetchpriority=\"high\" decoding=\"async\" width=\"808\" height=\"124\" src=\"http:\/\/www.defensoria.gob.ve\/wp-content\/uploads\/2023\/09\/directel.png\" class=\"attachment-large size-large wp-image-635\" alt=\"\" srcset=\"http:\/\/www.defensoria.gob.ve\/wp-content\/uploads\/2023\/09\/directel.png 808w, http:\/\/www.defensoria.gob.ve\/wp-content\/uploads\/2023\/09\/directel-300x46.png 300w, http:\/\/www.defensoria.gob.ve\/wp-content\/uploads\/2023\/09\/directel-768x118.png 768w\" sizes=\"(max-width: 808px) 100vw, 808px\" \/>\t\t\t\t\t\t\t\t\t\t\t\t\t\t\t<\/div>\n\t\t\t\t<\/div>\n\t\t\t\t\t<\/div>\n\t\t<\/div>\n\t\t\t\t\t<\/div>\n\t\t<\/section>\n\t\t\t\t<section class=\"elementor-section elementor-top-section elementor-element elementor-element-6d49e21 elementor-section-boxed elementor-section-height-default elementor-section-height-default\" data-id=\"6d49e21\" data-element_type=\"section\" data-e-type=\"section\">\n\t\t\t\t\t\t<div class=\"elementor-container elementor-column-gap-default\">\n\t\t\t\t\t<div class=\"elementor-column elementor-col-100 elementor-top-column elementor-element elementor-element-180dc5c\" data-id=\"180dc5c\" data-element_type=\"column\" data-e-type=\"column\">\n\t\t\t<div class=\"elementor-widget-wrap elementor-element-populated\">\n\t\t\t\t\t\t<div class=\"elementor-element elementor-element-3fb5a57 elementor-widget elementor-widget-text-editor\" data-id=\"3fb5a57\" data-element_type=\"widget\" data-e-type=\"widget\" data-widget_type=\"text-editor.default\">\n\t\t\t\t<div class=\"elementor-widget-container\">\n\t\t\t\t\t\t\t\t\t<p><strong>Defensor Delegado:<\/strong> Manuel Ramos.<\/p><p><strong>Defensora Adjunta:<\/strong> Lucianee Castillo.<\/p><p><strong>Direcci\u00f3n:<\/strong> Av. Intercomunal, diagonal a la estacion de servicio CVP. Centro Comercial Los Caobos PB.<\/p><p><strong>Tel\u00e9fonos:\u00a0<\/strong>0416-969.17.44<\/p><p><strong>Correo Electr\u00f3nico:\u00a0\u00a0<\/strong><\/p><p><span style=\"color: #3886b8; font-family: Arial, 'sans-serif'; font-size: 16pt;\">ddpcostaoriental@gmail.com\u00a0<\/span><strong>\/\u00a0<\/strong><span style=\"color: #3886b8; font-family: Arial, 'sans-serif'; font-size: 16pt;\">d-costaoriental@defensoria.gob.ve<\/span><\/p>\t\t\t\t\t\t\t\t<\/div>\n\t\t\t\t<\/div>\n\t\t\t\t\t<\/div>\n\t\t<\/div>\n\t\t\t\t\t<\/div>\n\t\t<\/section>\n\t\t\t\t<section class=\"elementor-section elementor-top-section elementor-element elementor-element-6604ff8 elementor-section-boxed elementor-section-height-default elementor-section-height-default\" data-id=\"6604ff8\" data-element_type=\"section\" data-e-type=\"section\">\n\t\t\t\t\t\t<div class=\"elementor-container elementor-column-gap-default\">\n\t\t\t\t\t<div class=\"elementor-column elementor-col-100 elementor-top-column elementor-element elementor-element-bc31ee8\" data-id=\"bc31ee8\" data-element_type=\"column\" data-e-type=\"column\">\n\t\t\t<div class=\"elementor-widget-wrap elementor-element-populated\">\n\t\t\t\t\t\t<div class=\"elementor-element elementor-element-11e431a elementor-widget elementor-widget-google_maps\" data-id=\"11e431a\" data-element_type=\"widget\" data-e-type=\"widget\" data-widget_type=\"google_maps.default\">\n\t\t\t\t<div class=\"elementor-widget-container\">\n\t\t\t\t\t\t\t<div class=\"elementor-custom-embed\">\n\t\t\t<iframe loading=\"lazy\"\n\t\t\t\t\tsrc=\"https:\/\/maps.google.com\/maps?q=10%C2%B023%2731.8%22N%2071%C2%B028%2712.2%22W&#038;t=m&#038;z=18&#038;output=embed&#038;iwloc=near\"\n\t\t\t\t\ttitle=\"10\u00b023&#039;31.8&quot;N 71\u00b028&#039;12.2&quot;W\"\n\t\t\t\t\taria-label=\"10\u00b023&#039;31.8&quot;N 71\u00b028&#039;12.2&quot;W\"\n\t\t\t><\/iframe>\n\t\t<\/div>\n\t\t\t\t\t\t<\/div>\n\t\t\t\t<\/div>\n\t\t\t\t\t<\/div>\n\t\t<\/div>\n\t\t\t\t\t<\/div>\n\t\t<\/section>\n\t\t\t\t<\/div>\n\t\t","protected":false},"excerpt":{"rendered":"<p>DEFENSOR\u00cdA DELEGADA ZULIA-COSTA ORIENTAL DEL LAGO Defensor Delegado: Manuel Ramos. Defensora Adjunta: Lucianee Castillo. Direcci\u00f3n: Av. Intercomunal, diagonal a la estacion de servicio CVP. Centro Comercial Los Caobos PB. Tel\u00e9fonos:\u00a00416-969.17.44&hellip; <\/p>\n","protected":false},"author":9,"featured_media":0,"parent":1359,"menu_order":0,"comment_status":"closed","ping_status":"closed","template":"","meta":{"footnotes":""},"class_list":["post-1366","page","type-page","status-publish","hentry"],"yoast_head":"<!-- This site is optimized with the Yoast SEO plugin v27.2 - https:\/\/yoast.com\/product\/yoast-seo-wordpress\/ -->\n<title>DEFENSOR\u00cdA DELEGADA ZULIA-COSTA ORIENTAL DEL LAGO -<\/title>\n<meta name=\"robots\" content=\"index, follow, max-snippet:-1, max-image-preview:large, max-video-preview:-1\" \/>\n<link rel=\"canonical\" href=\"http:\/\/www.defensoria.gob.ve\/?page_id=1366\" \/>\n<meta property=\"og:locale\" content=\"es_ES\" \/>\n<meta property=\"og:type\" content=\"article\" \/>\n<meta property=\"og:title\" content=\"DEFENSOR\u00cdA DELEGADA ZULIA-COSTA ORIENTAL DEL LAGO -\" \/>\n<meta property=\"og:description\" content=\"DEFENSOR\u00cdA DELEGADA ZULIA-COSTA ORIENTAL DEL LAGO Defensor Delegado: Manuel Ramos. Defensora Adjunta: Lucianee Castillo. Direcci\u00f3n: Av. Intercomunal, diagonal a la estacion de servicio CVP. Centro Comercial Los Caobos PB. Tel\u00e9fonos:\u00a00416-969.17.44&hellip;\" \/>\n<meta property=\"og:url\" content=\"http:\/\/www.defensoria.gob.ve\/?page_id=1366\" \/>\n<meta property=\"article:modified_time\" content=\"2025-12-08T16:28:28+00:00\" \/>\n<meta property=\"og:image\" content=\"http:\/\/www.defensoria.gob.ve\/wp-content\/uploads\/2023\/09\/directel.png\" \/>\n<meta name=\"twitter:card\" content=\"summary_large_image\" \/>\n<meta name=\"twitter:label1\" content=\"Tiempo estimado de lectura\" \/>\n\t<meta name=\"twitter:data1\" content=\"1 minuto\" \/>\n<script type=\"application\/ld+json\" class=\"yoast-schema-graph\">{\"@context\":\"https:\/\/schema.org\",\"@graph\":[{\"@type\":\"WebPage\",\"@id\":\"http:\/\/www.defensoria.gob.ve\/?page_id=1366\",\"url\":\"http:\/\/www.defensoria.gob.ve\/?page_id=1366\",\"name\":\"DEFENSOR\u00cdA DELEGADA ZULIA-COSTA ORIENTAL DEL LAGO -\",\"isPartOf\":{\"@id\":\"http:\/\/www.defensoria.gob.ve\/#website\"},\"primaryImageOfPage\":{\"@id\":\"http:\/\/www.defensoria.gob.ve\/?page_id=1366#primaryimage\"},\"image\":{\"@id\":\"http:\/\/www.defensoria.gob.ve\/?page_id=1366#primaryimage\"},\"thumbnailUrl\":\"http:\/\/www.defensoria.gob.ve\/wp-content\/uploads\/2023\/09\/directel.png\",\"datePublished\":\"2023-09-18T18:44:33+00:00\",\"dateModified\":\"2025-12-08T16:28:28+00:00\",\"breadcrumb\":{\"@id\":\"http:\/\/www.defensoria.gob.ve\/?page_id=1366#breadcrumb\"},\"inLanguage\":\"es\",\"potentialAction\":[{\"@type\":\"ReadAction\",\"target\":[\"http:\/\/www.defensoria.gob.ve\/?page_id=1366\"]}]},{\"@type\":\"ImageObject\",\"inLanguage\":\"es\",\"@id\":\"http:\/\/www.defensoria.gob.ve\/?page_id=1366#primaryimage\",\"url\":\"http:\/\/www.defensoria.gob.ve\/wp-content\/uploads\/2023\/09\/directel.png\",\"contentUrl\":\"http:\/\/www.defensoria.gob.ve\/wp-content\/uploads\/2023\/09\/directel.png\",\"width\":808,\"height\":124},{\"@type\":\"BreadcrumbList\",\"@id\":\"http:\/\/www.defensoria.gob.ve\/?page_id=1366#breadcrumb\",\"itemListElement\":[{\"@type\":\"ListItem\",\"position\":1,\"name\":\"Portada\",\"item\":\"http:\/\/www.defensoria.gob.ve\/\"},{\"@type\":\"ListItem\",\"position\":2,\"name\":\"CONTACTANOS\",\"item\":\"http:\/\/www.defensoria.gob.ve\/?page_id=83\"},{\"@type\":\"ListItem\",\"position\":3,\"name\":\"SEDES REGIONALES\",\"item\":\"http:\/\/www.defensoria.gob.ve\/?page_id=196\"},{\"@type\":\"ListItem\",\"position\":4,\"name\":\"ZULIANA\",\"item\":\"http:\/\/www.defensoria.gob.ve\/?page_id=221\"},{\"@type\":\"ListItem\",\"position\":5,\"name\":\"DEFENSOR\u00cdA DELEGADA ZULIA\",\"item\":\"http:\/\/www.defensoria.gob.ve\/?page_id=1359\"},{\"@type\":\"ListItem\",\"position\":6,\"name\":\"DEFENSOR\u00cdA DELEGADA ZULIA-COSTA ORIENTAL DEL LAGO\"}]},{\"@type\":\"WebSite\",\"@id\":\"http:\/\/www.defensoria.gob.ve\/#website\",\"url\":\"http:\/\/www.defensoria.gob.ve\/\",\"name\":\"\",\"description\":\"Instituci\u00f3n del Poder Ciudadano para la Promoci\u00f3n, Defensa y Vigilancia de los Derechos Humanos. \",\"potentialAction\":[{\"@type\":\"SearchAction\",\"target\":{\"@type\":\"EntryPoint\",\"urlTemplate\":\"http:\/\/www.defensoria.gob.ve\/?s={search_term_string}\"},\"query-input\":{\"@type\":\"PropertyValueSpecification\",\"valueRequired\":true,\"valueName\":\"search_term_string\"}}],\"inLanguage\":\"es\"}]}<\/script>\n<!-- \/ Yoast SEO plugin. -->","yoast_head_json":{"title":"DEFENSOR\u00cdA DELEGADA ZULIA-COSTA ORIENTAL DEL LAGO -","robots":{"index":"index","follow":"follow","max-snippet":"max-snippet:-1","max-image-preview":"max-image-preview:large","max-video-preview":"max-video-preview:-1"},"canonical":"http:\/\/www.defensoria.gob.ve\/?page_id=1366","og_locale":"es_ES","og_type":"article","og_title":"DEFENSOR\u00cdA DELEGADA ZULIA-COSTA ORIENTAL DEL LAGO -","og_description":"DEFENSOR\u00cdA DELEGADA ZULIA-COSTA ORIENTAL DEL LAGO Defensor Delegado: Manuel Ramos. Defensora Adjunta: Lucianee Castillo. Direcci\u00f3n: Av. Intercomunal, diagonal a la estacion de servicio CVP. Centro Comercial Los Caobos PB. Tel\u00e9fonos:\u00a00416-969.17.44&hellip;","og_url":"http:\/\/www.defensoria.gob.ve\/?page_id=1366","article_modified_time":"2025-12-08T16:28:28+00:00","og_image":[{"url":"http:\/\/www.defensoria.gob.ve\/wp-content\/uploads\/2023\/09\/directel.png","type":"","width":"","height":""}],"twitter_card":"summary_large_image","twitter_misc":{"Tiempo estimado de lectura":"1 minuto"},"schema":{"@context":"https:\/\/schema.org","@graph":[{"@type":"WebPage","@id":"http:\/\/www.defensoria.gob.ve\/?page_id=1366","url":"http:\/\/www.defensoria.gob.ve\/?page_id=1366","name":"DEFENSOR\u00cdA DELEGADA ZULIA-COSTA ORIENTAL DEL LAGO -","isPartOf":{"@id":"http:\/\/www.defensoria.gob.ve\/#website"},"primaryImageOfPage":{"@id":"http:\/\/www.defensoria.gob.ve\/?page_id=1366#primaryimage"},"image":{"@id":"http:\/\/www.defensoria.gob.ve\/?page_id=1366#primaryimage"},"thumbnailUrl":"http:\/\/www.defensoria.gob.ve\/wp-content\/uploads\/2023\/09\/directel.png","datePublished":"2023-09-18T18:44:33+00:00","dateModified":"2025-12-08T16:28:28+00:00","breadcrumb":{"@id":"http:\/\/www.defensoria.gob.ve\/?page_id=1366#breadcrumb"},"inLanguage":"es","potentialAction":[{"@type":"ReadAction","target":["http:\/\/www.defensoria.gob.ve\/?page_id=1366"]}]},{"@type":"ImageObject","inLanguage":"es","@id":"http:\/\/www.defensoria.gob.ve\/?page_id=1366#primaryimage","url":"http:\/\/www.defensoria.gob.ve\/wp-content\/uploads\/2023\/09\/directel.png","contentUrl":"http:\/\/www.defensoria.gob.ve\/wp-content\/uploads\/2023\/09\/directel.png","width":808,"height":124},{"@type":"BreadcrumbList","@id":"http:\/\/www.defensoria.gob.ve\/?page_id=1366#breadcrumb","itemListElement":[{"@type":"ListItem","position":1,"name":"Portada","item":"http:\/\/www.defensoria.gob.ve\/"},{"@type":"ListItem","position":2,"name":"CONTACTANOS","item":"http:\/\/www.defensoria.gob.ve\/?page_id=83"},{"@type":"ListItem","position":3,"name":"SEDES REGIONALES","item":"http:\/\/www.defensoria.gob.ve\/?page_id=196"},{"@type":"ListItem","position":4,"name":"ZULIANA","item":"http:\/\/www.defensoria.gob.ve\/?page_id=221"},{"@type":"ListItem","position":5,"name":"DEFENSOR\u00cdA DELEGADA ZULIA","item":"http:\/\/www.defensoria.gob.ve\/?page_id=1359"},{"@type":"ListItem","position":6,"name":"DEFENSOR\u00cdA DELEGADA ZULIA-COSTA ORIENTAL DEL LAGO"}]},{"@type":"WebSite","@id":"http:\/\/www.defensoria.gob.ve\/#website","url":"http:\/\/www.defensoria.gob.ve\/","name":"","description":"Instituci\u00f3n del Poder Ciudadano para la Promoci\u00f3n, Defensa y Vigilancia de los Derechos Humanos. ","potentialAction":[{"@type":"SearchAction","target":{"@type":"EntryPoint","urlTemplate":"http:\/\/www.defensoria.gob.ve\/?s={search_term_string}"},"query-input":{"@type":"PropertyValueSpecification","valueRequired":true,"valueName":"search_term_string"}}],"inLanguage":"es"}]}},"_links":{"self":[{"href":"http:\/\/www.defensoria.gob.ve\/index.php?rest_route=\/wp\/v2\/pages\/1366","targetHints":{"allow":["GET"]}}],"collection":[{"href":"http:\/\/www.defensoria.gob.ve\/index.php?rest_route=\/wp\/v2\/pages"}],"about":[{"href":"http:\/\/www.defensoria.gob.ve\/index.php?rest_route=\/wp\/v2\/types\/page"}],"author":[{"embeddable":true,"href":"http:\/\/www.defensoria.gob.ve\/index.php?rest_route=\/wp\/v2\/users\/9"}],"replies":[{"embeddable":true,"href":"http:\/\/www.defensoria.gob.ve\/index.php?rest_route=%2Fwp%2Fv2%2Fcomments&post=1366"}],"version-history":[{"count":28,"href":"http:\/\/www.defensoria.gob.ve\/index.php?rest_route=\/wp\/v2\/pages\/1366\/revisions"}],"predecessor-version":[{"id":16144,"href":"http:\/\/www.defensoria.gob.ve\/index.php?rest_route=\/wp\/v2\/pages\/1366\/revisions\/16144"}],"up":[{"embeddable":true,"href":"http:\/\/www.defensoria.gob.ve\/index.php?rest_route=\/wp\/v2\/pages\/1359"}],"wp:attachment":[{"href":"http:\/\/www.defensoria.gob.ve\/index.php?rest_route=%2Fwp%2Fv2%2Fmedia&parent=1366"}],"curies":[{"name":"wp","href":"https:\/\/api.w.org\/{rel}","templated":true}]}}