 
{"id":14,"date":"2023-09-05T13:31:32","date_gmt":"2023-09-05T17:31:32","guid":{"rendered":"http:\/\/10.70.220.3\/?page_id=14"},"modified":"2023-09-13T13:52:50","modified_gmt":"2023-09-13T17:52:50","slug":"defensor-del-pueblo","status":"publish","type":"page","link":"http:\/\/www.defensoria.gob.ve\/?page_id=14","title":{"rendered":"DEFENSOR DEL PUEBLO"},"content":{"rendered":"\t\t<div data-elementor-type=\"wp-page\" data-elementor-id=\"14\" class=\"elementor elementor-14\">\n\t\t\t\t\t\t<section class=\"elementor-section elementor-top-section elementor-element elementor-element-74b0712 elementor-section-boxed elementor-section-height-default elementor-section-height-default\" data-id=\"74b0712\" data-element_type=\"section\" data-e-type=\"section\">\n\t\t\t\t\t\t<div class=\"elementor-container elementor-column-gap-default\">\n\t\t\t\t\t<div class=\"elementor-column elementor-col-100 elementor-top-column elementor-element elementor-element-d85546b\" data-id=\"d85546b\" data-element_type=\"column\" data-e-type=\"column\">\n\t\t\t<div class=\"elementor-widget-wrap elementor-element-populated\">\n\t\t\t\t\t\t<div class=\"elementor-element elementor-element-cd24173 elementor-widget elementor-widget-image\" data-id=\"cd24173\" data-element_type=\"widget\" data-e-type=\"widget\" data-widget_type=\"image.default\">\n\t\t\t\t<div class=\"elementor-widget-container\">\n\t\t\t\t\t\t\t\t\t\t\t\t\t\t\t<img fetchpriority=\"high\" decoding=\"async\" width=\"809\" height=\"96\" src=\"http:\/\/www.defensoria.gob.ve\/wp-content\/uploads\/2023\/09\/defn.png\" class=\"attachment-large size-large wp-image-1178\" alt=\"\" srcset=\"http:\/\/www.defensoria.gob.ve\/wp-content\/uploads\/2023\/09\/defn.png 809w, http:\/\/www.defensoria.gob.ve\/wp-content\/uploads\/2023\/09\/defn-300x36.png 300w, http:\/\/www.defensoria.gob.ve\/wp-content\/uploads\/2023\/09\/defn-768x91.png 768w\" sizes=\"(max-width: 809px) 100vw, 809px\" \/>\t\t\t\t\t\t\t\t\t\t\t\t\t\t\t<\/div>\n\t\t\t\t<\/div>\n\t\t\t\t\t<\/div>\n\t\t<\/div>\n\t\t\t\t\t<\/div>\n\t\t<\/section>\n\t\t\t\t<section class=\"elementor-section elementor-top-section elementor-element elementor-element-1fa5d4c elementor-section-boxed elementor-section-height-default elementor-section-height-default\" data-id=\"1fa5d4c\" data-element_type=\"section\" data-e-type=\"section\">\n\t\t\t\t\t\t<div class=\"elementor-container elementor-column-gap-default\">\n\t\t\t\t\t<div class=\"elementor-column elementor-col-50 elementor-top-column elementor-element elementor-element-f248041\" data-id=\"f248041\" data-element_type=\"column\" data-e-type=\"column\">\n\t\t\t<div class=\"elementor-widget-wrap elementor-element-populated\">\n\t\t\t\t\t\t<div class=\"elementor-element elementor-element-7a6600c elementor-widget elementor-widget-image\" data-id=\"7a6600c\" data-element_type=\"widget\" data-e-type=\"widget\" data-widget_type=\"image.default\">\n\t\t\t\t<div class=\"elementor-widget-container\">\n\t\t\t\t\t\t\t\t\t\t\t\t\t\t\t<img decoding=\"async\" width=\"1024\" height=\"1024\" src=\"http:\/\/www.defensoria.gob.ve\/wp-content\/uploads\/2023\/09\/7-1024x1024.jpg\" class=\"attachment-large size-large wp-image-13\" alt=\"\" srcset=\"http:\/\/www.defensoria.gob.ve\/wp-content\/uploads\/2023\/09\/7-1024x1024.jpg 1024w, http:\/\/www.defensoria.gob.ve\/wp-content\/uploads\/2023\/09\/7-300x300.jpg 300w, http:\/\/www.defensoria.gob.ve\/wp-content\/uploads\/2023\/09\/7-150x150.jpg 150w, http:\/\/www.defensoria.gob.ve\/wp-content\/uploads\/2023\/09\/7-768x768.jpg 768w, http:\/\/www.defensoria.gob.ve\/wp-content\/uploads\/2023\/09\/7.jpg 1200w\" sizes=\"(max-width: 1024px) 100vw, 1024px\" \/>\t\t\t\t\t\t\t\t\t\t\t\t\t\t\t<\/div>\n\t\t\t\t<\/div>\n\t\t\t\t\t<\/div>\n\t\t<\/div>\n\t\t\t\t<div class=\"elementor-column elementor-col-50 elementor-top-column elementor-element elementor-element-6baba48\" data-id=\"6baba48\" data-element_type=\"column\" data-e-type=\"column\">\n\t\t\t<div class=\"elementor-widget-wrap elementor-element-populated\">\n\t\t\t\t\t\t<div class=\"elementor-element elementor-element-0ad772e elementor-widget elementor-widget-text-editor\" data-id=\"0ad772e\" data-element_type=\"widget\" data-e-type=\"widget\" data-widget_type=\"text-editor.default\">\n\t\t\t\t<div class=\"elementor-widget-container\">\n\t\t\t\t\t\t\t\t\t<p style=\"text-align: center;\"><span style=\"color: #000000;\"><strong>Alfredo Ruiz Angulo<\/strong><\/span><\/p><p style=\"text-align: center;\"><span style=\"color: #000000;\">\u00a0\u201cLa paz es un valor supremo y sin ella se dificulta el ejercicio<\/span><br \/><span style=\"color: #000000;\">de los dem\u00e1s derechos humanos\u201d.<\/span><\/p><p style=\"text-align: center;\"><span style=\"color: #000000;\">Ha sido por m\u00e1s de 40 a\u00f1os activista en derechos humanos, miembro fundador de la organizaci\u00f3n social Red de Apoyo por la Justicia y la Paz. En diciembre de 2014, fue designado Director Ejecutivo de la Defensor\u00eda del Pueblo. En agosto de 2017, asume de manera interina el cargo de Defensor del Pueblo. El 17 de Agosto, de ese a\u00f1o, fue ratificado en sus funciones por la Asamblea Nacional Constituyente, como titular oficial.<\/span><\/p>\t\t\t\t\t\t\t\t<\/div>\n\t\t\t\t<\/div>\n\t\t\t\t\t<\/div>\n\t\t<\/div>\n\t\t\t\t\t<\/div>\n\t\t<\/section>\n\t\t\t\t<section class=\"elementor-section elementor-top-section elementor-element elementor-element-17524a1 elementor-section-boxed elementor-section-height-default elementor-section-height-default\" data-id=\"17524a1\" data-element_type=\"section\" data-e-type=\"section\">\n\t\t\t\t\t\t<div class=\"elementor-container elementor-column-gap-default\">\n\t\t\t\t\t<div class=\"elementor-column elementor-col-100 elementor-top-column elementor-element elementor-element-b181721\" data-id=\"b181721\" data-element_type=\"column\" data-e-type=\"column\">\n\t\t\t<div class=\"elementor-widget-wrap elementor-element-populated\">\n\t\t\t\t\t\t<div class=\"elementor-element elementor-element-ed0ae4f elementor-widget-divider--view-line elementor-widget elementor-widget-divider\" data-id=\"ed0ae4f\" data-element_type=\"widget\" data-e-type=\"widget\" data-widget_type=\"divider.default\">\n\t\t\t\t<div class=\"elementor-widget-container\">\n\t\t\t\t\t\t\t<div class=\"elementor-divider\">\n\t\t\t<span class=\"elementor-divider-separator\">\n\t\t\t\t\t\t<\/span>\n\t\t<\/div>\n\t\t\t\t\t\t<\/div>\n\t\t\t\t<\/div>\n\t\t\t\t\t<\/div>\n\t\t<\/div>\n\t\t\t\t\t<\/div>\n\t\t<\/section>\n\t\t\t\t<section class=\"elementor-section elementor-top-section elementor-element elementor-element-945210b elementor-section-boxed elementor-section-height-default elementor-section-height-default\" data-id=\"945210b\" data-element_type=\"section\" data-e-type=\"section\">\n\t\t\t\t\t\t<div class=\"elementor-container elementor-column-gap-default\">\n\t\t\t\t\t<div class=\"elementor-column elementor-col-100 elementor-top-column elementor-element elementor-element-27a3b6b\" data-id=\"27a3b6b\" data-element_type=\"column\" data-e-type=\"column\">\n\t\t\t<div class=\"elementor-widget-wrap elementor-element-populated\">\n\t\t\t\t\t\t<div class=\"elementor-element elementor-element-44fda63 elementor-widget elementor-widget-text-editor\" data-id=\"44fda63\" data-element_type=\"widget\" data-e-type=\"widget\" data-widget_type=\"text-editor.default\">\n\t\t\t\t<div class=\"elementor-widget-container\">\n\t\t\t\t\t\t\t\t\t<p align=\"justify\"><span lang=\"es-MX\" style=\"color: #000000;\">El actual Defensor del Pueblo de la Rep\u00fablica Bolivariana de Venezuela, Alfredo Jos\u00e9 Ruiz Angulo, naci\u00f3 en Caracas, parroquia La Vega, es licenciado en Educaci\u00f3n, menci\u00f3n Filosof\u00eda, egresado de la Universidad Cat\u00f3lica Andr\u00e9s Bello, n\u00facleo Los Teques.<\/span><\/p><p align=\"justify\"><span lang=\"es-MX\" style=\"color: #000000;\">Realiz\u00f3 estudios de posgrado sobre investigaci\u00f3n educativa en el Centro de Reflexi\u00f3n y Planificaci\u00f3n Educativa (CERPE) en Caracas y de Derechos Humanos en la Universidad de Verano en Ginebra, Suiza.<\/span><\/p><p align=\"justify\"><span lang=\"es-MX\" style=\"color: #000000;\">Ha dedicado la mayor parte de su vida, m\u00e1s de 40 a\u00f1os, a la promoci\u00f3n y defensa de los derechos humanos, apoyando y formando a organizaciones populares, grupos juveniles y comunidades eclesiales de base, tanto en Caracas como en el estado Miranda.<\/span><\/p><p align=\"justify\"><span lang=\"es-MX\" style=\"color: #000000;\">Fue miembro fundador de la Red de Apoyo por la Justicia y la Paz, organizaci\u00f3n social no gubernamental destinada a la promoci\u00f3n y defensa de los derechos humanos en Venezuela (desde 1985 hasta el 2014). Como integrante de esta asociaci\u00f3n, form\u00f3 parte de la Comisi\u00f3n Nacional para la implementaci\u00f3n de la Educaci\u00f3n en Derechos Humanos del Ministerio de Educaci\u00f3n, durante los a\u00f1os 1994-1997 y organiz\u00f3 el Encuentro Nacional de Movimientos Sociales y Populares con el Alto Gobierno (en 1997). Miembro del Consejo Directivo y del Comit\u00e9 Ejecutivo del Consejo Internacional de Rehabilitaci\u00f3n de V\u00edctimas de Tortura (IRCT), con sede en Copenhague, Dinamarca (2005-2006).<\/span><\/p><p align=\"justify\"><span lang=\"es-MX\" style=\"color: #000000;\">Paralelamente, Ruiz ha consagrado parte de su trayectoria a ser orientador y profesor en asignaturas como: Formaci\u00f3n familiar y ciudadana, y Orientaci\u00f3n humana, en varios centros educativos del pa\u00eds y en el Instituto Radiof\u00f3nico Fe y Alegr\u00eda. As\u00ed como de \u00e9tica fundamental, \u00e9tica social, \u00e9tica profesional y derechos humanos en varios institutos universitarios.<\/span><\/p><p align=\"justify\"><span lang=\"es-MX\" style=\"color: #000000;\">Igualmente, se desempe\u00f1\u00f3 como profesor en la Licenciatura en Educaci\u00f3n del Ensayo de Formaci\u00f3n de Educadores Populares (ENFODEP-CEPAP) de la Universidad Nacional Experimental Sim\u00f3n Rodr\u00edguez. Adem\u00e1s, fue jurado de varias tesis sobre Educaci\u00f3n en Derechos Humanos. Entre los a\u00f1os 1994-1996. Ha sido profesor, facilitador de talleres y diplomados en el Instituto Superior Salesiano Padre Ojeda, el Instituto de Estudios Superiores del Ministerio P\u00fablico, La Universidad Nacional Experimental de la Seguridad (UNES), entre otras instituciones.<\/span><\/p><p align=\"justify\"><span lang=\"es-MX\" style=\"color: #000000;\">Su formaci\u00f3n en derechos humanos, incluye adem\u00e1s de la teor\u00eda, la pr\u00e1ctica en la ejecuci\u00f3n de cursos, talleres y conversatorios sobre: Derecho Internacional de los Derechos Humanos, Derecho Internacional Humanitario, Educaci\u00f3n Popular, Investigaci\u00f3n Educativa y Protecci\u00f3n de Refugiados en Caracas (Venezuela), Ginebra (Suiza), Quito (Ecuador), Lima (Per\u00fa) y Copenhague (Dinamarca).<\/span><\/p><p align=\"justify\"><span lang=\"es-MX\" style=\"color: #000000;\">Ruiz ha demostrado ser un servidor social, con competencia moral y compromiso en la promoci\u00f3n, defensa y vigilancia de los derechos humanos. En diciembre del 2014 es designado Director Ejecutivo de la Defensor\u00eda del Pueblo. Asumiendo tambi\u00e9n los cargos de director de Asuntos Internacionales de la Defensor\u00eda del Pueblo, Coordinador de Defensor\u00edas Delegadas y Secretario de la Comisi\u00f3n Nacional de Prevenci\u00f3n de la Tortura y otros Tratos Crueles, Inhumanos o Degradantes, del 2015 al 2017.<\/span><\/p><p align=\"justify\"><span lang=\"es-MX\" style=\"color: #000000;\">El 1\u00b0 de mayo de 2015 fue condecorado por el Ejecutivo Nacional con la Orden al M\u00e9rito en el Trabajo \u201cAlfredo Maneiro\u201d en su primera clase; por m\u00e1s de 30 a\u00f1os de trabajo en pro de los Derechos Humanos. El 18 de septiembre de 2017 recibi\u00f3 la Cruz del Comando Estrat\u00e9gico Operacional de la Fuerza Armada Nacional Bolivariana en su primera clase. El 22 de noviembre de 2017 recibi\u00f3 la orden al m\u00e9rito del Ministerio P\u00fablico, medalla \u201cDr. Luis Mar\u00eda Olaso Junyent\u201d, otorgada por el Dr. Tarek Willians Saab, Fiscal General de la Rep\u00fablica.<\/span><\/p><p align=\"justify\"><span style=\"color: #000000;\"><span lang=\"es-MX\">En septiembre de 2017, e<\/span>l Consejo Legislativo del estado Lara le otorg\u00f3 un reconocimiento por su compromiso en la lucha en defensa de los Derechos de las ciudadanas y los ciudadanos, en una Patria donde reine la verdad y la paz. En la Sesi\u00f3n Especial conmemorativa del \u201cD\u00eda Internacional de la Paz\u201d. En 2018 recibe la Medalla Militar: \u201cCruz de Honor al M\u00e9rito de la Fiscal\u00eda General Militar. En Primera Clase\u201d y el Bot\u00f3n de la Contralor\u00eda General de la Rep\u00fablica Bolivariana de Venezuela en el 2020. As\u00ed como un reconocimiento especial otorgado por el Sistema de Protecci\u00f3n de Ni\u00f1os, Ni\u00f1as y Adolescentes del municipio Jos\u00e9 F\u00e9lix Ribas. En La Victoria, Estado Aragua. En Febrero 2022.<\/span><\/p><p align=\"justify\"><span style=\"color: #000000;\">Recientemente, con motivo del D\u00eda Nacional del Polic\u00eda, el Ministro del Poder Popular para Relaciones Interiores, Justicia y Paz, le otorga la Medalla \u201cOrden a la Paz\u201d. Caracas, 15 de Julio de 2022.<\/span><\/p><p align=\"justify\"><span lang=\"es-MX\" style=\"color: #000000;\">Desde el 05 de agosto de 2017 ocupa el cargo de Defensor del Pueblo interino y el 17 de agosto de ese mismo a\u00f1o, es confirmado en el ejercicio de sus funciones por la Asamblea Nacional Constituyente. Siendo ratificado como miembro del Consejo Moral Republicano y Defensor del Pueblo de la Rep\u00fablica Bolivariana de Venezuela el 21 de noviembre del a\u00f1o 2018. Asume sus funciones con la premisa de que \u201cla paz es un valor supremo y que sin ella se dificulta el ejercicio de los dem\u00e1s derechos humanos\u201d.<\/span><\/p>\t\t\t\t\t\t\t\t<\/div>\n\t\t\t\t<\/div>\n\t\t\t\t\t<\/div>\n\t\t<\/div>\n\t\t\t\t\t<\/div>\n\t\t<\/section>\n\t\t\t\t<\/div>\n\t\t","protected":false},"excerpt":{"rendered":"<p>Alfredo Ruiz Angulo \u00a0\u201cLa paz es un valor supremo y sin ella se dificulta el ejerciciode los dem\u00e1s derechos humanos\u201d. Ha sido por m\u00e1s de 40 a\u00f1os activista en derechos&hellip; <\/p>\n","protected":false},"author":1,"featured_media":0,"parent":0,"menu_order":0,"comment_status":"closed","ping_status":"closed","template":"","meta":{"footnotes":""},"class_list":["post-14","page","type-page","status-publish","hentry"],"yoast_head":"<!-- This site is optimized with the Yoast SEO plugin v27.2 - https:\/\/yoast.com\/product\/yoast-seo-wordpress\/ -->\n<title>DEFENSOR DEL PUEBLO -<\/title>\n<meta name=\"robots\" content=\"index, follow, max-snippet:-1, max-image-preview:large, max-video-preview:-1\" \/>\n<link rel=\"canonical\" href=\"http:\/\/www.defensoria.gob.ve\/?page_id=14\" \/>\n<meta property=\"og:locale\" content=\"es_ES\" \/>\n<meta property=\"og:type\" content=\"article\" \/>\n<meta property=\"og:title\" content=\"DEFENSOR DEL PUEBLO -\" \/>\n<meta property=\"og:description\" content=\"Alfredo Ruiz Angulo \u00a0\u201cLa paz es un valor supremo y sin ella se dificulta el ejerciciode los dem\u00e1s derechos humanos\u201d. Ha sido por m\u00e1s de 40 a\u00f1os activista en derechos&hellip;\" \/>\n<meta property=\"og:url\" content=\"http:\/\/www.defensoria.gob.ve\/?page_id=14\" \/>\n<meta property=\"article:modified_time\" content=\"2023-09-13T17:52:50+00:00\" \/>\n<meta property=\"og:image\" content=\"http:\/\/www.defensoria.gob.ve\/wp-content\/uploads\/2023\/09\/defn.png\" \/>\n<meta name=\"twitter:card\" content=\"summary_large_image\" \/>\n<meta name=\"twitter:label1\" content=\"Tiempo estimado de lectura\" \/>\n\t<meta name=\"twitter:data1\" content=\"5 minutos\" \/>\n<script type=\"application\/ld+json\" class=\"yoast-schema-graph\">{\"@context\":\"https:\/\/schema.org\",\"@graph\":[{\"@type\":\"WebPage\",\"@id\":\"http:\/\/www.defensoria.gob.ve\/?page_id=14\",\"url\":\"http:\/\/www.defensoria.gob.ve\/?page_id=14\",\"name\":\"DEFENSOR DEL PUEBLO -\",\"isPartOf\":{\"@id\":\"http:\/\/www.defensoria.gob.ve\/#website\"},\"primaryImageOfPage\":{\"@id\":\"http:\/\/www.defensoria.gob.ve\/?page_id=14#primaryimage\"},\"image\":{\"@id\":\"http:\/\/www.defensoria.gob.ve\/?page_id=14#primaryimage\"},\"thumbnailUrl\":\"http:\/\/www.defensoria.gob.ve\/wp-content\/uploads\/2023\/09\/defn.png\",\"datePublished\":\"2023-09-05T17:31:32+00:00\",\"dateModified\":\"2023-09-13T17:52:50+00:00\",\"breadcrumb\":{\"@id\":\"http:\/\/www.defensoria.gob.ve\/?page_id=14#breadcrumb\"},\"inLanguage\":\"es\",\"potentialAction\":[{\"@type\":\"ReadAction\",\"target\":[\"http:\/\/www.defensoria.gob.ve\/?page_id=14\"]}]},{\"@type\":\"ImageObject\",\"inLanguage\":\"es\",\"@id\":\"http:\/\/www.defensoria.gob.ve\/?page_id=14#primaryimage\",\"url\":\"http:\/\/www.defensoria.gob.ve\/wp-content\/uploads\/2023\/09\/defn.png\",\"contentUrl\":\"http:\/\/www.defensoria.gob.ve\/wp-content\/uploads\/2023\/09\/defn.png\",\"width\":809,\"height\":96},{\"@type\":\"BreadcrumbList\",\"@id\":\"http:\/\/www.defensoria.gob.ve\/?page_id=14#breadcrumb\",\"itemListElement\":[{\"@type\":\"ListItem\",\"position\":1,\"name\":\"Portada\",\"item\":\"http:\/\/www.defensoria.gob.ve\/\"},{\"@type\":\"ListItem\",\"position\":2,\"name\":\"DEFENSOR DEL PUEBLO\"}]},{\"@type\":\"WebSite\",\"@id\":\"http:\/\/www.defensoria.gob.ve\/#website\",\"url\":\"http:\/\/www.defensoria.gob.ve\/\",\"name\":\"\",\"description\":\"Instituci\u00f3n del Poder Ciudadano para la Promoci\u00f3n, Defensa y Vigilancia de los Derechos Humanos. \",\"potentialAction\":[{\"@type\":\"SearchAction\",\"target\":{\"@type\":\"EntryPoint\",\"urlTemplate\":\"http:\/\/www.defensoria.gob.ve\/?s={search_term_string}\"},\"query-input\":{\"@type\":\"PropertyValueSpecification\",\"valueRequired\":true,\"valueName\":\"search_term_string\"}}],\"inLanguage\":\"es\"}]}<\/script>\n<!-- \/ Yoast SEO plugin. -->","yoast_head_json":{"title":"DEFENSOR DEL PUEBLO -","robots":{"index":"index","follow":"follow","max-snippet":"max-snippet:-1","max-image-preview":"max-image-preview:large","max-video-preview":"max-video-preview:-1"},"canonical":"http:\/\/www.defensoria.gob.ve\/?page_id=14","og_locale":"es_ES","og_type":"article","og_title":"DEFENSOR DEL PUEBLO -","og_description":"Alfredo Ruiz Angulo \u00a0\u201cLa paz es un valor supremo y sin ella se dificulta el ejerciciode los dem\u00e1s derechos humanos\u201d. Ha sido por m\u00e1s de 40 a\u00f1os activista en derechos&hellip;","og_url":"http:\/\/www.defensoria.gob.ve\/?page_id=14","article_modified_time":"2023-09-13T17:52:50+00:00","og_image":[{"url":"http:\/\/www.defensoria.gob.ve\/wp-content\/uploads\/2023\/09\/defn.png","type":"","width":"","height":""}],"twitter_card":"summary_large_image","twitter_misc":{"Tiempo estimado de lectura":"5 minutos"},"schema":{"@context":"https:\/\/schema.org","@graph":[{"@type":"WebPage","@id":"http:\/\/www.defensoria.gob.ve\/?page_id=14","url":"http:\/\/www.defensoria.gob.ve\/?page_id=14","name":"DEFENSOR DEL PUEBLO -","isPartOf":{"@id":"http:\/\/www.defensoria.gob.ve\/#website"},"primaryImageOfPage":{"@id":"http:\/\/www.defensoria.gob.ve\/?page_id=14#primaryimage"},"image":{"@id":"http:\/\/www.defensoria.gob.ve\/?page_id=14#primaryimage"},"thumbnailUrl":"http:\/\/www.defensoria.gob.ve\/wp-content\/uploads\/2023\/09\/defn.png","datePublished":"2023-09-05T17:31:32+00:00","dateModified":"2023-09-13T17:52:50+00:00","breadcrumb":{"@id":"http:\/\/www.defensoria.gob.ve\/?page_id=14#breadcrumb"},"inLanguage":"es","potentialAction":[{"@type":"ReadAction","target":["http:\/\/www.defensoria.gob.ve\/?page_id=14"]}]},{"@type":"ImageObject","inLanguage":"es","@id":"http:\/\/www.defensoria.gob.ve\/?page_id=14#primaryimage","url":"http:\/\/www.defensoria.gob.ve\/wp-content\/uploads\/2023\/09\/defn.png","contentUrl":"http:\/\/www.defensoria.gob.ve\/wp-content\/uploads\/2023\/09\/defn.png","width":809,"height":96},{"@type":"BreadcrumbList","@id":"http:\/\/www.defensoria.gob.ve\/?page_id=14#breadcrumb","itemListElement":[{"@type":"ListItem","position":1,"name":"Portada","item":"http:\/\/www.defensoria.gob.ve\/"},{"@type":"ListItem","position":2,"name":"DEFENSOR DEL PUEBLO"}]},{"@type":"WebSite","@id":"http:\/\/www.defensoria.gob.ve\/#website","url":"http:\/\/www.defensoria.gob.ve\/","name":"","description":"Instituci\u00f3n del Poder Ciudadano para la Promoci\u00f3n, Defensa y Vigilancia de los Derechos Humanos. ","potentialAction":[{"@type":"SearchAction","target":{"@type":"EntryPoint","urlTemplate":"http:\/\/www.defensoria.gob.ve\/?s={search_term_string}"},"query-input":{"@type":"PropertyValueSpecification","valueRequired":true,"valueName":"search_term_string"}}],"inLanguage":"es"}]}},"_links":{"self":[{"href":"http:\/\/www.defensoria.gob.ve\/index.php?rest_route=\/wp\/v2\/pages\/14","targetHints":{"allow":["GET"]}}],"collection":[{"href":"http:\/\/www.defensoria.gob.ve\/index.php?rest_route=\/wp\/v2\/pages"}],"about":[{"href":"http:\/\/www.defensoria.gob.ve\/index.php?rest_route=\/wp\/v2\/types\/page"}],"author":[{"embeddable":true,"href":"http:\/\/www.defensoria.gob.ve\/index.php?rest_route=\/wp\/v2\/users\/1"}],"replies":[{"embeddable":true,"href":"http:\/\/www.defensoria.gob.ve\/index.php?rest_route=%2Fwp%2Fv2%2Fcomments&post=14"}],"version-history":[{"count":10,"href":"http:\/\/www.defensoria.gob.ve\/index.php?rest_route=\/wp\/v2\/pages\/14\/revisions"}],"predecessor-version":[{"id":1181,"href":"http:\/\/www.defensoria.gob.ve\/index.php?rest_route=\/wp\/v2\/pages\/14\/revisions\/1181"}],"wp:attachment":[{"href":"http:\/\/www.defensoria.gob.ve\/index.php?rest_route=%2Fwp%2Fv2%2Fmedia&parent=14"}],"curies":[{"name":"wp","href":"https:\/\/api.w.org\/{rel}","templated":true}]}}