 
{"id":24,"date":"2023-09-05T13:46:00","date_gmt":"2023-09-05T17:46:00","guid":{"rendered":"http:\/\/10.70.220.3\/?page_id=24"},"modified":"2023-09-13T11:38:33","modified_gmt":"2023-09-13T15:38:33","slug":"competencias","status":"publish","type":"page","link":"http:\/\/www.defensoria.gob.ve\/?page_id=24","title":{"rendered":"ATRIBUCIONES Y COMPETENCIAS"},"content":{"rendered":"\t\t<div data-elementor-type=\"wp-page\" data-elementor-id=\"24\" class=\"elementor elementor-24\">\n\t\t\t\t\t\t<section class=\"elementor-section elementor-top-section elementor-element elementor-element-eb7abb7 elementor-section-boxed elementor-section-height-default elementor-section-height-default\" data-id=\"eb7abb7\" data-element_type=\"section\" data-e-type=\"section\">\n\t\t\t\t\t\t<div class=\"elementor-container elementor-column-gap-default\">\n\t\t\t\t\t<div class=\"elementor-column elementor-col-100 elementor-top-column elementor-element elementor-element-8aee255\" data-id=\"8aee255\" data-element_type=\"column\" data-e-type=\"column\">\n\t\t\t<div class=\"elementor-widget-wrap elementor-element-populated\">\n\t\t\t\t\t\t<div class=\"elementor-element elementor-element-2e79157 elementor-widget elementor-widget-image\" data-id=\"2e79157\" data-element_type=\"widget\" data-e-type=\"widget\" data-widget_type=\"image.default\">\n\t\t\t\t<div class=\"elementor-widget-container\">\n\t\t\t\t\t\t\t\t\t\t\t\t\t\t\t<img fetchpriority=\"high\" decoding=\"async\" width=\"808\" height=\"70\" src=\"http:\/\/www.defensoria.gob.ve\/wp-content\/uploads\/2023\/09\/atri-comp.png\" class=\"attachment-large size-large wp-image-934\" alt=\"\" srcset=\"http:\/\/www.defensoria.gob.ve\/wp-content\/uploads\/2023\/09\/atri-comp.png 808w, http:\/\/www.defensoria.gob.ve\/wp-content\/uploads\/2023\/09\/atri-comp-300x26.png 300w, http:\/\/www.defensoria.gob.ve\/wp-content\/uploads\/2023\/09\/atri-comp-768x67.png 768w\" sizes=\"(max-width: 808px) 100vw, 808px\" \/>\t\t\t\t\t\t\t\t\t\t\t\t\t\t\t<\/div>\n\t\t\t\t<\/div>\n\t\t\t\t\t<\/div>\n\t\t<\/div>\n\t\t\t\t\t<\/div>\n\t\t<\/section>\n\t\t\t\t<section class=\"elementor-section elementor-top-section elementor-element elementor-element-1a538cd elementor-section-boxed elementor-section-height-default elementor-section-height-default\" data-id=\"1a538cd\" data-element_type=\"section\" data-e-type=\"section\">\n\t\t\t\t\t\t<div class=\"elementor-container elementor-column-gap-default\">\n\t\t\t\t\t<div class=\"elementor-column elementor-col-100 elementor-top-column elementor-element elementor-element-030b5cf\" data-id=\"030b5cf\" data-element_type=\"column\" data-e-type=\"column\">\n\t\t\t<div class=\"elementor-widget-wrap elementor-element-populated\">\n\t\t\t\t\t\t<div class=\"elementor-element elementor-element-ce46da1 elementor-widget elementor-widget-text-editor\" data-id=\"ce46da1\" data-element_type=\"widget\" data-e-type=\"widget\" data-widget_type=\"text-editor.default\">\n\t\t\t\t<div class=\"elementor-widget-container\">\n\t\t\t\t\t\t\t\t\t<p>La Defensor\u00eda del Pueblo tiene a su cargo la promoci\u00f3n, defensa y vigilancia de los\u00a0<span style=\"font-family: var( --e-global-typography-text-font-family ), Sans-serif;\">derechos y garant\u00edas establecidos en la Constituci\u00f3n de la Rep\u00fablica Bolivariana de\u00a0<\/span><span style=\"font-family: var( --e-global-typography-text-font-family ), Sans-serif;\">Venezuela y en los instrumentos internacionales sobre derechos humanos, adem\u00e1s de los\u00a0<\/span><span style=\"font-family: var( --e-global-typography-text-font-family ), Sans-serif;\">intereses leg\u00edtimos, colectivos o difusos de los ciudadanos y ciudadanas.<\/span><\/p><p><span style=\"font-family: var( --e-global-typography-text-font-family ), Sans-serif;\">\u00a0<\/span>En este sentido, la Defensor\u00eda del Pueblo en el marco de las atribuciones conferidas en\u00a0<span style=\"font-family: var( --e-global-typography-text-font-family ), Sans-serif; color: #0b0b0b; font-size: 19px;\">el art\u00edculo 281 de la Constituci\u00f3n de la Rep\u00fablica Bolivariana de Venezuela (Gaceta\u00a0<\/span><span style=\"font-family: var( --e-global-typography-text-font-family ), Sans-serif; color: #0b0b0b; font-size: 19px;\">Oficial de la Rep\u00fablica Bolivariana de Venezuela N\u00b0 36.860, de fecha 30\/12\/1999), y las\u00a0<\/span><span style=\"font-family: var( --e-global-typography-text-font-family ), Sans-serif; color: #0b0b0b; font-size: 19px;\">competencias establecidas en el art\u00edculo 15 de la Ley Org\u00e1nica de Defensor\u00eda del\u00a0<\/span><span style=\"font-family: var( --e-global-typography-text-font-family ), Sans-serif; color: #0b0b0b; font-size: 19px;\">Pueblo, (Gaceta Oficial de la Rep\u00fablica Bolivariana de Venezuela N\u00b0 37.995, de\u00a0<\/span><span style=\"font-family: var( --e-global-typography-text-font-family ), Sans-serif; color: #0b0b0b; font-size: 19px;\">fecha 05\/08\/2004), as\u00ed como tambi\u00e9n en las l\u00edneas generales de actuaci\u00f3n defensorial en\u00a0<\/span><span style=\"font-family: var( --e-global-typography-text-font-family ), Sans-serif; color: #0b0b0b; font-size: 19px;\">materia de Promoci\u00f3n y Divulgaci\u00f3n; Defensa; Vigilancia; Mediaci\u00f3n y Conciliaci\u00f3n y\u00a0<\/span><span style=\"font-family: var( --e-global-typography-text-font-family ), Sans-serif; color: #0b0b0b; font-size: 19px;\">Promoci\u00f3n de las Pol\u00edticas P\u00fablicas en materia de derechos humanos, (Gaceta\u00a0<\/span><span style=\"font-family: var( --e-global-typography-text-font-family ), Sans-serif; color: #0b0b0b; font-size: 19px;\">Oficial de la Rep\u00fablica Bolivariana de Venezuela N\u00ba 40.679, de fecha 10\/06\/2015),\u00a0<\/span><span style=\"font-family: var( --e-global-typography-text-font-family ), Sans-serif; color: #0b0b0b; font-size: 19px;\">contempla seis (06) grandes ejes que contienen los objetivos estrat\u00e9gicos de las l\u00edneas\u00a0<\/span><span style=\"font-family: var( --e-global-typography-text-font-family ), Sans-serif; color: #0b0b0b; font-size: 19px;\">generales de actuaci\u00f3n defensorial a saber: Mediaci\u00f3n y Conciliaci\u00f3n, Defensa,\u00a0<\/span><span style=\"font-family: var( --e-global-typography-text-font-family ), Sans-serif; color: #0b0b0b; font-size: 19px;\">Protecci\u00f3n, Educaci\u00f3n en Valores y Promoci\u00f3n de los Derechos Humanos, Legislaci\u00f3n y\u00a0<\/span><span style=\"font-family: var( --e-global-typography-text-font-family ), Sans-serif; color: #0b0b0b; font-size: 19px;\">Querella, (Gaceta Oficial de la Rep\u00fablica Bolivariana de Venezuela N\u00ba 40.730, de\u00a0<\/span><span style=\"font-family: var( --e-global-typography-text-font-family ), Sans-serif; color: #0b0b0b; font-size: 19px;\">fecha 24\/08\/2015); todo ello, basado en los principios de actuaci\u00f3n (oralidad, inmediatez,\u00a0<\/span><span style=\"font-family: var( --e-global-typography-text-font-family ), Sans-serif; color: #0b0b0b; font-size: 19px;\">gratuidad, accesibilidad, celeridad, informalidad e impulso de oficio), para el cumplimiento\u00a0<\/span><span style=\"font-family: var( --e-global-typography-text-font-family ), Sans-serif; color: #0b0b0b; font-size: 19px;\">de los objetivos y funciones defensoriales.<\/span><\/p>\t\t\t\t\t\t\t\t<\/div>\n\t\t\t\t<\/div>\n\t\t\t\t\t<\/div>\n\t\t<\/div>\n\t\t\t\t\t<\/div>\n\t\t<\/section>\n\t\t\t\t<\/div>\n\t\t","protected":false},"excerpt":{"rendered":"<p>La Defensor\u00eda del Pueblo tiene a su cargo la promoci\u00f3n, defensa y vigilancia de los\u00a0derechos y garant\u00edas establecidos en la Constituci\u00f3n de la Rep\u00fablica Bolivariana de\u00a0Venezuela y en los instrumentos&hellip; <\/p>\n","protected":false},"author":1,"featured_media":0,"parent":22,"menu_order":0,"comment_status":"closed","ping_status":"closed","template":"","meta":{"footnotes":""},"class_list":["post-24","page","type-page","status-publish","hentry"],"yoast_head":"<!-- This site is optimized with the Yoast SEO plugin v27.2 - https:\/\/yoast.com\/product\/yoast-seo-wordpress\/ -->\n<title>ATRIBUCIONES Y COMPETENCIAS -<\/title>\n<meta name=\"robots\" content=\"index, follow, max-snippet:-1, max-image-preview:large, max-video-preview:-1\" \/>\n<link rel=\"canonical\" href=\"http:\/\/www.defensoria.gob.ve\/?page_id=24\" \/>\n<meta property=\"og:locale\" content=\"es_ES\" \/>\n<meta property=\"og:type\" content=\"article\" \/>\n<meta property=\"og:title\" content=\"ATRIBUCIONES Y COMPETENCIAS -\" \/>\n<meta property=\"og:description\" content=\"La Defensor\u00eda del Pueblo tiene a su cargo la promoci\u00f3n, defensa y vigilancia de los\u00a0derechos y garant\u00edas establecidos en la Constituci\u00f3n de la Rep\u00fablica Bolivariana de\u00a0Venezuela y en los instrumentos&hellip;\" \/>\n<meta property=\"og:url\" content=\"http:\/\/www.defensoria.gob.ve\/?page_id=24\" \/>\n<meta property=\"article:modified_time\" content=\"2023-09-13T15:38:33+00:00\" \/>\n<meta property=\"og:image\" content=\"http:\/\/www.defensoria.gob.ve\/wp-content\/uploads\/2023\/09\/atri-comp.png\" \/>\n<meta name=\"twitter:card\" content=\"summary_large_image\" \/>\n<meta name=\"twitter:label1\" content=\"Tiempo estimado de lectura\" \/>\n\t<meta name=\"twitter:data1\" content=\"2 minutos\" \/>\n<script type=\"application\/ld+json\" class=\"yoast-schema-graph\">{\"@context\":\"https:\/\/schema.org\",\"@graph\":[{\"@type\":\"WebPage\",\"@id\":\"http:\/\/www.defensoria.gob.ve\/?page_id=24\",\"url\":\"http:\/\/www.defensoria.gob.ve\/?page_id=24\",\"name\":\"ATRIBUCIONES Y COMPETENCIAS -\",\"isPartOf\":{\"@id\":\"http:\/\/www.defensoria.gob.ve\/#website\"},\"primaryImageOfPage\":{\"@id\":\"http:\/\/www.defensoria.gob.ve\/?page_id=24#primaryimage\"},\"image\":{\"@id\":\"http:\/\/www.defensoria.gob.ve\/?page_id=24#primaryimage\"},\"thumbnailUrl\":\"http:\/\/www.defensoria.gob.ve\/wp-content\/uploads\/2023\/09\/atri-comp.png\",\"datePublished\":\"2023-09-05T17:46:00+00:00\",\"dateModified\":\"2023-09-13T15:38:33+00:00\",\"breadcrumb\":{\"@id\":\"http:\/\/www.defensoria.gob.ve\/?page_id=24#breadcrumb\"},\"inLanguage\":\"es\",\"potentialAction\":[{\"@type\":\"ReadAction\",\"target\":[\"http:\/\/www.defensoria.gob.ve\/?page_id=24\"]}]},{\"@type\":\"ImageObject\",\"inLanguage\":\"es\",\"@id\":\"http:\/\/www.defensoria.gob.ve\/?page_id=24#primaryimage\",\"url\":\"http:\/\/www.defensoria.gob.ve\/wp-content\/uploads\/2023\/09\/atri-comp.png\",\"contentUrl\":\"http:\/\/www.defensoria.gob.ve\/wp-content\/uploads\/2023\/09\/atri-comp.png\",\"width\":808,\"height\":70},{\"@type\":\"BreadcrumbList\",\"@id\":\"http:\/\/www.defensoria.gob.ve\/?page_id=24#breadcrumb\",\"itemListElement\":[{\"@type\":\"ListItem\",\"position\":1,\"name\":\"Portada\",\"item\":\"http:\/\/www.defensoria.gob.ve\/\"},{\"@type\":\"ListItem\",\"position\":2,\"name\":\"CON\u00d3CENOS\",\"item\":\"http:\/\/www.defensoria.gob.ve\/?page_id=22\"},{\"@type\":\"ListItem\",\"position\":3,\"name\":\"ATRIBUCIONES Y COMPETENCIAS\"}]},{\"@type\":\"WebSite\",\"@id\":\"http:\/\/www.defensoria.gob.ve\/#website\",\"url\":\"http:\/\/www.defensoria.gob.ve\/\",\"name\":\"\",\"description\":\"Instituci\u00f3n del Poder Ciudadano para la Promoci\u00f3n, Defensa y Vigilancia de los Derechos Humanos. \",\"potentialAction\":[{\"@type\":\"SearchAction\",\"target\":{\"@type\":\"EntryPoint\",\"urlTemplate\":\"http:\/\/www.defensoria.gob.ve\/?s={search_term_string}\"},\"query-input\":{\"@type\":\"PropertyValueSpecification\",\"valueRequired\":true,\"valueName\":\"search_term_string\"}}],\"inLanguage\":\"es\"}]}<\/script>\n<!-- \/ Yoast SEO plugin. -->","yoast_head_json":{"title":"ATRIBUCIONES Y COMPETENCIAS -","robots":{"index":"index","follow":"follow","max-snippet":"max-snippet:-1","max-image-preview":"max-image-preview:large","max-video-preview":"max-video-preview:-1"},"canonical":"http:\/\/www.defensoria.gob.ve\/?page_id=24","og_locale":"es_ES","og_type":"article","og_title":"ATRIBUCIONES Y COMPETENCIAS -","og_description":"La Defensor\u00eda del Pueblo tiene a su cargo la promoci\u00f3n, defensa y vigilancia de los\u00a0derechos y garant\u00edas establecidos en la Constituci\u00f3n de la Rep\u00fablica Bolivariana de\u00a0Venezuela y en los instrumentos&hellip;","og_url":"http:\/\/www.defensoria.gob.ve\/?page_id=24","article_modified_time":"2023-09-13T15:38:33+00:00","og_image":[{"url":"http:\/\/www.defensoria.gob.ve\/wp-content\/uploads\/2023\/09\/atri-comp.png","type":"","width":"","height":""}],"twitter_card":"summary_large_image","twitter_misc":{"Tiempo estimado de lectura":"2 minutos"},"schema":{"@context":"https:\/\/schema.org","@graph":[{"@type":"WebPage","@id":"http:\/\/www.defensoria.gob.ve\/?page_id=24","url":"http:\/\/www.defensoria.gob.ve\/?page_id=24","name":"ATRIBUCIONES Y COMPETENCIAS -","isPartOf":{"@id":"http:\/\/www.defensoria.gob.ve\/#website"},"primaryImageOfPage":{"@id":"http:\/\/www.defensoria.gob.ve\/?page_id=24#primaryimage"},"image":{"@id":"http:\/\/www.defensoria.gob.ve\/?page_id=24#primaryimage"},"thumbnailUrl":"http:\/\/www.defensoria.gob.ve\/wp-content\/uploads\/2023\/09\/atri-comp.png","datePublished":"2023-09-05T17:46:00+00:00","dateModified":"2023-09-13T15:38:33+00:00","breadcrumb":{"@id":"http:\/\/www.defensoria.gob.ve\/?page_id=24#breadcrumb"},"inLanguage":"es","potentialAction":[{"@type":"ReadAction","target":["http:\/\/www.defensoria.gob.ve\/?page_id=24"]}]},{"@type":"ImageObject","inLanguage":"es","@id":"http:\/\/www.defensoria.gob.ve\/?page_id=24#primaryimage","url":"http:\/\/www.defensoria.gob.ve\/wp-content\/uploads\/2023\/09\/atri-comp.png","contentUrl":"http:\/\/www.defensoria.gob.ve\/wp-content\/uploads\/2023\/09\/atri-comp.png","width":808,"height":70},{"@type":"BreadcrumbList","@id":"http:\/\/www.defensoria.gob.ve\/?page_id=24#breadcrumb","itemListElement":[{"@type":"ListItem","position":1,"name":"Portada","item":"http:\/\/www.defensoria.gob.ve\/"},{"@type":"ListItem","position":2,"name":"CON\u00d3CENOS","item":"http:\/\/www.defensoria.gob.ve\/?page_id=22"},{"@type":"ListItem","position":3,"name":"ATRIBUCIONES Y COMPETENCIAS"}]},{"@type":"WebSite","@id":"http:\/\/www.defensoria.gob.ve\/#website","url":"http:\/\/www.defensoria.gob.ve\/","name":"","description":"Instituci\u00f3n del Poder Ciudadano para la Promoci\u00f3n, Defensa y Vigilancia de los Derechos Humanos. ","potentialAction":[{"@type":"SearchAction","target":{"@type":"EntryPoint","urlTemplate":"http:\/\/www.defensoria.gob.ve\/?s={search_term_string}"},"query-input":{"@type":"PropertyValueSpecification","valueRequired":true,"valueName":"search_term_string"}}],"inLanguage":"es"}]}},"_links":{"self":[{"href":"http:\/\/www.defensoria.gob.ve\/index.php?rest_route=\/wp\/v2\/pages\/24","targetHints":{"allow":["GET"]}}],"collection":[{"href":"http:\/\/www.defensoria.gob.ve\/index.php?rest_route=\/wp\/v2\/pages"}],"about":[{"href":"http:\/\/www.defensoria.gob.ve\/index.php?rest_route=\/wp\/v2\/types\/page"}],"author":[{"embeddable":true,"href":"http:\/\/www.defensoria.gob.ve\/index.php?rest_route=\/wp\/v2\/users\/1"}],"replies":[{"embeddable":true,"href":"http:\/\/www.defensoria.gob.ve\/index.php?rest_route=%2Fwp%2Fv2%2Fcomments&post=24"}],"version-history":[{"count":23,"href":"http:\/\/www.defensoria.gob.ve\/index.php?rest_route=\/wp\/v2\/pages\/24\/revisions"}],"predecessor-version":[{"id":1142,"href":"http:\/\/www.defensoria.gob.ve\/index.php?rest_route=\/wp\/v2\/pages\/24\/revisions\/1142"}],"up":[{"embeddable":true,"href":"http:\/\/www.defensoria.gob.ve\/index.php?rest_route=\/wp\/v2\/pages\/22"}],"wp:attachment":[{"href":"http:\/\/www.defensoria.gob.ve\/index.php?rest_route=%2Fwp%2Fv2%2Fmedia&parent=24"}],"curies":[{"name":"wp","href":"https:\/\/api.w.org\/{rel}","templated":true}]}}