 
{"id":361,"date":"2023-09-06T13:20:11","date_gmt":"2023-09-06T17:20:11","guid":{"rendered":"http:\/\/10.70.220.3\/?page_id=361"},"modified":"2025-12-08T10:56:39","modified_gmt":"2025-12-08T14:56:39","slug":"defensoria-delegada-falcon","status":"publish","type":"page","link":"http:\/\/www.defensoria.gob.ve\/?page_id=361","title":{"rendered":"DEFENSOR\u00cdA DELEGADA FALC\u00d3N"},"content":{"rendered":"\t\t<div data-elementor-type=\"wp-page\" data-elementor-id=\"361\" class=\"elementor elementor-361\">\n\t\t\t\t\t\t<section class=\"elementor-section elementor-top-section elementor-element elementor-element-ae59dee elementor-section-boxed elementor-section-height-default elementor-section-height-default\" data-id=\"ae59dee\" data-element_type=\"section\" data-e-type=\"section\">\n\t\t\t\t\t\t<div class=\"elementor-container elementor-column-gap-default\">\n\t\t\t\t\t<div class=\"elementor-column elementor-col-100 elementor-top-column elementor-element elementor-element-c46aea3\" data-id=\"c46aea3\" data-element_type=\"column\" data-e-type=\"column\">\n\t\t\t<div class=\"elementor-widget-wrap elementor-element-populated\">\n\t\t\t\t\t\t<div class=\"elementor-element elementor-element-b3b409f elementor-widget elementor-widget-heading\" data-id=\"b3b409f\" data-element_type=\"widget\" data-e-type=\"widget\" data-widget_type=\"heading.default\">\n\t\t\t\t<div class=\"elementor-widget-container\">\n\t\t\t\t\t<h2 class=\"elementor-heading-title elementor-size-default\">DEFENSOR\u00cdA DELEGADA FALC\u00d3N<\/h2>\t\t\t\t<\/div>\n\t\t\t\t<\/div>\n\t\t\t\t\t<\/div>\n\t\t<\/div>\n\t\t\t\t\t<\/div>\n\t\t<\/section>\n\t\t\t\t<section class=\"elementor-section elementor-top-section elementor-element elementor-element-e23900c elementor-section-boxed elementor-section-height-default elementor-section-height-default\" data-id=\"e23900c\" data-element_type=\"section\" data-e-type=\"section\">\n\t\t\t\t\t\t<div class=\"elementor-container elementor-column-gap-default\">\n\t\t\t\t\t<div class=\"elementor-column elementor-col-100 elementor-top-column elementor-element elementor-element-089cf3c\" data-id=\"089cf3c\" data-element_type=\"column\" data-e-type=\"column\">\n\t\t\t<div class=\"elementor-widget-wrap elementor-element-populated\">\n\t\t\t\t\t\t<div class=\"elementor-element elementor-element-8fbc5dd elementor-widget elementor-widget-image\" data-id=\"8fbc5dd\" data-element_type=\"widget\" data-e-type=\"widget\" data-widget_type=\"image.default\">\n\t\t\t\t<div class=\"elementor-widget-container\">\n\t\t\t\t\t\t\t\t\t\t\t\t\t\t\t<img fetchpriority=\"high\" decoding=\"async\" width=\"808\" height=\"124\" src=\"http:\/\/www.defensoria.gob.ve\/wp-content\/uploads\/2023\/09\/directel.png\" class=\"attachment-large size-large wp-image-635\" alt=\"\" srcset=\"http:\/\/www.defensoria.gob.ve\/wp-content\/uploads\/2023\/09\/directel.png 808w, http:\/\/www.defensoria.gob.ve\/wp-content\/uploads\/2023\/09\/directel-300x46.png 300w, http:\/\/www.defensoria.gob.ve\/wp-content\/uploads\/2023\/09\/directel-768x118.png 768w\" sizes=\"(max-width: 808px) 100vw, 808px\" \/>\t\t\t\t\t\t\t\t\t\t\t\t\t\t\t<\/div>\n\t\t\t\t<\/div>\n\t\t\t\t\t<\/div>\n\t\t<\/div>\n\t\t\t\t\t<\/div>\n\t\t<\/section>\n\t\t\t\t<section class=\"elementor-section elementor-top-section elementor-element elementor-element-82d6d85 elementor-section-boxed elementor-section-height-default elementor-section-height-default\" data-id=\"82d6d85\" data-element_type=\"section\" data-e-type=\"section\">\n\t\t\t\t\t\t<div class=\"elementor-container elementor-column-gap-default\">\n\t\t\t\t\t<div class=\"elementor-column elementor-col-100 elementor-top-column elementor-element elementor-element-c562550\" data-id=\"c562550\" data-element_type=\"column\" data-e-type=\"column\">\n\t\t\t<div class=\"elementor-widget-wrap elementor-element-populated\">\n\t\t\t\t\t\t<div class=\"elementor-element elementor-element-d76bda8 elementor-widget elementor-widget-text-editor\" data-id=\"d76bda8\" data-element_type=\"widget\" data-e-type=\"widget\" data-widget_type=\"text-editor.default\">\n\t\t\t\t<div class=\"elementor-widget-container\">\n\t\t\t\t\t\t\t\t\t<p><strong>Defensora Delegada:<\/strong> Edisoie Sandoval.<\/p>\n<p style=\"text-align: justify;\"><strong>Direcci\u00f3n:<\/strong> Av. Manaure. Edf. Masada. P.B. entre plaza El Tenis y el Edif. De la Fiscal\u00eda del Ministerio P\u00fablico. CORO Venezuela.<\/p>\n<p><strong>Tel\u00e9fonos:<\/strong>&nbsp;(0268) 252.41.98<\/p>\n<p><strong>Correo Electronico:&nbsp;<\/strong><span style=\"color: #3886b8; font-family: Arial, 'sans-serif'; font-size: 16pt;\">ddpcoro65@gmail.com&nbsp;<\/span><strong>\/&nbsp;<\/strong><span style=\"color: #3886b8; font-family: Arial, 'sans-serif'; font-size: 16pt;\">d-falcon@defensoria.gob.ve&nbsp;<\/span><\/p>\t\t\t\t\t\t\t\t<\/div>\n\t\t\t\t<\/div>\n\t\t\t\t\t<\/div>\n\t\t<\/div>\n\t\t\t\t\t<\/div>\n\t\t<\/section>\n\t\t\t\t<section class=\"elementor-section elementor-top-section elementor-element elementor-element-35d3eff elementor-section-boxed elementor-section-height-default elementor-section-height-default\" data-id=\"35d3eff\" data-element_type=\"section\" data-e-type=\"section\">\n\t\t\t\t\t\t<div class=\"elementor-container elementor-column-gap-default\">\n\t\t\t\t\t<div class=\"elementor-column elementor-col-100 elementor-top-column elementor-element elementor-element-d881f0a\" data-id=\"d881f0a\" data-element_type=\"column\" data-e-type=\"column\">\n\t\t\t<div class=\"elementor-widget-wrap elementor-element-populated\">\n\t\t\t\t\t\t<div class=\"elementor-element elementor-element-cae5abf elementor-widget elementor-widget-google_maps\" data-id=\"cae5abf\" data-element_type=\"widget\" data-e-type=\"widget\" data-widget_type=\"google_maps.default\">\n\t\t\t\t<div class=\"elementor-widget-container\">\n\t\t\t\t\t\t\t<div class=\"elementor-custom-embed\">\n\t\t\t<iframe loading=\"lazy\"\n\t\t\t\t\tsrc=\"https:\/\/maps.google.com\/maps?q=98WH%2B8M9%2C%20Av.%20Manaure%2C%20Coro%204101%2C%20Falc%C3%B3n&#038;t=m&#038;z=16&#038;output=embed&#038;iwloc=near\"\n\t\t\t\t\ttitle=\"98WH+8M9, Av. Manaure, Coro 4101, Falc\u00f3n\"\n\t\t\t\t\taria-label=\"98WH+8M9, Av. Manaure, Coro 4101, Falc\u00f3n\"\n\t\t\t><\/iframe>\n\t\t<\/div>\n\t\t\t\t\t\t<\/div>\n\t\t\t\t<\/div>\n\t\t\t\t\t<\/div>\n\t\t<\/div>\n\t\t\t\t\t<\/div>\n\t\t<\/section>\n\t\t\t\t<\/div>\n\t\t","protected":false},"excerpt":{"rendered":"<p>DEFENSOR\u00cdA DELEGADA FALC\u00d3N Defensora Delegada: Edisoie Sandoval. Direcci\u00f3n: Av. Manaure. Edf. Masada. P.B. entre plaza El Tenis y el Edif. De la Fiscal\u00eda del Ministerio P\u00fablico. CORO Venezuela. Tel\u00e9fonos:&nbsp;(0268) 252.41.98&hellip; <\/p>\n","protected":false},"author":1,"featured_media":0,"parent":204,"menu_order":0,"comment_status":"closed","ping_status":"closed","template":"","meta":{"footnotes":""},"class_list":["post-361","page","type-page","status-publish","hentry"],"yoast_head":"<!-- This site is optimized with the Yoast SEO plugin v27.2 - https:\/\/yoast.com\/product\/yoast-seo-wordpress\/ -->\n<title>DEFENSOR\u00cdA DELEGADA FALC\u00d3N -<\/title>\n<meta name=\"robots\" content=\"index, follow, max-snippet:-1, max-image-preview:large, max-video-preview:-1\" \/>\n<link rel=\"canonical\" href=\"http:\/\/www.defensoria.gob.ve\/?page_id=361\" \/>\n<meta property=\"og:locale\" content=\"es_ES\" \/>\n<meta property=\"og:type\" content=\"article\" \/>\n<meta property=\"og:title\" content=\"DEFENSOR\u00cdA DELEGADA FALC\u00d3N -\" \/>\n<meta property=\"og:description\" content=\"DEFENSOR\u00cdA DELEGADA FALC\u00d3N Defensora Delegada: Edisoie Sandoval. Direcci\u00f3n: Av. Manaure. Edf. Masada. P.B. entre plaza El Tenis y el Edif. De la Fiscal\u00eda del Ministerio P\u00fablico. CORO Venezuela. Tel\u00e9fonos:&nbsp;(0268) 252.41.98&hellip;\" \/>\n<meta property=\"og:url\" content=\"http:\/\/www.defensoria.gob.ve\/?page_id=361\" \/>\n<meta property=\"article:modified_time\" content=\"2025-12-08T14:56:39+00:00\" \/>\n<meta property=\"og:image\" content=\"http:\/\/www.defensoria.gob.ve\/wp-content\/uploads\/2023\/09\/directel.png\" \/>\n<meta name=\"twitter:card\" content=\"summary_large_image\" \/>\n<meta name=\"twitter:label1\" content=\"Tiempo estimado de lectura\" \/>\n\t<meta name=\"twitter:data1\" content=\"1 minuto\" \/>\n<script type=\"application\/ld+json\" class=\"yoast-schema-graph\">{\"@context\":\"https:\/\/schema.org\",\"@graph\":[{\"@type\":\"WebPage\",\"@id\":\"http:\/\/www.defensoria.gob.ve\/?page_id=361\",\"url\":\"http:\/\/www.defensoria.gob.ve\/?page_id=361\",\"name\":\"DEFENSOR\u00cdA DELEGADA FALC\u00d3N -\",\"isPartOf\":{\"@id\":\"http:\/\/www.defensoria.gob.ve\/#website\"},\"primaryImageOfPage\":{\"@id\":\"http:\/\/www.defensoria.gob.ve\/?page_id=361#primaryimage\"},\"image\":{\"@id\":\"http:\/\/www.defensoria.gob.ve\/?page_id=361#primaryimage\"},\"thumbnailUrl\":\"http:\/\/www.defensoria.gob.ve\/wp-content\/uploads\/2023\/09\/directel.png\",\"datePublished\":\"2023-09-06T17:20:11+00:00\",\"dateModified\":\"2025-12-08T14:56:39+00:00\",\"breadcrumb\":{\"@id\":\"http:\/\/www.defensoria.gob.ve\/?page_id=361#breadcrumb\"},\"inLanguage\":\"es\",\"potentialAction\":[{\"@type\":\"ReadAction\",\"target\":[\"http:\/\/www.defensoria.gob.ve\/?page_id=361\"]}]},{\"@type\":\"ImageObject\",\"inLanguage\":\"es\",\"@id\":\"http:\/\/www.defensoria.gob.ve\/?page_id=361#primaryimage\",\"url\":\"http:\/\/www.defensoria.gob.ve\/wp-content\/uploads\/2023\/09\/directel.png\",\"contentUrl\":\"http:\/\/www.defensoria.gob.ve\/wp-content\/uploads\/2023\/09\/directel.png\",\"width\":808,\"height\":124},{\"@type\":\"BreadcrumbList\",\"@id\":\"http:\/\/www.defensoria.gob.ve\/?page_id=361#breadcrumb\",\"itemListElement\":[{\"@type\":\"ListItem\",\"position\":1,\"name\":\"Portada\",\"item\":\"http:\/\/www.defensoria.gob.ve\/\"},{\"@type\":\"ListItem\",\"position\":2,\"name\":\"CONTACTANOS\",\"item\":\"http:\/\/www.defensoria.gob.ve\/?page_id=83\"},{\"@type\":\"ListItem\",\"position\":3,\"name\":\"SEDES REGIONALES\",\"item\":\"http:\/\/www.defensoria.gob.ve\/?page_id=196\"},{\"@type\":\"ListItem\",\"position\":4,\"name\":\"CENTROOCIDENTAL\",\"item\":\"http:\/\/www.defensoria.gob.ve\/?page_id=204\"},{\"@type\":\"ListItem\",\"position\":5,\"name\":\"DEFENSOR\u00cdA DELEGADA FALC\u00d3N\"}]},{\"@type\":\"WebSite\",\"@id\":\"http:\/\/www.defensoria.gob.ve\/#website\",\"url\":\"http:\/\/www.defensoria.gob.ve\/\",\"name\":\"\",\"description\":\"Instituci\u00f3n del Poder Ciudadano para la Promoci\u00f3n, Defensa y Vigilancia de los Derechos Humanos. \",\"potentialAction\":[{\"@type\":\"SearchAction\",\"target\":{\"@type\":\"EntryPoint\",\"urlTemplate\":\"http:\/\/www.defensoria.gob.ve\/?s={search_term_string}\"},\"query-input\":{\"@type\":\"PropertyValueSpecification\",\"valueRequired\":true,\"valueName\":\"search_term_string\"}}],\"inLanguage\":\"es\"}]}<\/script>\n<!-- \/ Yoast SEO plugin. -->","yoast_head_json":{"title":"DEFENSOR\u00cdA DELEGADA FALC\u00d3N -","robots":{"index":"index","follow":"follow","max-snippet":"max-snippet:-1","max-image-preview":"max-image-preview:large","max-video-preview":"max-video-preview:-1"},"canonical":"http:\/\/www.defensoria.gob.ve\/?page_id=361","og_locale":"es_ES","og_type":"article","og_title":"DEFENSOR\u00cdA DELEGADA FALC\u00d3N -","og_description":"DEFENSOR\u00cdA DELEGADA FALC\u00d3N Defensora Delegada: Edisoie Sandoval. Direcci\u00f3n: Av. Manaure. Edf. Masada. P.B. entre plaza El Tenis y el Edif. De la Fiscal\u00eda del Ministerio P\u00fablico. CORO Venezuela. Tel\u00e9fonos:&nbsp;(0268) 252.41.98&hellip;","og_url":"http:\/\/www.defensoria.gob.ve\/?page_id=361","article_modified_time":"2025-12-08T14:56:39+00:00","og_image":[{"url":"http:\/\/www.defensoria.gob.ve\/wp-content\/uploads\/2023\/09\/directel.png","type":"","width":"","height":""}],"twitter_card":"summary_large_image","twitter_misc":{"Tiempo estimado de lectura":"1 minuto"},"schema":{"@context":"https:\/\/schema.org","@graph":[{"@type":"WebPage","@id":"http:\/\/www.defensoria.gob.ve\/?page_id=361","url":"http:\/\/www.defensoria.gob.ve\/?page_id=361","name":"DEFENSOR\u00cdA DELEGADA FALC\u00d3N -","isPartOf":{"@id":"http:\/\/www.defensoria.gob.ve\/#website"},"primaryImageOfPage":{"@id":"http:\/\/www.defensoria.gob.ve\/?page_id=361#primaryimage"},"image":{"@id":"http:\/\/www.defensoria.gob.ve\/?page_id=361#primaryimage"},"thumbnailUrl":"http:\/\/www.defensoria.gob.ve\/wp-content\/uploads\/2023\/09\/directel.png","datePublished":"2023-09-06T17:20:11+00:00","dateModified":"2025-12-08T14:56:39+00:00","breadcrumb":{"@id":"http:\/\/www.defensoria.gob.ve\/?page_id=361#breadcrumb"},"inLanguage":"es","potentialAction":[{"@type":"ReadAction","target":["http:\/\/www.defensoria.gob.ve\/?page_id=361"]}]},{"@type":"ImageObject","inLanguage":"es","@id":"http:\/\/www.defensoria.gob.ve\/?page_id=361#primaryimage","url":"http:\/\/www.defensoria.gob.ve\/wp-content\/uploads\/2023\/09\/directel.png","contentUrl":"http:\/\/www.defensoria.gob.ve\/wp-content\/uploads\/2023\/09\/directel.png","width":808,"height":124},{"@type":"BreadcrumbList","@id":"http:\/\/www.defensoria.gob.ve\/?page_id=361#breadcrumb","itemListElement":[{"@type":"ListItem","position":1,"name":"Portada","item":"http:\/\/www.defensoria.gob.ve\/"},{"@type":"ListItem","position":2,"name":"CONTACTANOS","item":"http:\/\/www.defensoria.gob.ve\/?page_id=83"},{"@type":"ListItem","position":3,"name":"SEDES REGIONALES","item":"http:\/\/www.defensoria.gob.ve\/?page_id=196"},{"@type":"ListItem","position":4,"name":"CENTROOCIDENTAL","item":"http:\/\/www.defensoria.gob.ve\/?page_id=204"},{"@type":"ListItem","position":5,"name":"DEFENSOR\u00cdA DELEGADA FALC\u00d3N"}]},{"@type":"WebSite","@id":"http:\/\/www.defensoria.gob.ve\/#website","url":"http:\/\/www.defensoria.gob.ve\/","name":"","description":"Instituci\u00f3n del Poder Ciudadano para la Promoci\u00f3n, Defensa y Vigilancia de los Derechos Humanos. ","potentialAction":[{"@type":"SearchAction","target":{"@type":"EntryPoint","urlTemplate":"http:\/\/www.defensoria.gob.ve\/?s={search_term_string}"},"query-input":{"@type":"PropertyValueSpecification","valueRequired":true,"valueName":"search_term_string"}}],"inLanguage":"es"}]}},"_links":{"self":[{"href":"http:\/\/www.defensoria.gob.ve\/index.php?rest_route=\/wp\/v2\/pages\/361","targetHints":{"allow":["GET"]}}],"collection":[{"href":"http:\/\/www.defensoria.gob.ve\/index.php?rest_route=\/wp\/v2\/pages"}],"about":[{"href":"http:\/\/www.defensoria.gob.ve\/index.php?rest_route=\/wp\/v2\/types\/page"}],"author":[{"embeddable":true,"href":"http:\/\/www.defensoria.gob.ve\/index.php?rest_route=\/wp\/v2\/users\/1"}],"replies":[{"embeddable":true,"href":"http:\/\/www.defensoria.gob.ve\/index.php?rest_route=%2Fwp%2Fv2%2Fcomments&post=361"}],"version-history":[{"count":19,"href":"http:\/\/www.defensoria.gob.ve\/index.php?rest_route=\/wp\/v2\/pages\/361\/revisions"}],"predecessor-version":[{"id":15976,"href":"http:\/\/www.defensoria.gob.ve\/index.php?rest_route=\/wp\/v2\/pages\/361\/revisions\/15976"}],"up":[{"embeddable":true,"href":"http:\/\/www.defensoria.gob.ve\/index.php?rest_route=\/wp\/v2\/pages\/204"}],"wp:attachment":[{"href":"http:\/\/www.defensoria.gob.ve\/index.php?rest_route=%2Fwp%2Fv2%2Fmedia&parent=361"}],"curies":[{"name":"wp","href":"https:\/\/api.w.org\/{rel}","templated":true}]}}