 
{"id":372,"date":"2023-09-06T13:23:02","date_gmt":"2023-09-06T17:23:02","guid":{"rendered":"http:\/\/10.70.220.3\/?page_id=372"},"modified":"2025-12-08T11:11:08","modified_gmt":"2025-12-08T15:11:08","slug":"defensoria-municipal-moran","status":"publish","type":"page","link":"http:\/\/www.defensoria.gob.ve\/?page_id=372","title":{"rendered":""},"content":{"rendered":"\t\t<div data-elementor-type=\"wp-page\" data-elementor-id=\"372\" class=\"elementor elementor-372\">\n\t\t\t\t\t\t<section class=\"elementor-section elementor-top-section elementor-element elementor-element-5ff5f4b elementor-section-boxed elementor-section-height-default elementor-section-height-default\" data-id=\"5ff5f4b\" data-element_type=\"section\" data-e-type=\"section\">\n\t\t\t\t\t\t<div class=\"elementor-container elementor-column-gap-default\">\n\t\t\t\t\t<div class=\"elementor-column elementor-col-100 elementor-top-column elementor-element elementor-element-a5e725f\" data-id=\"a5e725f\" data-element_type=\"column\" data-e-type=\"column\">\n\t\t\t<div class=\"elementor-widget-wrap elementor-element-populated\">\n\t\t\t\t\t\t<div class=\"elementor-element elementor-element-bc650f2 elementor-widget elementor-widget-heading\" data-id=\"bc650f2\" data-element_type=\"widget\" data-e-type=\"widget\" data-widget_type=\"heading.default\">\n\t\t\t\t<div class=\"elementor-widget-container\">\n\t\t\t\t\t<h2 class=\"elementor-heading-title elementor-size-default\">DEFENSOR\u00cdA MUNICIPAL M\u00d3RAN<\/h2>\t\t\t\t<\/div>\n\t\t\t\t<\/div>\n\t\t\t\t\t<\/div>\n\t\t<\/div>\n\t\t\t\t\t<\/div>\n\t\t<\/section>\n\t\t\t\t<section class=\"elementor-section elementor-top-section elementor-element elementor-element-5f17006 elementor-section-boxed elementor-section-height-default elementor-section-height-default\" data-id=\"5f17006\" data-element_type=\"section\" data-e-type=\"section\">\n\t\t\t\t\t\t<div class=\"elementor-container elementor-column-gap-default\">\n\t\t\t\t\t<div class=\"elementor-column elementor-col-100 elementor-top-column elementor-element elementor-element-7d5ff59\" data-id=\"7d5ff59\" data-element_type=\"column\" data-e-type=\"column\">\n\t\t\t<div class=\"elementor-widget-wrap elementor-element-populated\">\n\t\t\t\t\t\t<div class=\"elementor-element elementor-element-7eb05c2 elementor-widget elementor-widget-image\" data-id=\"7eb05c2\" data-element_type=\"widget\" data-e-type=\"widget\" data-widget_type=\"image.default\">\n\t\t\t\t<div class=\"elementor-widget-container\">\n\t\t\t\t\t\t\t\t\t\t\t\t\t\t\t<img fetchpriority=\"high\" decoding=\"async\" width=\"808\" height=\"124\" src=\"http:\/\/www.defensoria.gob.ve\/wp-content\/uploads\/2023\/09\/directel.png\" class=\"attachment-large size-large wp-image-635\" alt=\"\" srcset=\"http:\/\/www.defensoria.gob.ve\/wp-content\/uploads\/2023\/09\/directel.png 808w, http:\/\/www.defensoria.gob.ve\/wp-content\/uploads\/2023\/09\/directel-300x46.png 300w, http:\/\/www.defensoria.gob.ve\/wp-content\/uploads\/2023\/09\/directel-768x118.png 768w\" sizes=\"(max-width: 808px) 100vw, 808px\" \/>\t\t\t\t\t\t\t\t\t\t\t\t\t\t\t<\/div>\n\t\t\t\t<\/div>\n\t\t\t\t\t<\/div>\n\t\t<\/div>\n\t\t\t\t\t<\/div>\n\t\t<\/section>\n\t\t\t\t<section class=\"elementor-section elementor-top-section elementor-element elementor-element-6fa86c0 elementor-section-boxed elementor-section-height-default elementor-section-height-default\" data-id=\"6fa86c0\" data-element_type=\"section\" data-e-type=\"section\">\n\t\t\t\t\t\t<div class=\"elementor-container elementor-column-gap-default\">\n\t\t\t\t\t<div class=\"elementor-column elementor-col-100 elementor-top-column elementor-element elementor-element-e34f8cc\" data-id=\"e34f8cc\" data-element_type=\"column\" data-e-type=\"column\">\n\t\t\t<div class=\"elementor-widget-wrap elementor-element-populated\">\n\t\t\t\t\t\t<div class=\"elementor-element elementor-element-79783f4 elementor-widget elementor-widget-text-editor\" data-id=\"79783f4\" data-element_type=\"widget\" data-e-type=\"widget\" data-widget_type=\"text-editor.default\">\n\t\t\t\t<div class=\"elementor-widget-container\">\n\t\t\t\t\t\t\t\t\t<p style=\"text-align: justify;\"><strong>Defensora Delegada:<\/strong>\u00a0Arelis Rodr\u00edguez.<\/p><p><strong>Defensora Municipal:<\/strong>\u00a0Ismaira Goyo.<\/p><p><strong>Direcci\u00f3n:<\/strong>\u00a0Avenida Jos\u00e9 Trinidad Mor\u00e1n, Sector La Alcabala, Sede Terminal Jos\u00e9 Trinidad Mora.<\/p><p><strong>Tel\u00e9fonos:<\/strong>\u00a00412-156.58.01 \/ 0426-207.21.59<\/p><p><strong>Correo Electr\u00f3nico:<\/strong>\u00a0<span style=\"font-size: 14pt; font-family: arial, helvetica, sans-serif;\"><a style=\"background-color: #ffffff;\" href=\"mailto:ddplaramun.moran@gmail.com\">ddplaramun.moran@gmail.com<\/a> \u00a0\/ <a style=\"background-color: #ffffff;\" href=\"mailto:dm-moran@defensoria.gob.ve\">dm-moran@defensoria.gob.ve<\/a><\/span><\/p><p class=\"MsoNormal\">\u00a0<\/p>\t\t\t\t\t\t\t\t<\/div>\n\t\t\t\t<\/div>\n\t\t\t\t\t<\/div>\n\t\t<\/div>\n\t\t\t\t\t<\/div>\n\t\t<\/section>\n\t\t\t\t<section class=\"elementor-section elementor-top-section elementor-element elementor-element-3683f85 elementor-section-boxed elementor-section-height-default elementor-section-height-default\" data-id=\"3683f85\" data-element_type=\"section\" data-e-type=\"section\">\n\t\t\t\t\t\t<div class=\"elementor-container elementor-column-gap-default\">\n\t\t\t\t\t<div class=\"elementor-column elementor-col-100 elementor-top-column elementor-element elementor-element-4dd7543\" data-id=\"4dd7543\" data-element_type=\"column\" data-e-type=\"column\">\n\t\t\t<div class=\"elementor-widget-wrap elementor-element-populated\">\n\t\t\t\t\t\t<div class=\"elementor-element elementor-element-9b633e8 elementor-widget elementor-widget-google_maps\" data-id=\"9b633e8\" data-element_type=\"widget\" data-e-type=\"widget\" data-widget_type=\"google_maps.default\">\n\t\t\t\t<div class=\"elementor-widget-container\">\n\t\t\t\t\t\t\t<div class=\"elementor-custom-embed\">\n\t\t\t<iframe loading=\"lazy\"\n\t\t\t\t\tsrc=\"https:\/\/maps.google.com\/maps?q=Monta%C3%B1a%20Verde%2C%203052%2C%20Lara&#038;t=m&#038;z=16&#038;output=embed&#038;iwloc=near\"\n\t\t\t\t\ttitle=\"Monta\u00f1a Verde, 3052, Lara\"\n\t\t\t\t\taria-label=\"Monta\u00f1a Verde, 3052, Lara\"\n\t\t\t><\/iframe>\n\t\t<\/div>\n\t\t\t\t\t\t<\/div>\n\t\t\t\t<\/div>\n\t\t\t\t\t<\/div>\n\t\t<\/div>\n\t\t\t\t\t<\/div>\n\t\t<\/section>\n\t\t\t\t<\/div>\n\t\t","protected":false},"excerpt":{"rendered":"<p>DEFENSOR\u00cdA MUNICIPAL M\u00d3RAN Defensora Delegada:\u00a0Arelis Rodr\u00edguez. Defensora Municipal:\u00a0Ismaira Goyo. Direcci\u00f3n:\u00a0Avenida Jos\u00e9 Trinidad Mor\u00e1n, Sector La Alcabala, Sede Terminal Jos\u00e9 Trinidad Mora. Tel\u00e9fonos:\u00a00412-156.58.01 \/ 0426-207.21.59 Correo Electr\u00f3nico:\u00a0ddplaramun.moran@gmail.com \u00a0\/ dm-moran@defensoria.gob.ve \u00a0<\/p>\n","protected":false},"author":1,"featured_media":0,"parent":364,"menu_order":0,"comment_status":"closed","ping_status":"closed","template":"","meta":{"footnotes":""},"class_list":["post-372","page","type-page","status-publish","hentry"],"yoast_head":"<!-- This site is optimized with the Yoast SEO plugin v27.2 - https:\/\/yoast.com\/product\/yoast-seo-wordpress\/ -->\n<title>-<\/title>\n<meta name=\"robots\" content=\"index, follow, max-snippet:-1, max-image-preview:large, max-video-preview:-1\" \/>\n<link rel=\"canonical\" href=\"http:\/\/www.defensoria.gob.ve\/?page_id=372\" \/>\n<meta property=\"og:locale\" content=\"es_ES\" \/>\n<meta property=\"og:type\" content=\"article\" \/>\n<meta property=\"og:title\" content=\"-\" \/>\n<meta property=\"og:description\" content=\"DEFENSOR\u00cdA MUNICIPAL M\u00d3RAN Defensora Delegada:\u00a0Arelis Rodr\u00edguez. Defensora Municipal:\u00a0Ismaira Goyo. Direcci\u00f3n:\u00a0Avenida Jos\u00e9 Trinidad Mor\u00e1n, Sector La Alcabala, Sede Terminal Jos\u00e9 Trinidad Mora. Tel\u00e9fonos:\u00a00412-156.58.01 \/ 0426-207.21.59 Correo Electr\u00f3nico:\u00a0ddplaramun.moran@gmail.com \u00a0\/ dm-moran@defensoria.gob.ve \u00a0\" \/>\n<meta property=\"og:url\" content=\"http:\/\/www.defensoria.gob.ve\/?page_id=372\" \/>\n<meta property=\"article:modified_time\" content=\"2025-12-08T15:11:08+00:00\" \/>\n<meta property=\"og:image\" content=\"http:\/\/www.defensoria.gob.ve\/wp-content\/uploads\/2023\/09\/directel.png\" \/>\n<meta name=\"twitter:card\" content=\"summary_large_image\" \/>\n<meta name=\"twitter:label1\" content=\"Tiempo estimado de lectura\" \/>\n\t<meta name=\"twitter:data1\" content=\"1 minuto\" \/>\n<script type=\"application\/ld+json\" class=\"yoast-schema-graph\">{\"@context\":\"https:\/\/schema.org\",\"@graph\":[{\"@type\":\"WebPage\",\"@id\":\"http:\/\/www.defensoria.gob.ve\/?page_id=372\",\"url\":\"http:\/\/www.defensoria.gob.ve\/?page_id=372\",\"name\":\"-\",\"isPartOf\":{\"@id\":\"http:\/\/www.defensoria.gob.ve\/#website\"},\"primaryImageOfPage\":{\"@id\":\"http:\/\/www.defensoria.gob.ve\/?page_id=372#primaryimage\"},\"image\":{\"@id\":\"http:\/\/www.defensoria.gob.ve\/?page_id=372#primaryimage\"},\"thumbnailUrl\":\"http:\/\/www.defensoria.gob.ve\/wp-content\/uploads\/2023\/09\/directel.png\",\"datePublished\":\"2023-09-06T17:23:02+00:00\",\"dateModified\":\"2025-12-08T15:11:08+00:00\",\"breadcrumb\":{\"@id\":\"http:\/\/www.defensoria.gob.ve\/?page_id=372#breadcrumb\"},\"inLanguage\":\"es\",\"potentialAction\":[{\"@type\":\"ReadAction\",\"target\":[\"http:\/\/www.defensoria.gob.ve\/?page_id=372\"]}]},{\"@type\":\"ImageObject\",\"inLanguage\":\"es\",\"@id\":\"http:\/\/www.defensoria.gob.ve\/?page_id=372#primaryimage\",\"url\":\"http:\/\/www.defensoria.gob.ve\/wp-content\/uploads\/2023\/09\/directel.png\",\"contentUrl\":\"http:\/\/www.defensoria.gob.ve\/wp-content\/uploads\/2023\/09\/directel.png\",\"width\":808,\"height\":124},{\"@type\":\"BreadcrumbList\",\"@id\":\"http:\/\/www.defensoria.gob.ve\/?page_id=372#breadcrumb\",\"itemListElement\":[{\"@type\":\"ListItem\",\"position\":1,\"name\":\"Portada\",\"item\":\"http:\/\/www.defensoria.gob.ve\/\"},{\"@type\":\"ListItem\",\"position\":2,\"name\":\"CONTACTANOS\",\"item\":\"http:\/\/www.defensoria.gob.ve\/?page_id=83\"},{\"@type\":\"ListItem\",\"position\":3,\"name\":\"SEDES REGIONALES\",\"item\":\"http:\/\/www.defensoria.gob.ve\/?page_id=196\"},{\"@type\":\"ListItem\",\"position\":4,\"name\":\"CENTROOCIDENTAL\",\"item\":\"http:\/\/www.defensoria.gob.ve\/?page_id=204\"},{\"@type\":\"ListItem\",\"position\":5,\"name\":\"DEFENSOR\u00cdA DELEGADA LARA\",\"item\":\"http:\/\/www.defensoria.gob.ve\/?page_id=364\"}]},{\"@type\":\"WebSite\",\"@id\":\"http:\/\/www.defensoria.gob.ve\/#website\",\"url\":\"http:\/\/www.defensoria.gob.ve\/\",\"name\":\"\",\"description\":\"Instituci\u00f3n del Poder Ciudadano para la Promoci\u00f3n, Defensa y Vigilancia de los Derechos Humanos. \",\"potentialAction\":[{\"@type\":\"SearchAction\",\"target\":{\"@type\":\"EntryPoint\",\"urlTemplate\":\"http:\/\/www.defensoria.gob.ve\/?s={search_term_string}\"},\"query-input\":{\"@type\":\"PropertyValueSpecification\",\"valueRequired\":true,\"valueName\":\"search_term_string\"}}],\"inLanguage\":\"es\"}]}<\/script>\n<!-- \/ Yoast SEO plugin. -->","yoast_head_json":{"title":"-","robots":{"index":"index","follow":"follow","max-snippet":"max-snippet:-1","max-image-preview":"max-image-preview:large","max-video-preview":"max-video-preview:-1"},"canonical":"http:\/\/www.defensoria.gob.ve\/?page_id=372","og_locale":"es_ES","og_type":"article","og_title":"-","og_description":"DEFENSOR\u00cdA MUNICIPAL M\u00d3RAN Defensora Delegada:\u00a0Arelis Rodr\u00edguez. Defensora Municipal:\u00a0Ismaira Goyo. Direcci\u00f3n:\u00a0Avenida Jos\u00e9 Trinidad Mor\u00e1n, Sector La Alcabala, Sede Terminal Jos\u00e9 Trinidad Mora. Tel\u00e9fonos:\u00a00412-156.58.01 \/ 0426-207.21.59 Correo Electr\u00f3nico:\u00a0ddplaramun.moran@gmail.com \u00a0\/ dm-moran@defensoria.gob.ve \u00a0","og_url":"http:\/\/www.defensoria.gob.ve\/?page_id=372","article_modified_time":"2025-12-08T15:11:08+00:00","og_image":[{"url":"http:\/\/www.defensoria.gob.ve\/wp-content\/uploads\/2023\/09\/directel.png","type":"","width":"","height":""}],"twitter_card":"summary_large_image","twitter_misc":{"Tiempo estimado de lectura":"1 minuto"},"schema":{"@context":"https:\/\/schema.org","@graph":[{"@type":"WebPage","@id":"http:\/\/www.defensoria.gob.ve\/?page_id=372","url":"http:\/\/www.defensoria.gob.ve\/?page_id=372","name":"-","isPartOf":{"@id":"http:\/\/www.defensoria.gob.ve\/#website"},"primaryImageOfPage":{"@id":"http:\/\/www.defensoria.gob.ve\/?page_id=372#primaryimage"},"image":{"@id":"http:\/\/www.defensoria.gob.ve\/?page_id=372#primaryimage"},"thumbnailUrl":"http:\/\/www.defensoria.gob.ve\/wp-content\/uploads\/2023\/09\/directel.png","datePublished":"2023-09-06T17:23:02+00:00","dateModified":"2025-12-08T15:11:08+00:00","breadcrumb":{"@id":"http:\/\/www.defensoria.gob.ve\/?page_id=372#breadcrumb"},"inLanguage":"es","potentialAction":[{"@type":"ReadAction","target":["http:\/\/www.defensoria.gob.ve\/?page_id=372"]}]},{"@type":"ImageObject","inLanguage":"es","@id":"http:\/\/www.defensoria.gob.ve\/?page_id=372#primaryimage","url":"http:\/\/www.defensoria.gob.ve\/wp-content\/uploads\/2023\/09\/directel.png","contentUrl":"http:\/\/www.defensoria.gob.ve\/wp-content\/uploads\/2023\/09\/directel.png","width":808,"height":124},{"@type":"BreadcrumbList","@id":"http:\/\/www.defensoria.gob.ve\/?page_id=372#breadcrumb","itemListElement":[{"@type":"ListItem","position":1,"name":"Portada","item":"http:\/\/www.defensoria.gob.ve\/"},{"@type":"ListItem","position":2,"name":"CONTACTANOS","item":"http:\/\/www.defensoria.gob.ve\/?page_id=83"},{"@type":"ListItem","position":3,"name":"SEDES REGIONALES","item":"http:\/\/www.defensoria.gob.ve\/?page_id=196"},{"@type":"ListItem","position":4,"name":"CENTROOCIDENTAL","item":"http:\/\/www.defensoria.gob.ve\/?page_id=204"},{"@type":"ListItem","position":5,"name":"DEFENSOR\u00cdA DELEGADA LARA","item":"http:\/\/www.defensoria.gob.ve\/?page_id=364"}]},{"@type":"WebSite","@id":"http:\/\/www.defensoria.gob.ve\/#website","url":"http:\/\/www.defensoria.gob.ve\/","name":"","description":"Instituci\u00f3n del Poder Ciudadano para la Promoci\u00f3n, Defensa y Vigilancia de los Derechos Humanos. ","potentialAction":[{"@type":"SearchAction","target":{"@type":"EntryPoint","urlTemplate":"http:\/\/www.defensoria.gob.ve\/?s={search_term_string}"},"query-input":{"@type":"PropertyValueSpecification","valueRequired":true,"valueName":"search_term_string"}}],"inLanguage":"es"}]}},"_links":{"self":[{"href":"http:\/\/www.defensoria.gob.ve\/index.php?rest_route=\/wp\/v2\/pages\/372","targetHints":{"allow":["GET"]}}],"collection":[{"href":"http:\/\/www.defensoria.gob.ve\/index.php?rest_route=\/wp\/v2\/pages"}],"about":[{"href":"http:\/\/www.defensoria.gob.ve\/index.php?rest_route=\/wp\/v2\/types\/page"}],"author":[{"embeddable":true,"href":"http:\/\/www.defensoria.gob.ve\/index.php?rest_route=\/wp\/v2\/users\/1"}],"replies":[{"embeddable":true,"href":"http:\/\/www.defensoria.gob.ve\/index.php?rest_route=%2Fwp%2Fv2%2Fcomments&post=372"}],"version-history":[{"count":23,"href":"http:\/\/www.defensoria.gob.ve\/index.php?rest_route=\/wp\/v2\/pages\/372\/revisions"}],"predecessor-version":[{"id":15989,"href":"http:\/\/www.defensoria.gob.ve\/index.php?rest_route=\/wp\/v2\/pages\/372\/revisions\/15989"}],"up":[{"embeddable":true,"href":"http:\/\/www.defensoria.gob.ve\/index.php?rest_route=\/wp\/v2\/pages\/364"}],"wp:attachment":[{"href":"http:\/\/www.defensoria.gob.ve\/index.php?rest_route=%2Fwp%2Fv2%2Fmedia&parent=372"}],"curies":[{"name":"wp","href":"https:\/\/api.w.org\/{rel}","templated":true}]}}