 
{"id":421,"date":"2023-09-06T13:55:52","date_gmt":"2023-09-06T17:55:52","guid":{"rendered":"http:\/\/10.70.220.3\/?page_id=421"},"modified":"2025-12-08T11:25:28","modified_gmt":"2025-12-08T15:25:28","slug":"defensoria-delegada-de-bolivar","status":"publish","type":"page","link":"http:\/\/www.defensoria.gob.ve\/?page_id=421","title":{"rendered":"DEFENSOR\u00cdA DELEGADA DE BOL\u00cdVAR"},"content":{"rendered":"\t\t<div data-elementor-type=\"wp-page\" data-elementor-id=\"421\" class=\"elementor elementor-421\">\n\t\t\t\t\t\t<section class=\"elementor-section elementor-top-section elementor-element elementor-element-9d5db2c elementor-section-boxed elementor-section-height-default elementor-section-height-default\" data-id=\"9d5db2c\" data-element_type=\"section\" data-e-type=\"section\">\n\t\t\t\t\t\t<div class=\"elementor-container elementor-column-gap-default\">\n\t\t\t\t\t<div class=\"elementor-column elementor-col-100 elementor-top-column elementor-element elementor-element-bfd6194\" data-id=\"bfd6194\" data-element_type=\"column\" data-e-type=\"column\">\n\t\t\t<div class=\"elementor-widget-wrap elementor-element-populated\">\n\t\t\t\t\t\t<div class=\"elementor-element elementor-element-936d2bd elementor-widget elementor-widget-heading\" data-id=\"936d2bd\" data-element_type=\"widget\" data-e-type=\"widget\" data-widget_type=\"heading.default\">\n\t\t\t\t<div class=\"elementor-widget-container\">\n\t\t\t\t\t<h2 class=\"elementor-heading-title elementor-size-default\">DEFENSOR\u00cdA DELEGADA DE BOL\u00cdVAR<\/h2>\t\t\t\t<\/div>\n\t\t\t\t<\/div>\n\t\t\t\t\t<\/div>\n\t\t<\/div>\n\t\t\t\t\t<\/div>\n\t\t<\/section>\n\t\t\t\t<section class=\"elementor-section elementor-top-section elementor-element elementor-element-78b5412 elementor-section-boxed elementor-section-height-default elementor-section-height-default\" data-id=\"78b5412\" data-element_type=\"section\" data-e-type=\"section\">\n\t\t\t\t\t\t<div class=\"elementor-container elementor-column-gap-default\">\n\t\t\t\t\t<div class=\"elementor-column elementor-col-100 elementor-top-column elementor-element elementor-element-23dcd21\" data-id=\"23dcd21\" data-element_type=\"column\" data-e-type=\"column\">\n\t\t\t<div class=\"elementor-widget-wrap elementor-element-populated\">\n\t\t\t\t\t\t<div class=\"elementor-element elementor-element-1bfe14f elementor-widget elementor-widget-image\" data-id=\"1bfe14f\" data-element_type=\"widget\" data-e-type=\"widget\" data-widget_type=\"image.default\">\n\t\t\t\t<div class=\"elementor-widget-container\">\n\t\t\t\t\t\t\t\t\t\t\t\t\t\t\t<img fetchpriority=\"high\" decoding=\"async\" width=\"808\" height=\"124\" src=\"http:\/\/www.defensoria.gob.ve\/wp-content\/uploads\/2023\/09\/directel.png\" class=\"attachment-large size-large wp-image-635\" alt=\"\" srcset=\"http:\/\/www.defensoria.gob.ve\/wp-content\/uploads\/2023\/09\/directel.png 808w, http:\/\/www.defensoria.gob.ve\/wp-content\/uploads\/2023\/09\/directel-300x46.png 300w, http:\/\/www.defensoria.gob.ve\/wp-content\/uploads\/2023\/09\/directel-768x118.png 768w\" sizes=\"(max-width: 808px) 100vw, 808px\" \/>\t\t\t\t\t\t\t\t\t\t\t\t\t\t\t<\/div>\n\t\t\t\t<\/div>\n\t\t\t\t\t<\/div>\n\t\t<\/div>\n\t\t\t\t\t<\/div>\n\t\t<\/section>\n\t\t\t\t<section class=\"elementor-section elementor-top-section elementor-element elementor-element-52943b2 elementor-section-boxed elementor-section-height-default elementor-section-height-default\" data-id=\"52943b2\" data-element_type=\"section\" data-e-type=\"section\">\n\t\t\t\t\t\t<div class=\"elementor-container elementor-column-gap-default\">\n\t\t\t\t\t<div class=\"elementor-column elementor-col-100 elementor-top-column elementor-element elementor-element-918c36b\" data-id=\"918c36b\" data-element_type=\"column\" data-e-type=\"column\">\n\t\t\t<div class=\"elementor-widget-wrap elementor-element-populated\">\n\t\t\t\t\t\t<div class=\"elementor-element elementor-element-87d57c7 elementor-widget elementor-widget-text-editor\" data-id=\"87d57c7\" data-element_type=\"widget\" data-e-type=\"widget\" data-widget_type=\"text-editor.default\">\n\t\t\t\t<div class=\"elementor-widget-container\">\n\t\t\t\t\t\t\t\t\t<p style=\"text-align: justify;\"><strong>Defensora Delegada: <\/strong>Zoraise Rond\u00f3n.<\/p><p style=\"text-align: justify;\"><strong>Defensor Adjunto:\u00a0<\/strong>Jos\u00e9 G\u00f3mez.<\/p><p style=\"text-align: justify;\"><strong>Direcci\u00f3n:<\/strong>\u00a0<span style=\"color: #000000;\">Av. 5 de Julio cruce con paseo Meneses<\/span>. Venezuela.<\/p><p style=\"text-align: justify;\"><strong>Tel\u00e9fonos: <\/strong><span style=\"color: #000000;\">(0285) &#8211; 6321132 \/ 6326827<\/span><\/p><p style=\"text-align: justify;\"><b>Correo\u00a0<\/b><b>Electr\u00f3nico<\/b><b>:<\/b>\u00a0<span style=\"color: #3886b8; font-family: Arial, 'sans-serif'; font-size: 16pt;\">ddpbolivar8@gmail.com\u00a0<\/span>\/\u00a0<span style=\"color: #3886b8; font-family: Arial, 'sans-serif'; font-size: 16pt;\">d-ciudadbolivar@defensoria.gob.ve<\/span><\/p>\t\t\t\t\t\t\t\t<\/div>\n\t\t\t\t<\/div>\n\t\t\t\t\t<\/div>\n\t\t<\/div>\n\t\t\t\t\t<\/div>\n\t\t<\/section>\n\t\t\t\t<section class=\"elementor-section elementor-top-section elementor-element elementor-element-f69e2e9 elementor-section-boxed elementor-section-height-default elementor-section-height-default\" data-id=\"f69e2e9\" data-element_type=\"section\" data-e-type=\"section\">\n\t\t\t\t\t\t<div class=\"elementor-container elementor-column-gap-default\">\n\t\t\t\t\t<div class=\"elementor-column elementor-col-100 elementor-top-column elementor-element elementor-element-74fb457\" data-id=\"74fb457\" data-element_type=\"column\" data-e-type=\"column\">\n\t\t\t<div class=\"elementor-widget-wrap elementor-element-populated\">\n\t\t\t\t\t\t<div class=\"elementor-element elementor-element-8c299f7 elementor-widget elementor-widget-google_maps\" data-id=\"8c299f7\" data-element_type=\"widget\" data-e-type=\"widget\" data-widget_type=\"google_maps.default\">\n\t\t\t\t<div class=\"elementor-widget-container\">\n\t\t\t\t\t\t\t<div class=\"elementor-custom-embed\">\n\t\t\t<iframe loading=\"lazy\"\n\t\t\t\t\tsrc=\"https:\/\/maps.google.com\/maps?q=4CPW%2BCRM%20Cdad.%20Bol%C3%ADvar%2C%20Bol%C3%ADvar&#038;t=m&#038;z=16&#038;output=embed&#038;iwloc=near\"\n\t\t\t\t\ttitle=\"4CPW+CRM Cdad. Bol\u00edvar, Bol\u00edvar\"\n\t\t\t\t\taria-label=\"4CPW+CRM Cdad. Bol\u00edvar, Bol\u00edvar\"\n\t\t\t><\/iframe>\n\t\t<\/div>\n\t\t\t\t\t\t<\/div>\n\t\t\t\t<\/div>\n\t\t\t\t\t<\/div>\n\t\t<\/div>\n\t\t\t\t\t<\/div>\n\t\t<\/section>\n\t\t\t\t<\/div>\n\t\t","protected":false},"excerpt":{"rendered":"<p>DEFENSOR\u00cdA DELEGADA DE BOL\u00cdVAR Defensora Delegada: Zoraise Rond\u00f3n. Defensor Adjunto:\u00a0Jos\u00e9 G\u00f3mez. Direcci\u00f3n:\u00a0Av. 5 de Julio cruce con paseo Meneses. Venezuela. Tel\u00e9fonos: (0285) &#8211; 6321132 \/ 6326827 Correo\u00a0Electr\u00f3nico:\u00a0ddpbolivar8@gmail.com\u00a0\/\u00a0d-ciudadbolivar@defensoria.gob.ve<\/p>\n","protected":false},"author":1,"featured_media":0,"parent":206,"menu_order":0,"comment_status":"closed","ping_status":"closed","template":"","meta":{"footnotes":""},"class_list":["post-421","page","type-page","status-publish","hentry"],"yoast_head":"<!-- This site is optimized with the Yoast SEO plugin v27.2 - https:\/\/yoast.com\/product\/yoast-seo-wordpress\/ -->\n<title>DEFENSOR\u00cdA DELEGADA DE BOL\u00cdVAR -<\/title>\n<meta name=\"robots\" content=\"index, follow, max-snippet:-1, max-image-preview:large, max-video-preview:-1\" \/>\n<link rel=\"canonical\" href=\"http:\/\/www.defensoria.gob.ve\/?page_id=421\" \/>\n<meta property=\"og:locale\" content=\"es_ES\" \/>\n<meta property=\"og:type\" content=\"article\" \/>\n<meta property=\"og:title\" content=\"DEFENSOR\u00cdA DELEGADA DE BOL\u00cdVAR -\" \/>\n<meta property=\"og:description\" content=\"DEFENSOR\u00cdA DELEGADA DE BOL\u00cdVAR Defensora Delegada: Zoraise Rond\u00f3n. Defensor Adjunto:\u00a0Jos\u00e9 G\u00f3mez. Direcci\u00f3n:\u00a0Av. 5 de Julio cruce con paseo Meneses. Venezuela. Tel\u00e9fonos: (0285) &#8211; 6321132 \/ 6326827 Correo\u00a0Electr\u00f3nico:\u00a0ddpbolivar8@gmail.com\u00a0\/\u00a0d-ciudadbolivar@defensoria.gob.ve\" \/>\n<meta property=\"og:url\" content=\"http:\/\/www.defensoria.gob.ve\/?page_id=421\" \/>\n<meta property=\"article:modified_time\" content=\"2025-12-08T15:25:28+00:00\" \/>\n<meta property=\"og:image\" content=\"http:\/\/www.defensoria.gob.ve\/wp-content\/uploads\/2023\/09\/directel.png\" \/>\n<meta name=\"twitter:card\" content=\"summary_large_image\" \/>\n<meta name=\"twitter:label1\" content=\"Tiempo estimado de lectura\" \/>\n\t<meta name=\"twitter:data1\" content=\"1 minuto\" \/>\n<script type=\"application\/ld+json\" class=\"yoast-schema-graph\">{\"@context\":\"https:\/\/schema.org\",\"@graph\":[{\"@type\":\"WebPage\",\"@id\":\"http:\/\/www.defensoria.gob.ve\/?page_id=421\",\"url\":\"http:\/\/www.defensoria.gob.ve\/?page_id=421\",\"name\":\"DEFENSOR\u00cdA DELEGADA DE BOL\u00cdVAR -\",\"isPartOf\":{\"@id\":\"http:\/\/www.defensoria.gob.ve\/#website\"},\"primaryImageOfPage\":{\"@id\":\"http:\/\/www.defensoria.gob.ve\/?page_id=421#primaryimage\"},\"image\":{\"@id\":\"http:\/\/www.defensoria.gob.ve\/?page_id=421#primaryimage\"},\"thumbnailUrl\":\"http:\/\/www.defensoria.gob.ve\/wp-content\/uploads\/2023\/09\/directel.png\",\"datePublished\":\"2023-09-06T17:55:52+00:00\",\"dateModified\":\"2025-12-08T15:25:28+00:00\",\"breadcrumb\":{\"@id\":\"http:\/\/www.defensoria.gob.ve\/?page_id=421#breadcrumb\"},\"inLanguage\":\"es\",\"potentialAction\":[{\"@type\":\"ReadAction\",\"target\":[\"http:\/\/www.defensoria.gob.ve\/?page_id=421\"]}]},{\"@type\":\"ImageObject\",\"inLanguage\":\"es\",\"@id\":\"http:\/\/www.defensoria.gob.ve\/?page_id=421#primaryimage\",\"url\":\"http:\/\/www.defensoria.gob.ve\/wp-content\/uploads\/2023\/09\/directel.png\",\"contentUrl\":\"http:\/\/www.defensoria.gob.ve\/wp-content\/uploads\/2023\/09\/directel.png\",\"width\":808,\"height\":124},{\"@type\":\"BreadcrumbList\",\"@id\":\"http:\/\/www.defensoria.gob.ve\/?page_id=421#breadcrumb\",\"itemListElement\":[{\"@type\":\"ListItem\",\"position\":1,\"name\":\"Portada\",\"item\":\"http:\/\/www.defensoria.gob.ve\/\"},{\"@type\":\"ListItem\",\"position\":2,\"name\":\"CONTACTANOS\",\"item\":\"http:\/\/www.defensoria.gob.ve\/?page_id=83\"},{\"@type\":\"ListItem\",\"position\":3,\"name\":\"SEDES REGIONALES\",\"item\":\"http:\/\/www.defensoria.gob.ve\/?page_id=196\"},{\"@type\":\"ListItem\",\"position\":4,\"name\":\"GUAYANA\",\"item\":\"http:\/\/www.defensoria.gob.ve\/?page_id=206\"},{\"@type\":\"ListItem\",\"position\":5,\"name\":\"DEFENSOR\u00cdA DELEGADA DE BOL\u00cdVAR\"}]},{\"@type\":\"WebSite\",\"@id\":\"http:\/\/www.defensoria.gob.ve\/#website\",\"url\":\"http:\/\/www.defensoria.gob.ve\/\",\"name\":\"\",\"description\":\"Instituci\u00f3n del Poder Ciudadano para la Promoci\u00f3n, Defensa y Vigilancia de los Derechos Humanos. \",\"potentialAction\":[{\"@type\":\"SearchAction\",\"target\":{\"@type\":\"EntryPoint\",\"urlTemplate\":\"http:\/\/www.defensoria.gob.ve\/?s={search_term_string}\"},\"query-input\":{\"@type\":\"PropertyValueSpecification\",\"valueRequired\":true,\"valueName\":\"search_term_string\"}}],\"inLanguage\":\"es\"}]}<\/script>\n<!-- \/ Yoast SEO plugin. -->","yoast_head_json":{"title":"DEFENSOR\u00cdA DELEGADA DE BOL\u00cdVAR -","robots":{"index":"index","follow":"follow","max-snippet":"max-snippet:-1","max-image-preview":"max-image-preview:large","max-video-preview":"max-video-preview:-1"},"canonical":"http:\/\/www.defensoria.gob.ve\/?page_id=421","og_locale":"es_ES","og_type":"article","og_title":"DEFENSOR\u00cdA DELEGADA DE BOL\u00cdVAR -","og_description":"DEFENSOR\u00cdA DELEGADA DE BOL\u00cdVAR Defensora Delegada: Zoraise Rond\u00f3n. Defensor Adjunto:\u00a0Jos\u00e9 G\u00f3mez. Direcci\u00f3n:\u00a0Av. 5 de Julio cruce con paseo Meneses. Venezuela. Tel\u00e9fonos: (0285) &#8211; 6321132 \/ 6326827 Correo\u00a0Electr\u00f3nico:\u00a0ddpbolivar8@gmail.com\u00a0\/\u00a0d-ciudadbolivar@defensoria.gob.ve","og_url":"http:\/\/www.defensoria.gob.ve\/?page_id=421","article_modified_time":"2025-12-08T15:25:28+00:00","og_image":[{"url":"http:\/\/www.defensoria.gob.ve\/wp-content\/uploads\/2023\/09\/directel.png","type":"","width":"","height":""}],"twitter_card":"summary_large_image","twitter_misc":{"Tiempo estimado de lectura":"1 minuto"},"schema":{"@context":"https:\/\/schema.org","@graph":[{"@type":"WebPage","@id":"http:\/\/www.defensoria.gob.ve\/?page_id=421","url":"http:\/\/www.defensoria.gob.ve\/?page_id=421","name":"DEFENSOR\u00cdA DELEGADA DE BOL\u00cdVAR -","isPartOf":{"@id":"http:\/\/www.defensoria.gob.ve\/#website"},"primaryImageOfPage":{"@id":"http:\/\/www.defensoria.gob.ve\/?page_id=421#primaryimage"},"image":{"@id":"http:\/\/www.defensoria.gob.ve\/?page_id=421#primaryimage"},"thumbnailUrl":"http:\/\/www.defensoria.gob.ve\/wp-content\/uploads\/2023\/09\/directel.png","datePublished":"2023-09-06T17:55:52+00:00","dateModified":"2025-12-08T15:25:28+00:00","breadcrumb":{"@id":"http:\/\/www.defensoria.gob.ve\/?page_id=421#breadcrumb"},"inLanguage":"es","potentialAction":[{"@type":"ReadAction","target":["http:\/\/www.defensoria.gob.ve\/?page_id=421"]}]},{"@type":"ImageObject","inLanguage":"es","@id":"http:\/\/www.defensoria.gob.ve\/?page_id=421#primaryimage","url":"http:\/\/www.defensoria.gob.ve\/wp-content\/uploads\/2023\/09\/directel.png","contentUrl":"http:\/\/www.defensoria.gob.ve\/wp-content\/uploads\/2023\/09\/directel.png","width":808,"height":124},{"@type":"BreadcrumbList","@id":"http:\/\/www.defensoria.gob.ve\/?page_id=421#breadcrumb","itemListElement":[{"@type":"ListItem","position":1,"name":"Portada","item":"http:\/\/www.defensoria.gob.ve\/"},{"@type":"ListItem","position":2,"name":"CONTACTANOS","item":"http:\/\/www.defensoria.gob.ve\/?page_id=83"},{"@type":"ListItem","position":3,"name":"SEDES REGIONALES","item":"http:\/\/www.defensoria.gob.ve\/?page_id=196"},{"@type":"ListItem","position":4,"name":"GUAYANA","item":"http:\/\/www.defensoria.gob.ve\/?page_id=206"},{"@type":"ListItem","position":5,"name":"DEFENSOR\u00cdA DELEGADA DE BOL\u00cdVAR"}]},{"@type":"WebSite","@id":"http:\/\/www.defensoria.gob.ve\/#website","url":"http:\/\/www.defensoria.gob.ve\/","name":"","description":"Instituci\u00f3n del Poder Ciudadano para la Promoci\u00f3n, Defensa y Vigilancia de los Derechos Humanos. ","potentialAction":[{"@type":"SearchAction","target":{"@type":"EntryPoint","urlTemplate":"http:\/\/www.defensoria.gob.ve\/?s={search_term_string}"},"query-input":{"@type":"PropertyValueSpecification","valueRequired":true,"valueName":"search_term_string"}}],"inLanguage":"es"}]}},"_links":{"self":[{"href":"http:\/\/www.defensoria.gob.ve\/index.php?rest_route=\/wp\/v2\/pages\/421","targetHints":{"allow":["GET"]}}],"collection":[{"href":"http:\/\/www.defensoria.gob.ve\/index.php?rest_route=\/wp\/v2\/pages"}],"about":[{"href":"http:\/\/www.defensoria.gob.ve\/index.php?rest_route=\/wp\/v2\/types\/page"}],"author":[{"embeddable":true,"href":"http:\/\/www.defensoria.gob.ve\/index.php?rest_route=\/wp\/v2\/users\/1"}],"replies":[{"embeddable":true,"href":"http:\/\/www.defensoria.gob.ve\/index.php?rest_route=%2Fwp%2Fv2%2Fcomments&post=421"}],"version-history":[{"count":25,"href":"http:\/\/www.defensoria.gob.ve\/index.php?rest_route=\/wp\/v2\/pages\/421\/revisions"}],"predecessor-version":[{"id":16013,"href":"http:\/\/www.defensoria.gob.ve\/index.php?rest_route=\/wp\/v2\/pages\/421\/revisions\/16013"}],"up":[{"embeddable":true,"href":"http:\/\/www.defensoria.gob.ve\/index.php?rest_route=\/wp\/v2\/pages\/206"}],"wp:attachment":[{"href":"http:\/\/www.defensoria.gob.ve\/index.php?rest_route=%2Fwp%2Fv2%2Fmedia&parent=421"}],"curies":[{"name":"wp","href":"https:\/\/api.w.org\/{rel}","templated":true}]}}