 
{"id":6296,"date":"2024-08-22T09:43:34","date_gmt":"2024-08-22T13:43:34","guid":{"rendered":"http:\/\/www.defensoria.gob.ve\/?page_id=6296"},"modified":"2025-12-09T09:44:10","modified_gmt":"2025-12-09T13:44:10","slug":"defensoria-municipal-tovar","status":"publish","type":"page","link":"http:\/\/www.defensoria.gob.ve\/?page_id=6296","title":{"rendered":"Defensoria Municipal Tovar"},"content":{"rendered":"\t\t<div data-elementor-type=\"wp-page\" data-elementor-id=\"6296\" class=\"elementor elementor-6296\">\n\t\t\t\t\t\t<section class=\"elementor-section elementor-top-section elementor-element elementor-element-e4a64fd elementor-section-boxed elementor-section-height-default elementor-section-height-default\" data-id=\"e4a64fd\" data-element_type=\"section\" data-e-type=\"section\">\n\t\t\t\t\t\t<div class=\"elementor-container elementor-column-gap-default\">\n\t\t\t\t\t<div class=\"elementor-column elementor-col-100 elementor-top-column elementor-element elementor-element-6ed6a19\" data-id=\"6ed6a19\" data-element_type=\"column\" data-e-type=\"column\">\n\t\t\t<div class=\"elementor-widget-wrap elementor-element-populated\">\n\t\t\t\t\t\t<div class=\"elementor-element elementor-element-21b0d4f elementor-widget elementor-widget-heading\" data-id=\"21b0d4f\" data-element_type=\"widget\" data-e-type=\"widget\" data-widget_type=\"heading.default\">\n\t\t\t\t<div class=\"elementor-widget-container\">\n\t\t\t\t\t<h2 class=\"elementor-heading-title elementor-size-default\">DEFENSOR\u00cdA MUNICIPAL TOVAR<\/h2>\t\t\t\t<\/div>\n\t\t\t\t<\/div>\n\t\t\t\t\t<\/div>\n\t\t<\/div>\n\t\t\t\t\t<\/div>\n\t\t<\/section>\n\t\t\t\t<section class=\"elementor-section elementor-top-section elementor-element elementor-element-3a0977ce elementor-section-boxed elementor-section-height-default elementor-section-height-default\" data-id=\"3a0977ce\" data-element_type=\"section\" data-e-type=\"section\">\n\t\t\t\t\t\t<div class=\"elementor-container elementor-column-gap-default\">\n\t\t\t\t\t<div class=\"elementor-column elementor-col-100 elementor-top-column elementor-element elementor-element-29f65bb1\" data-id=\"29f65bb1\" data-element_type=\"column\" data-e-type=\"column\">\n\t\t\t<div class=\"elementor-widget-wrap elementor-element-populated\">\n\t\t\t\t\t\t<div class=\"elementor-element elementor-element-4499a9d4 elementor-widget elementor-widget-text-editor\" data-id=\"4499a9d4\" data-element_type=\"widget\" data-e-type=\"widget\" data-widget_type=\"text-editor.default\">\n\t\t\t\t<div class=\"elementor-widget-container\">\n\t\t\t\t\t\t\t\t\t<figure><img decoding=\"async\" src=\"http:\/\/www.defensoria.gob.ve\/wp-content\/uploads\/2023\/09\/directel.png\" alt=\"\" \/><\/figure><p><!-- \/wp:image --><\/p><p><span style=\"color: #000000; font-size: 14pt; font-family: arial, helvetica, sans-serif;\"><strong>Defensora Delegada:<\/strong> Irene Sampedro.<\/span><\/p><p><span style=\"color: #000000; font-size: 14pt; font-family: arial, helvetica, sans-serif;\"><strong>Defensora Municipal:<\/strong> Mar\u00eda Quintero.<\/span><\/p><p><span style=\"color: #000000; font-size: 14pt; font-family: arial, helvetica, sans-serif;\"><strong>Direcci\u00f3n:<\/strong> Sector el Calvario, sede Mata Palo, edificio Jokilli.<\/span><\/p><p><span style=\"color: #000000; font-size: 14pt; font-family: arial, helvetica, sans-serif;\"><strong>Tel\u00e9fonos:<\/strong> 0424 -144.49.41<\/span><\/p><p><span style=\"font-size: 14pt; font-family: arial, helvetica, sans-serif;\"><span style=\"color: #000000;\"><strong>Correo Electr\u00f3nico:<\/strong>\u00a0\u00a0<\/span><a style=\"font-weight: var( --e-global-typography-text-font-weight ); background-color: #ffffff;\" href=\"mailto:ddpmunicipalcoloniatovar@gmail.com\">ddpmunicipalcoloniatovar@gmail.com<\/a> <span style=\"color: #000000;\">\/ <\/span><\/span><span style=\"font-size: 18px;\"><a href=\"mailto:dm-tovar@defensoria.gob.ve\">dm-tovar@defensoria.gob.ve<\/a><\/span><\/p>\t\t\t\t\t\t\t\t<\/div>\n\t\t\t\t<\/div>\n\t\t\t\t\t<\/div>\n\t\t<\/div>\n\t\t\t\t\t<\/div>\n\t\t<\/section>\n\t\t\t\t<section class=\"elementor-section elementor-top-section elementor-element elementor-element-81c07be elementor-section-boxed elementor-section-height-default elementor-section-height-default\" data-id=\"81c07be\" data-element_type=\"section\" data-e-type=\"section\">\n\t\t\t\t\t\t<div class=\"elementor-container elementor-column-gap-default\">\n\t\t\t\t\t<div class=\"elementor-column elementor-col-100 elementor-top-column elementor-element elementor-element-d52f2cb\" data-id=\"d52f2cb\" data-element_type=\"column\" data-e-type=\"column\">\n\t\t\t<div class=\"elementor-widget-wrap elementor-element-populated\">\n\t\t\t\t\t\t<div class=\"elementor-element elementor-element-5bfe4e9 elementor-widget elementor-widget-google_maps\" data-id=\"5bfe4e9\" data-element_type=\"widget\" data-e-type=\"widget\" data-widget_type=\"google_maps.default\">\n\t\t\t\t<div class=\"elementor-widget-container\">\n\t\t\t\t\t\t\t<div class=\"elementor-custom-embed\">\n\t\t\t<iframe loading=\"lazy\"\n\t\t\t\t\tsrc=\"https:\/\/maps.google.com\/maps?q=Sector%20el%20Calvario%2C%20sede%20Mata%20Palo%2C%20edificio%20Jokilli.&#038;t=m&#038;z=10&#038;output=embed&#038;iwloc=near\"\n\t\t\t\t\ttitle=\"Sector el Calvario, sede Mata Palo, edificio Jokilli.\"\n\t\t\t\t\taria-label=\"Sector el Calvario, sede Mata Palo, edificio Jokilli.\"\n\t\t\t><\/iframe>\n\t\t<\/div>\n\t\t\t\t\t\t<\/div>\n\t\t\t\t<\/div>\n\t\t\t\t\t<\/div>\n\t\t<\/div>\n\t\t\t\t\t<\/div>\n\t\t<\/section>\n\t\t\t\t<\/div>\n\t\t","protected":false},"excerpt":{"rendered":"<p>DEFENSOR\u00cdA MUNICIPAL TOVAR Defensora Delegada: Irene Sampedro. Defensora Municipal: Mar\u00eda Quintero. Direcci\u00f3n: Sector el Calvario, sede Mata Palo, edificio Jokilli. Tel\u00e9fonos: 0424 -144.49.41 Correo Electr\u00f3nico:\u00a0\u00a0ddpmunicipalcoloniatovar@gmail.com \/ dm-tovar@defensoria.gob.ve<\/p>\n","protected":false},"author":12,"featured_media":0,"parent":0,"menu_order":0,"comment_status":"closed","ping_status":"closed","template":"","meta":{"footnotes":""},"class_list":["post-6296","page","type-page","status-publish","hentry"],"yoast_head":"<!-- This site is optimized with the Yoast SEO plugin v27.2 - https:\/\/yoast.com\/product\/yoast-seo-wordpress\/ -->\n<title>Defensoria Municipal Tovar -<\/title>\n<meta name=\"robots\" content=\"index, follow, max-snippet:-1, max-image-preview:large, max-video-preview:-1\" \/>\n<link rel=\"canonical\" href=\"http:\/\/www.defensoria.gob.ve\/?page_id=6296\" \/>\n<meta property=\"og:locale\" content=\"es_ES\" \/>\n<meta property=\"og:type\" content=\"article\" \/>\n<meta property=\"og:title\" content=\"Defensoria Municipal Tovar -\" \/>\n<meta property=\"og:description\" content=\"DEFENSOR\u00cdA MUNICIPAL TOVAR Defensora Delegada: Irene Sampedro. Defensora Municipal: Mar\u00eda Quintero. Direcci\u00f3n: Sector el Calvario, sede Mata Palo, edificio Jokilli. Tel\u00e9fonos: 0424 -144.49.41 Correo Electr\u00f3nico:\u00a0\u00a0ddpmunicipalcoloniatovar@gmail.com \/ dm-tovar@defensoria.gob.ve\" \/>\n<meta property=\"og:url\" content=\"http:\/\/www.defensoria.gob.ve\/?page_id=6296\" \/>\n<meta property=\"article:modified_time\" content=\"2025-12-09T13:44:10+00:00\" \/>\n<meta property=\"og:image\" content=\"http:\/\/www.defensoria.gob.ve\/wp-content\/uploads\/2023\/09\/directel.png\" \/>\n<meta name=\"twitter:card\" content=\"summary_large_image\" \/>\n<meta name=\"twitter:label1\" content=\"Tiempo estimado de lectura\" \/>\n\t<meta name=\"twitter:data1\" content=\"1 minuto\" \/>\n<script type=\"application\/ld+json\" class=\"yoast-schema-graph\">{\"@context\":\"https:\/\/schema.org\",\"@graph\":[{\"@type\":\"WebPage\",\"@id\":\"http:\/\/www.defensoria.gob.ve\/?page_id=6296\",\"url\":\"http:\/\/www.defensoria.gob.ve\/?page_id=6296\",\"name\":\"Defensoria Municipal Tovar -\",\"isPartOf\":{\"@id\":\"http:\/\/www.defensoria.gob.ve\/#website\"},\"primaryImageOfPage\":{\"@id\":\"http:\/\/www.defensoria.gob.ve\/?page_id=6296#primaryimage\"},\"image\":{\"@id\":\"http:\/\/www.defensoria.gob.ve\/?page_id=6296#primaryimage\"},\"thumbnailUrl\":\"http:\/\/www.defensoria.gob.ve\/wp-content\/uploads\/2023\/09\/directel.png\",\"datePublished\":\"2024-08-22T13:43:34+00:00\",\"dateModified\":\"2025-12-09T13:44:10+00:00\",\"breadcrumb\":{\"@id\":\"http:\/\/www.defensoria.gob.ve\/?page_id=6296#breadcrumb\"},\"inLanguage\":\"es\",\"potentialAction\":[{\"@type\":\"ReadAction\",\"target\":[\"http:\/\/www.defensoria.gob.ve\/?page_id=6296\"]}]},{\"@type\":\"ImageObject\",\"inLanguage\":\"es\",\"@id\":\"http:\/\/www.defensoria.gob.ve\/?page_id=6296#primaryimage\",\"url\":\"http:\/\/www.defensoria.gob.ve\/wp-content\/uploads\/2023\/09\/directel.png\",\"contentUrl\":\"http:\/\/www.defensoria.gob.ve\/wp-content\/uploads\/2023\/09\/directel.png\",\"width\":808,\"height\":124},{\"@type\":\"BreadcrumbList\",\"@id\":\"http:\/\/www.defensoria.gob.ve\/?page_id=6296#breadcrumb\",\"itemListElement\":[{\"@type\":\"ListItem\",\"position\":1,\"name\":\"Portada\",\"item\":\"http:\/\/www.defensoria.gob.ve\/\"},{\"@type\":\"ListItem\",\"position\":2,\"name\":\"Defensoria Municipal Tovar\"}]},{\"@type\":\"WebSite\",\"@id\":\"http:\/\/www.defensoria.gob.ve\/#website\",\"url\":\"http:\/\/www.defensoria.gob.ve\/\",\"name\":\"\",\"description\":\"Instituci\u00f3n del Poder Ciudadano para la Promoci\u00f3n, Defensa y Vigilancia de los Derechos Humanos. \",\"potentialAction\":[{\"@type\":\"SearchAction\",\"target\":{\"@type\":\"EntryPoint\",\"urlTemplate\":\"http:\/\/www.defensoria.gob.ve\/?s={search_term_string}\"},\"query-input\":{\"@type\":\"PropertyValueSpecification\",\"valueRequired\":true,\"valueName\":\"search_term_string\"}}],\"inLanguage\":\"es\"}]}<\/script>\n<!-- \/ Yoast SEO plugin. -->","yoast_head_json":{"title":"Defensoria Municipal Tovar -","robots":{"index":"index","follow":"follow","max-snippet":"max-snippet:-1","max-image-preview":"max-image-preview:large","max-video-preview":"max-video-preview:-1"},"canonical":"http:\/\/www.defensoria.gob.ve\/?page_id=6296","og_locale":"es_ES","og_type":"article","og_title":"Defensoria Municipal Tovar -","og_description":"DEFENSOR\u00cdA MUNICIPAL TOVAR Defensora Delegada: Irene Sampedro. Defensora Municipal: Mar\u00eda Quintero. Direcci\u00f3n: Sector el Calvario, sede Mata Palo, edificio Jokilli. Tel\u00e9fonos: 0424 -144.49.41 Correo Electr\u00f3nico:\u00a0\u00a0ddpmunicipalcoloniatovar@gmail.com \/ dm-tovar@defensoria.gob.ve","og_url":"http:\/\/www.defensoria.gob.ve\/?page_id=6296","article_modified_time":"2025-12-09T13:44:10+00:00","og_image":[{"url":"http:\/\/www.defensoria.gob.ve\/wp-content\/uploads\/2023\/09\/directel.png","type":"","width":"","height":""}],"twitter_card":"summary_large_image","twitter_misc":{"Tiempo estimado de lectura":"1 minuto"},"schema":{"@context":"https:\/\/schema.org","@graph":[{"@type":"WebPage","@id":"http:\/\/www.defensoria.gob.ve\/?page_id=6296","url":"http:\/\/www.defensoria.gob.ve\/?page_id=6296","name":"Defensoria Municipal Tovar -","isPartOf":{"@id":"http:\/\/www.defensoria.gob.ve\/#website"},"primaryImageOfPage":{"@id":"http:\/\/www.defensoria.gob.ve\/?page_id=6296#primaryimage"},"image":{"@id":"http:\/\/www.defensoria.gob.ve\/?page_id=6296#primaryimage"},"thumbnailUrl":"http:\/\/www.defensoria.gob.ve\/wp-content\/uploads\/2023\/09\/directel.png","datePublished":"2024-08-22T13:43:34+00:00","dateModified":"2025-12-09T13:44:10+00:00","breadcrumb":{"@id":"http:\/\/www.defensoria.gob.ve\/?page_id=6296#breadcrumb"},"inLanguage":"es","potentialAction":[{"@type":"ReadAction","target":["http:\/\/www.defensoria.gob.ve\/?page_id=6296"]}]},{"@type":"ImageObject","inLanguage":"es","@id":"http:\/\/www.defensoria.gob.ve\/?page_id=6296#primaryimage","url":"http:\/\/www.defensoria.gob.ve\/wp-content\/uploads\/2023\/09\/directel.png","contentUrl":"http:\/\/www.defensoria.gob.ve\/wp-content\/uploads\/2023\/09\/directel.png","width":808,"height":124},{"@type":"BreadcrumbList","@id":"http:\/\/www.defensoria.gob.ve\/?page_id=6296#breadcrumb","itemListElement":[{"@type":"ListItem","position":1,"name":"Portada","item":"http:\/\/www.defensoria.gob.ve\/"},{"@type":"ListItem","position":2,"name":"Defensoria Municipal Tovar"}]},{"@type":"WebSite","@id":"http:\/\/www.defensoria.gob.ve\/#website","url":"http:\/\/www.defensoria.gob.ve\/","name":"","description":"Instituci\u00f3n del Poder Ciudadano para la Promoci\u00f3n, Defensa y Vigilancia de los Derechos Humanos. ","potentialAction":[{"@type":"SearchAction","target":{"@type":"EntryPoint","urlTemplate":"http:\/\/www.defensoria.gob.ve\/?s={search_term_string}"},"query-input":{"@type":"PropertyValueSpecification","valueRequired":true,"valueName":"search_term_string"}}],"inLanguage":"es"}]}},"_links":{"self":[{"href":"http:\/\/www.defensoria.gob.ve\/index.php?rest_route=\/wp\/v2\/pages\/6296","targetHints":{"allow":["GET"]}}],"collection":[{"href":"http:\/\/www.defensoria.gob.ve\/index.php?rest_route=\/wp\/v2\/pages"}],"about":[{"href":"http:\/\/www.defensoria.gob.ve\/index.php?rest_route=\/wp\/v2\/types\/page"}],"author":[{"embeddable":true,"href":"http:\/\/www.defensoria.gob.ve\/index.php?rest_route=\/wp\/v2\/users\/12"}],"replies":[{"embeddable":true,"href":"http:\/\/www.defensoria.gob.ve\/index.php?rest_route=%2Fwp%2Fv2%2Fcomments&post=6296"}],"version-history":[{"count":33,"href":"http:\/\/www.defensoria.gob.ve\/index.php?rest_route=\/wp\/v2\/pages\/6296\/revisions"}],"predecessor-version":[{"id":16266,"href":"http:\/\/www.defensoria.gob.ve\/index.php?rest_route=\/wp\/v2\/pages\/6296\/revisions\/16266"}],"wp:attachment":[{"href":"http:\/\/www.defensoria.gob.ve\/index.php?rest_route=%2Fwp%2Fv2%2Fmedia&parent=6296"}],"curies":[{"name":"wp","href":"https:\/\/api.w.org\/{rel}","templated":true}]}}