 
{"id":6313,"date":"2024-08-22T10:05:11","date_gmt":"2024-08-22T14:05:11","guid":{"rendered":"http:\/\/www.defensoria.gob.ve\/?page_id=6313"},"modified":"2025-12-09T09:42:04","modified_gmt":"2025-12-09T13:42:04","slug":"delegada-municipal-jose-felix-ribas","status":"publish","type":"page","link":"http:\/\/www.defensoria.gob.ve\/?page_id=6313","title":{"rendered":"DEFENSOR\u00cdA MUNICIPAL JOS\u00c9 FELIX RIBAS"},"content":{"rendered":"\t\t<div data-elementor-type=\"wp-page\" data-elementor-id=\"6313\" class=\"elementor elementor-6313\">\n\t\t\t\t\t\t<section class=\"elementor-section elementor-top-section elementor-element elementor-element-ccb2ae3 elementor-section-boxed elementor-section-height-default elementor-section-height-default\" data-id=\"ccb2ae3\" data-element_type=\"section\" data-e-type=\"section\">\n\t\t\t\t\t\t<div class=\"elementor-container elementor-column-gap-default\">\n\t\t\t\t\t<div class=\"elementor-column elementor-col-100 elementor-top-column elementor-element elementor-element-7b9397c\" data-id=\"7b9397c\" data-element_type=\"column\" data-e-type=\"column\">\n\t\t\t<div class=\"elementor-widget-wrap elementor-element-populated\">\n\t\t\t\t\t\t<div class=\"elementor-element elementor-element-7c2cfee elementor-widget elementor-widget-heading\" data-id=\"7c2cfee\" data-element_type=\"widget\" data-e-type=\"widget\" data-widget_type=\"heading.default\">\n\t\t\t\t<div class=\"elementor-widget-container\">\n\t\t\t\t\t<h2 class=\"elementor-heading-title elementor-size-default\">DEFENSOR\u00cdA MUNICIPAL JOS\u00c9 FELIX RIBAS <\/h2>\t\t\t\t<\/div>\n\t\t\t\t<\/div>\n\t\t\t\t\t<\/div>\n\t\t<\/div>\n\t\t\t\t\t<\/div>\n\t\t<\/section>\n\t\t\t\t<section class=\"elementor-section elementor-top-section elementor-element elementor-element-b0aa681 elementor-section-boxed elementor-section-height-default elementor-section-height-default\" data-id=\"b0aa681\" data-element_type=\"section\" data-e-type=\"section\">\n\t\t\t\t\t\t<div class=\"elementor-container elementor-column-gap-default\">\n\t\t\t\t\t<div class=\"elementor-column elementor-col-100 elementor-top-column elementor-element elementor-element-53f8479\" data-id=\"53f8479\" data-element_type=\"column\" data-e-type=\"column\">\n\t\t\t<div class=\"elementor-widget-wrap elementor-element-populated\">\n\t\t\t\t\t\t<div class=\"elementor-element elementor-element-6a73180 elementor-widget elementor-widget-image\" data-id=\"6a73180\" data-element_type=\"widget\" data-e-type=\"widget\" data-widget_type=\"image.default\">\n\t\t\t\t<div class=\"elementor-widget-container\">\n\t\t\t\t\t\t\t\t\t\t\t\t\t\t\t<img fetchpriority=\"high\" decoding=\"async\" width=\"808\" height=\"124\" src=\"http:\/\/www.defensoria.gob.ve\/wp-content\/uploads\/2023\/09\/directel.png\" class=\"attachment-large size-large wp-image-635\" alt=\"\" srcset=\"http:\/\/www.defensoria.gob.ve\/wp-content\/uploads\/2023\/09\/directel.png 808w, http:\/\/www.defensoria.gob.ve\/wp-content\/uploads\/2023\/09\/directel-300x46.png 300w, http:\/\/www.defensoria.gob.ve\/wp-content\/uploads\/2023\/09\/directel-768x118.png 768w\" sizes=\"(max-width: 808px) 100vw, 808px\" \/>\t\t\t\t\t\t\t\t\t\t\t\t\t\t\t<\/div>\n\t\t\t\t<\/div>\n\t\t\t\t\t<\/div>\n\t\t<\/div>\n\t\t\t\t\t<\/div>\n\t\t<\/section>\n\t\t\t\t<section class=\"elementor-section elementor-top-section elementor-element elementor-element-9b62697 elementor-section-boxed elementor-section-height-default elementor-section-height-default\" data-id=\"9b62697\" data-element_type=\"section\" data-e-type=\"section\">\n\t\t\t\t\t\t<div class=\"elementor-container elementor-column-gap-default\">\n\t\t\t\t\t<div class=\"elementor-column elementor-col-100 elementor-top-column elementor-element elementor-element-8a93ea2\" data-id=\"8a93ea2\" data-element_type=\"column\" data-e-type=\"column\">\n\t\t\t<div class=\"elementor-widget-wrap elementor-element-populated\">\n\t\t\t\t\t\t<div class=\"elementor-element elementor-element-e402766 elementor-widget elementor-widget-text-editor\" data-id=\"e402766\" data-element_type=\"widget\" data-e-type=\"widget\" data-widget_type=\"text-editor.default\">\n\t\t\t\t<div class=\"elementor-widget-container\">\n\t\t\t\t\t\t\t\t\t<p><span style=\"color: #000000; font-family: arial, helvetica, sans-serif;\"><strong><span style=\"font-size: 14.0pt;\">Defensora<\/span><span style=\"font-size: 14.0pt;\"> Delegada:\u00a0<\/span><\/strong><span style=\"font-size: 14.0pt;\">Irene Sampedro.<\/span><\/span><\/p><p><span style=\"color: #000000; font-family: arial, helvetica, sans-serif;\"><strong><span style=\"font-size: 14.0pt;\">Defensor<\/span><span style=\"font-size: 14.0pt;\">\u00a0Municipal:<\/span><\/strong><span style=\"font-size: 14.0pt;\"> Erick Morales.<\/span><\/span><\/p><p style=\"text-align: justify;\"><span style=\"color: #000000; font-family: arial, helvetica, sans-serif;\"><strong><span style=\"font-size: 14.0pt;\">Direcci\u00f3n:<\/span><\/strong><span style=\"font-size: 14.0pt;\"> Av. Victoria, C.C Ciliento, Piso 1, local 22, La Victoria Mun. Jos\u00e9 Felix Ribas.<\/span><\/span><\/p><p><span style=\"color: #000000; font-family: arial, helvetica, sans-serif;\"><strong><span style=\"font-size: 14.0pt;\">Tel\u00e9fonos:<\/span><\/strong><span style=\"font-size: 14.0pt;\"> 0424-337.89.34 \/ 0412-754.29.68<\/span><\/span><\/p><p><span style=\"font-family: arial, helvetica, sans-serif;\"><span style=\"color: #000000;\"><strong><span style=\"font-size: 14.0pt;\">Correo Electr\u00f3nico:<\/span><\/strong><span style=\"font-weight: var( --e-global-typography-text-font-weight ); font-size: 14pt;\">\u00a0<\/span><\/span><\/span><\/p><p><span style=\"font-family: arial, helvetica, sans-serif;\"><strong><span style=\"font-size: 14pt;\"><a style=\"font-weight: var( --e-global-typography-text-font-weight ); background-color: #ffffff;\" href=\"mailto:ddpmunicipaljosefelixribas@gmail.com\">ddpmunicipaljosefelixribas@gmail.com<\/a> <span style=\"color: #000000;\">\/\u00a0<\/span><\/span><\/strong><\/span><span style=\"font-size: 18px;\"><a href=\"mailto:dm-josefelixribas@defensoria.gob.ve\">dm-josefelixribas@defensoria.gob.ve<\/a><\/span><\/p>\t\t\t\t\t\t\t\t<\/div>\n\t\t\t\t<\/div>\n\t\t\t\t\t<\/div>\n\t\t<\/div>\n\t\t\t\t\t<\/div>\n\t\t<\/section>\n\t\t\t\t<section class=\"elementor-section elementor-top-section elementor-element elementor-element-e4751bf elementor-section-boxed elementor-section-height-default elementor-section-height-default\" data-id=\"e4751bf\" data-element_type=\"section\" data-e-type=\"section\">\n\t\t\t\t\t\t<div class=\"elementor-container elementor-column-gap-default\">\n\t\t\t\t\t<div class=\"elementor-column elementor-col-100 elementor-top-column elementor-element elementor-element-2072a9f\" data-id=\"2072a9f\" data-element_type=\"column\" data-e-type=\"column\">\n\t\t\t<div class=\"elementor-widget-wrap elementor-element-populated\">\n\t\t\t\t\t\t<div class=\"elementor-element elementor-element-9c75517 elementor-widget elementor-widget-google_maps\" data-id=\"9c75517\" data-element_type=\"widget\" data-e-type=\"widget\" data-widget_type=\"google_maps.default\">\n\t\t\t\t<div class=\"elementor-widget-container\">\n\t\t\t\t\t\t\t<div class=\"elementor-custom-embed\">\n\t\t\t<iframe loading=\"lazy\"\n\t\t\t\t\tsrc=\"https:\/\/maps.google.com\/maps?q=Defensora%20Municipal%3A%20Erick%20Morales%20Direcci%C3%B3n%3A%20Av.%20Victoria%2C%20C.C%20Ciliento%2C%20Piso%201%2C%20local%2022%2C%20La%20Victoria%20Mun.%20Jos%C3%A9%20Felix%20Ribas.%20Tel%C3%A9fonos%3A%200424%20337.89.34%20%2F%200412%20754.29.68%20Correo%20Electr%C3%B3nico%3A%20ddpmunicipaljosefelixribas%40gmail.com&#038;t=m&#038;z=10&#038;output=embed&#038;iwloc=near\"\n\t\t\t\t\ttitle=\"Defensora Municipal: Erick Morales Direcci\u00f3n: Av. Victoria, C.C Ciliento, Piso 1, local 22, La Victoria Mun. Jos\u00e9 Felix Ribas. Tel\u00e9fonos: 0424 337.89.34 \/ 0412 754.29.68 Correo Electr\u00f3nico: ddpmunicipaljosefelixribas@gmail.com\"\n\t\t\t\t\taria-label=\"Defensora Municipal: Erick Morales Direcci\u00f3n: Av. Victoria, C.C Ciliento, Piso 1, local 22, La Victoria Mun. Jos\u00e9 Felix Ribas. Tel\u00e9fonos: 0424 337.89.34 \/ 0412 754.29.68 Correo Electr\u00f3nico: ddpmunicipaljosefelixribas@gmail.com\"\n\t\t\t><\/iframe>\n\t\t<\/div>\n\t\t\t\t\t\t<\/div>\n\t\t\t\t<\/div>\n\t\t\t\t\t<\/div>\n\t\t<\/div>\n\t\t\t\t\t<\/div>\n\t\t<\/section>\n\t\t\t\t<\/div>\n\t\t","protected":false},"excerpt":{"rendered":"<p>DEFENSOR\u00cdA MUNICIPAL JOS\u00c9 FELIX RIBAS Defensora Delegada:\u00a0Irene Sampedro. Defensor\u00a0Municipal: Erick Morales. Direcci\u00f3n: Av. Victoria, C.C Ciliento, Piso 1, local 22, La Victoria Mun. Jos\u00e9 Felix Ribas. Tel\u00e9fonos: 0424-337.89.34 \/ 0412-754.29.68&hellip; <\/p>\n","protected":false},"author":12,"featured_media":0,"parent":0,"menu_order":0,"comment_status":"closed","ping_status":"closed","template":"","meta":{"footnotes":""},"class_list":["post-6313","page","type-page","status-publish","hentry"],"yoast_head":"<!-- This site is optimized with the Yoast SEO plugin v27.2 - https:\/\/yoast.com\/product\/yoast-seo-wordpress\/ -->\n<title>DEFENSOR\u00cdA MUNICIPAL JOS\u00c9 FELIX RIBAS -<\/title>\n<meta name=\"robots\" content=\"index, follow, max-snippet:-1, max-image-preview:large, max-video-preview:-1\" \/>\n<link rel=\"canonical\" href=\"http:\/\/www.defensoria.gob.ve\/?page_id=6313\" \/>\n<meta property=\"og:locale\" content=\"es_ES\" \/>\n<meta property=\"og:type\" content=\"article\" \/>\n<meta property=\"og:title\" content=\"DEFENSOR\u00cdA MUNICIPAL JOS\u00c9 FELIX RIBAS -\" \/>\n<meta property=\"og:description\" content=\"DEFENSOR\u00cdA MUNICIPAL JOS\u00c9 FELIX RIBAS Defensora Delegada:\u00a0Irene Sampedro. Defensor\u00a0Municipal: Erick Morales. Direcci\u00f3n: Av. Victoria, C.C Ciliento, Piso 1, local 22, La Victoria Mun. Jos\u00e9 Felix Ribas. Tel\u00e9fonos: 0424-337.89.34 \/ 0412-754.29.68&hellip;\" \/>\n<meta property=\"og:url\" content=\"http:\/\/www.defensoria.gob.ve\/?page_id=6313\" \/>\n<meta property=\"article:modified_time\" content=\"2025-12-09T13:42:04+00:00\" \/>\n<meta property=\"og:image\" content=\"http:\/\/www.defensoria.gob.ve\/wp-content\/uploads\/2023\/09\/directel.png\" \/>\n<meta name=\"twitter:card\" content=\"summary_large_image\" \/>\n<meta name=\"twitter:label1\" content=\"Tiempo estimado de lectura\" \/>\n\t<meta name=\"twitter:data1\" content=\"1 minuto\" \/>\n<script type=\"application\/ld+json\" class=\"yoast-schema-graph\">{\"@context\":\"https:\/\/schema.org\",\"@graph\":[{\"@type\":\"WebPage\",\"@id\":\"http:\/\/www.defensoria.gob.ve\/?page_id=6313\",\"url\":\"http:\/\/www.defensoria.gob.ve\/?page_id=6313\",\"name\":\"DEFENSOR\u00cdA MUNICIPAL JOS\u00c9 FELIX RIBAS -\",\"isPartOf\":{\"@id\":\"http:\/\/www.defensoria.gob.ve\/#website\"},\"primaryImageOfPage\":{\"@id\":\"http:\/\/www.defensoria.gob.ve\/?page_id=6313#primaryimage\"},\"image\":{\"@id\":\"http:\/\/www.defensoria.gob.ve\/?page_id=6313#primaryimage\"},\"thumbnailUrl\":\"http:\/\/www.defensoria.gob.ve\/wp-content\/uploads\/2023\/09\/directel.png\",\"datePublished\":\"2024-08-22T14:05:11+00:00\",\"dateModified\":\"2025-12-09T13:42:04+00:00\",\"breadcrumb\":{\"@id\":\"http:\/\/www.defensoria.gob.ve\/?page_id=6313#breadcrumb\"},\"inLanguage\":\"es\",\"potentialAction\":[{\"@type\":\"ReadAction\",\"target\":[\"http:\/\/www.defensoria.gob.ve\/?page_id=6313\"]}]},{\"@type\":\"ImageObject\",\"inLanguage\":\"es\",\"@id\":\"http:\/\/www.defensoria.gob.ve\/?page_id=6313#primaryimage\",\"url\":\"http:\/\/www.defensoria.gob.ve\/wp-content\/uploads\/2023\/09\/directel.png\",\"contentUrl\":\"http:\/\/www.defensoria.gob.ve\/wp-content\/uploads\/2023\/09\/directel.png\",\"width\":808,\"height\":124},{\"@type\":\"BreadcrumbList\",\"@id\":\"http:\/\/www.defensoria.gob.ve\/?page_id=6313#breadcrumb\",\"itemListElement\":[{\"@type\":\"ListItem\",\"position\":1,\"name\":\"Portada\",\"item\":\"http:\/\/www.defensoria.gob.ve\/\"},{\"@type\":\"ListItem\",\"position\":2,\"name\":\"DEFENSOR\u00cdA MUNICIPAL JOS\u00c9 FELIX RIBAS\"}]},{\"@type\":\"WebSite\",\"@id\":\"http:\/\/www.defensoria.gob.ve\/#website\",\"url\":\"http:\/\/www.defensoria.gob.ve\/\",\"name\":\"\",\"description\":\"Instituci\u00f3n del Poder Ciudadano para la Promoci\u00f3n, Defensa y Vigilancia de los Derechos Humanos. \",\"potentialAction\":[{\"@type\":\"SearchAction\",\"target\":{\"@type\":\"EntryPoint\",\"urlTemplate\":\"http:\/\/www.defensoria.gob.ve\/?s={search_term_string}\"},\"query-input\":{\"@type\":\"PropertyValueSpecification\",\"valueRequired\":true,\"valueName\":\"search_term_string\"}}],\"inLanguage\":\"es\"}]}<\/script>\n<!-- \/ Yoast SEO plugin. -->","yoast_head_json":{"title":"DEFENSOR\u00cdA MUNICIPAL JOS\u00c9 FELIX RIBAS -","robots":{"index":"index","follow":"follow","max-snippet":"max-snippet:-1","max-image-preview":"max-image-preview:large","max-video-preview":"max-video-preview:-1"},"canonical":"http:\/\/www.defensoria.gob.ve\/?page_id=6313","og_locale":"es_ES","og_type":"article","og_title":"DEFENSOR\u00cdA MUNICIPAL JOS\u00c9 FELIX RIBAS -","og_description":"DEFENSOR\u00cdA MUNICIPAL JOS\u00c9 FELIX RIBAS Defensora Delegada:\u00a0Irene Sampedro. Defensor\u00a0Municipal: Erick Morales. Direcci\u00f3n: Av. Victoria, C.C Ciliento, Piso 1, local 22, La Victoria Mun. Jos\u00e9 Felix Ribas. Tel\u00e9fonos: 0424-337.89.34 \/ 0412-754.29.68&hellip;","og_url":"http:\/\/www.defensoria.gob.ve\/?page_id=6313","article_modified_time":"2025-12-09T13:42:04+00:00","og_image":[{"url":"http:\/\/www.defensoria.gob.ve\/wp-content\/uploads\/2023\/09\/directel.png","type":"","width":"","height":""}],"twitter_card":"summary_large_image","twitter_misc":{"Tiempo estimado de lectura":"1 minuto"},"schema":{"@context":"https:\/\/schema.org","@graph":[{"@type":"WebPage","@id":"http:\/\/www.defensoria.gob.ve\/?page_id=6313","url":"http:\/\/www.defensoria.gob.ve\/?page_id=6313","name":"DEFENSOR\u00cdA MUNICIPAL JOS\u00c9 FELIX RIBAS -","isPartOf":{"@id":"http:\/\/www.defensoria.gob.ve\/#website"},"primaryImageOfPage":{"@id":"http:\/\/www.defensoria.gob.ve\/?page_id=6313#primaryimage"},"image":{"@id":"http:\/\/www.defensoria.gob.ve\/?page_id=6313#primaryimage"},"thumbnailUrl":"http:\/\/www.defensoria.gob.ve\/wp-content\/uploads\/2023\/09\/directel.png","datePublished":"2024-08-22T14:05:11+00:00","dateModified":"2025-12-09T13:42:04+00:00","breadcrumb":{"@id":"http:\/\/www.defensoria.gob.ve\/?page_id=6313#breadcrumb"},"inLanguage":"es","potentialAction":[{"@type":"ReadAction","target":["http:\/\/www.defensoria.gob.ve\/?page_id=6313"]}]},{"@type":"ImageObject","inLanguage":"es","@id":"http:\/\/www.defensoria.gob.ve\/?page_id=6313#primaryimage","url":"http:\/\/www.defensoria.gob.ve\/wp-content\/uploads\/2023\/09\/directel.png","contentUrl":"http:\/\/www.defensoria.gob.ve\/wp-content\/uploads\/2023\/09\/directel.png","width":808,"height":124},{"@type":"BreadcrumbList","@id":"http:\/\/www.defensoria.gob.ve\/?page_id=6313#breadcrumb","itemListElement":[{"@type":"ListItem","position":1,"name":"Portada","item":"http:\/\/www.defensoria.gob.ve\/"},{"@type":"ListItem","position":2,"name":"DEFENSOR\u00cdA MUNICIPAL JOS\u00c9 FELIX RIBAS"}]},{"@type":"WebSite","@id":"http:\/\/www.defensoria.gob.ve\/#website","url":"http:\/\/www.defensoria.gob.ve\/","name":"","description":"Instituci\u00f3n del Poder Ciudadano para la Promoci\u00f3n, Defensa y Vigilancia de los Derechos Humanos. ","potentialAction":[{"@type":"SearchAction","target":{"@type":"EntryPoint","urlTemplate":"http:\/\/www.defensoria.gob.ve\/?s={search_term_string}"},"query-input":{"@type":"PropertyValueSpecification","valueRequired":true,"valueName":"search_term_string"}}],"inLanguage":"es"}]}},"_links":{"self":[{"href":"http:\/\/www.defensoria.gob.ve\/index.php?rest_route=\/wp\/v2\/pages\/6313","targetHints":{"allow":["GET"]}}],"collection":[{"href":"http:\/\/www.defensoria.gob.ve\/index.php?rest_route=\/wp\/v2\/pages"}],"about":[{"href":"http:\/\/www.defensoria.gob.ve\/index.php?rest_route=\/wp\/v2\/types\/page"}],"author":[{"embeddable":true,"href":"http:\/\/www.defensoria.gob.ve\/index.php?rest_route=\/wp\/v2\/users\/12"}],"replies":[{"embeddable":true,"href":"http:\/\/www.defensoria.gob.ve\/index.php?rest_route=%2Fwp%2Fv2%2Fcomments&post=6313"}],"version-history":[{"count":29,"href":"http:\/\/www.defensoria.gob.ve\/index.php?rest_route=\/wp\/v2\/pages\/6313\/revisions"}],"predecessor-version":[{"id":16263,"href":"http:\/\/www.defensoria.gob.ve\/index.php?rest_route=\/wp\/v2\/pages\/6313\/revisions\/16263"}],"wp:attachment":[{"href":"http:\/\/www.defensoria.gob.ve\/index.php?rest_route=%2Fwp%2Fv2%2Fmedia&parent=6313"}],"curies":[{"name":"wp","href":"https:\/\/api.w.org\/{rel}","templated":true}]}}