 
{"id":6343,"date":"2024-08-22T10:41:19","date_gmt":"2024-08-22T14:41:19","guid":{"rendered":"http:\/\/www.defensoria.gob.ve\/?page_id=6343"},"modified":"2025-12-09T09:46:38","modified_gmt":"2025-12-09T13:46:38","slug":"defensoria-municipal-brion","status":"publish","type":"page","link":"http:\/\/www.defensoria.gob.ve\/?page_id=6343","title":{"rendered":"DEFENSOR\u00cdA MUNICIPAL BRI\u00d3N"},"content":{"rendered":"\t\t<div data-elementor-type=\"wp-page\" data-elementor-id=\"6343\" class=\"elementor elementor-6343\">\n\t\t\t\t\t\t<section class=\"elementor-section elementor-top-section elementor-element elementor-element-647226e elementor-section-boxed elementor-section-height-default elementor-section-height-default\" data-id=\"647226e\" data-element_type=\"section\" data-e-type=\"section\">\n\t\t\t\t\t\t<div class=\"elementor-container elementor-column-gap-default\">\n\t\t\t\t\t<div class=\"elementor-column elementor-col-100 elementor-top-column elementor-element elementor-element-732ae4a\" data-id=\"732ae4a\" data-element_type=\"column\" data-e-type=\"column\">\n\t\t\t<div class=\"elementor-widget-wrap elementor-element-populated\">\n\t\t\t\t\t\t<div class=\"elementor-element elementor-element-79b7d6d elementor-widget elementor-widget-heading\" data-id=\"79b7d6d\" data-element_type=\"widget\" data-e-type=\"widget\" data-widget_type=\"heading.default\">\n\t\t\t\t<div class=\"elementor-widget-container\">\n\t\t\t\t\t<h2 class=\"elementor-heading-title elementor-size-default\">DEFENSOR\u00cdA MUNICIPAL BRI\u00d3N<\/h2>\t\t\t\t<\/div>\n\t\t\t\t<\/div>\n\t\t\t\t\t<\/div>\n\t\t<\/div>\n\t\t\t\t\t<\/div>\n\t\t<\/section>\n\t\t\t\t<section class=\"elementor-section elementor-top-section elementor-element elementor-element-012a0b2 elementor-section-boxed elementor-section-height-default elementor-section-height-default\" data-id=\"012a0b2\" data-element_type=\"section\" data-e-type=\"section\">\n\t\t\t\t\t\t<div class=\"elementor-container elementor-column-gap-default\">\n\t\t\t\t\t<div class=\"elementor-column elementor-col-100 elementor-top-column elementor-element elementor-element-78ece15\" data-id=\"78ece15\" data-element_type=\"column\" data-e-type=\"column\">\n\t\t\t<div class=\"elementor-widget-wrap elementor-element-populated\">\n\t\t\t\t\t\t<div class=\"elementor-element elementor-element-9733ee3 elementor-widget elementor-widget-image\" data-id=\"9733ee3\" data-element_type=\"widget\" data-e-type=\"widget\" data-widget_type=\"image.default\">\n\t\t\t\t<div class=\"elementor-widget-container\">\n\t\t\t\t\t\t\t\t\t\t\t\t\t\t\t<img fetchpriority=\"high\" decoding=\"async\" width=\"808\" height=\"124\" src=\"http:\/\/www.defensoria.gob.ve\/wp-content\/uploads\/2023\/09\/directel.png\" class=\"attachment-large size-large wp-image-635\" alt=\"\" srcset=\"http:\/\/www.defensoria.gob.ve\/wp-content\/uploads\/2023\/09\/directel.png 808w, http:\/\/www.defensoria.gob.ve\/wp-content\/uploads\/2023\/09\/directel-300x46.png 300w, http:\/\/www.defensoria.gob.ve\/wp-content\/uploads\/2023\/09\/directel-768x118.png 768w\" sizes=\"(max-width: 808px) 100vw, 808px\" \/>\t\t\t\t\t\t\t\t\t\t\t\t\t\t\t<\/div>\n\t\t\t\t<\/div>\n\t\t\t\t\t<\/div>\n\t\t<\/div>\n\t\t\t\t\t<\/div>\n\t\t<\/section>\n\t\t\t\t<section class=\"elementor-section elementor-top-section elementor-element elementor-element-2e86557 elementor-section-boxed elementor-section-height-default elementor-section-height-default\" data-id=\"2e86557\" data-element_type=\"section\" data-e-type=\"section\">\n\t\t\t\t\t\t<div class=\"elementor-container elementor-column-gap-default\">\n\t\t\t\t\t<div class=\"elementor-column elementor-col-100 elementor-top-column elementor-element elementor-element-a212a86\" data-id=\"a212a86\" data-element_type=\"column\" data-e-type=\"column\">\n\t\t\t<div class=\"elementor-widget-wrap elementor-element-populated\">\n\t\t\t\t\t\t<div class=\"elementor-element elementor-element-cfc18f9 elementor-widget elementor-widget-text-editor\" data-id=\"cfc18f9\" data-element_type=\"widget\" data-e-type=\"widget\" data-widget_type=\"text-editor.default\">\n\t\t\t\t<div class=\"elementor-widget-container\">\n\t\t\t\t\t\t\t\t\t<p><span style=\"font-size: 14pt; color: #000000; font-family: arial, helvetica, sans-serif;\"><strong>Defensor Delegado:\u00a0<\/strong>Jos\u00e9 Guzm\u00e1n.<\/span><\/p><p><span style=\"font-size: 14pt; color: #000000; font-family: arial, helvetica, sans-serif;\"><strong>Defensora Municipal:<\/strong> Irelis Torres.<\/span><\/p><p style=\"text-align: justify;\"><span style=\"font-size: 14pt; color: #000000; font-family: arial, helvetica, sans-serif;\"><strong>Direcci\u00f3n:<\/strong> Calle el R\u00edo. Edificio de Justicia y Paz, piso 1. Oficina s\/n Higuerote.<\/span><\/p><p><span style=\"font-size: 14pt; color: #000000; font-family: arial, helvetica, sans-serif;\"><strong>Tel\u00e9fonos:<\/strong> 0416-820.72.38<\/span><\/p><p><span style=\"font-family: arial, helvetica, sans-serif; font-size: 14pt;\"><span style=\"color: #000000;\"><strong>Correo Electr\u00f3nico: <\/strong><\/span><strong><a style=\"font-weight: var( --e-global-typography-text-font-weight ); background-color: #ffffff;\" href=\"mailto:ddpmunbrion@gmail.com\">ddpmunbrion@gmail.com<\/a>\u00a0<span style=\"color: #000000;\">\/<\/span>\u00a0<\/strong><\/span><a style=\"font-family: arial, helvetica, sans-serif; font-size: 18px; background-color: #ffffff;\" href=\"mailto:dm-brion@defensoria.gob.ve\">dm-brion@defensoria.gob.ve<\/a><\/p>\t\t\t\t\t\t\t\t<\/div>\n\t\t\t\t<\/div>\n\t\t\t\t\t<\/div>\n\t\t<\/div>\n\t\t\t\t\t<\/div>\n\t\t<\/section>\n\t\t\t\t<section class=\"elementor-section elementor-top-section elementor-element elementor-element-939e3f9 elementor-section-boxed elementor-section-height-default elementor-section-height-default\" data-id=\"939e3f9\" data-element_type=\"section\" data-e-type=\"section\">\n\t\t\t\t\t\t<div class=\"elementor-container elementor-column-gap-default\">\n\t\t\t\t\t<div class=\"elementor-column elementor-col-100 elementor-top-column elementor-element elementor-element-d33b228\" data-id=\"d33b228\" data-element_type=\"column\" data-e-type=\"column\">\n\t\t\t<div class=\"elementor-widget-wrap elementor-element-populated\">\n\t\t\t\t\t\t<div class=\"elementor-element elementor-element-842be2a elementor-widget elementor-widget-google_maps\" data-id=\"842be2a\" data-element_type=\"widget\" data-e-type=\"widget\" data-widget_type=\"google_maps.default\">\n\t\t\t\t<div class=\"elementor-widget-container\">\n\t\t\t\t\t\t\t<div class=\"elementor-custom-embed\">\n\t\t\t<iframe loading=\"lazy\"\n\t\t\t\t\tsrc=\"https:\/\/maps.google.com\/maps?q=Defensora%20Municipal%3A%20Irelis%20Torres%20%20Direcci%C3%B3n%3A%20Calle%20el%20R%C3%ADo.%20Edificio%20de%20Justicia%20y%20Paz%2C%20piso%201.%20oficina%20s%2Fn%20Higuerote..%20%20Tel%C3%A9fonos%3A%200416%20820.72.38%20%20Correo%20Electr%C3%B3nico%3A%20ddpmunbrion%40gmail.com&#038;t=m&#038;z=10&#038;output=embed&#038;iwloc=near\"\n\t\t\t\t\ttitle=\"Defensora Municipal: Irelis Torres  Direcci\u00f3n: Calle el R\u00edo. Edificio de Justicia y Paz, piso 1. oficina s\/n Higuerote..  Tel\u00e9fonos: 0416 820.72.38  Correo Electr\u00f3nico: ddpmunbrion@gmail.com\"\n\t\t\t\t\taria-label=\"Defensora Municipal: Irelis Torres  Direcci\u00f3n: Calle el R\u00edo. Edificio de Justicia y Paz, piso 1. oficina s\/n Higuerote..  Tel\u00e9fonos: 0416 820.72.38  Correo Electr\u00f3nico: ddpmunbrion@gmail.com\"\n\t\t\t><\/iframe>\n\t\t<\/div>\n\t\t\t\t\t\t<\/div>\n\t\t\t\t<\/div>\n\t\t\t\t\t<\/div>\n\t\t<\/div>\n\t\t\t\t\t<\/div>\n\t\t<\/section>\n\t\t\t\t<\/div>\n\t\t","protected":false},"excerpt":{"rendered":"<p>DEFENSOR\u00cdA MUNICIPAL BRI\u00d3N Defensor Delegado:\u00a0Jos\u00e9 Guzm\u00e1n. Defensora Municipal: Irelis Torres. Direcci\u00f3n: Calle el R\u00edo. Edificio de Justicia y Paz, piso 1. Oficina s\/n Higuerote. Tel\u00e9fonos: 0416-820.72.38 Correo Electr\u00f3nico: ddpmunbrion@gmail.com\u00a0\/\u00a0dm-brion@defensoria.gob.ve<\/p>\n","protected":false},"author":12,"featured_media":0,"parent":0,"menu_order":0,"comment_status":"closed","ping_status":"closed","template":"","meta":{"footnotes":""},"class_list":["post-6343","page","type-page","status-publish","hentry"],"yoast_head":"<!-- This site is optimized with the Yoast SEO plugin v27.2 - https:\/\/yoast.com\/product\/yoast-seo-wordpress\/ -->\n<title>DEFENSOR\u00cdA MUNICIPAL BRI\u00d3N -<\/title>\n<meta name=\"robots\" content=\"index, follow, max-snippet:-1, max-image-preview:large, max-video-preview:-1\" \/>\n<link rel=\"canonical\" href=\"http:\/\/www.defensoria.gob.ve\/?page_id=6343\" \/>\n<meta property=\"og:locale\" content=\"es_ES\" \/>\n<meta property=\"og:type\" content=\"article\" \/>\n<meta property=\"og:title\" content=\"DEFENSOR\u00cdA MUNICIPAL BRI\u00d3N -\" \/>\n<meta property=\"og:description\" content=\"DEFENSOR\u00cdA MUNICIPAL BRI\u00d3N Defensor Delegado:\u00a0Jos\u00e9 Guzm\u00e1n. Defensora Municipal: Irelis Torres. Direcci\u00f3n: Calle el R\u00edo. Edificio de Justicia y Paz, piso 1. Oficina s\/n Higuerote. Tel\u00e9fonos: 0416-820.72.38 Correo Electr\u00f3nico: ddpmunbrion@gmail.com\u00a0\/\u00a0dm-brion@defensoria.gob.ve\" \/>\n<meta property=\"og:url\" content=\"http:\/\/www.defensoria.gob.ve\/?page_id=6343\" \/>\n<meta property=\"article:modified_time\" content=\"2025-12-09T13:46:38+00:00\" \/>\n<meta property=\"og:image\" content=\"http:\/\/www.defensoria.gob.ve\/wp-content\/uploads\/2023\/09\/directel.png\" \/>\n<meta name=\"twitter:card\" content=\"summary_large_image\" \/>\n<meta name=\"twitter:label1\" content=\"Tiempo estimado de lectura\" \/>\n\t<meta name=\"twitter:data1\" content=\"1 minuto\" \/>\n<script type=\"application\/ld+json\" class=\"yoast-schema-graph\">{\"@context\":\"https:\/\/schema.org\",\"@graph\":[{\"@type\":\"WebPage\",\"@id\":\"http:\/\/www.defensoria.gob.ve\/?page_id=6343\",\"url\":\"http:\/\/www.defensoria.gob.ve\/?page_id=6343\",\"name\":\"DEFENSOR\u00cdA MUNICIPAL BRI\u00d3N -\",\"isPartOf\":{\"@id\":\"http:\/\/www.defensoria.gob.ve\/#website\"},\"primaryImageOfPage\":{\"@id\":\"http:\/\/www.defensoria.gob.ve\/?page_id=6343#primaryimage\"},\"image\":{\"@id\":\"http:\/\/www.defensoria.gob.ve\/?page_id=6343#primaryimage\"},\"thumbnailUrl\":\"http:\/\/www.defensoria.gob.ve\/wp-content\/uploads\/2023\/09\/directel.png\",\"datePublished\":\"2024-08-22T14:41:19+00:00\",\"dateModified\":\"2025-12-09T13:46:38+00:00\",\"breadcrumb\":{\"@id\":\"http:\/\/www.defensoria.gob.ve\/?page_id=6343#breadcrumb\"},\"inLanguage\":\"es\",\"potentialAction\":[{\"@type\":\"ReadAction\",\"target\":[\"http:\/\/www.defensoria.gob.ve\/?page_id=6343\"]}]},{\"@type\":\"ImageObject\",\"inLanguage\":\"es\",\"@id\":\"http:\/\/www.defensoria.gob.ve\/?page_id=6343#primaryimage\",\"url\":\"http:\/\/www.defensoria.gob.ve\/wp-content\/uploads\/2023\/09\/directel.png\",\"contentUrl\":\"http:\/\/www.defensoria.gob.ve\/wp-content\/uploads\/2023\/09\/directel.png\",\"width\":808,\"height\":124},{\"@type\":\"BreadcrumbList\",\"@id\":\"http:\/\/www.defensoria.gob.ve\/?page_id=6343#breadcrumb\",\"itemListElement\":[{\"@type\":\"ListItem\",\"position\":1,\"name\":\"Portada\",\"item\":\"http:\/\/www.defensoria.gob.ve\/\"},{\"@type\":\"ListItem\",\"position\":2,\"name\":\"DEFENSOR\u00cdA MUNICIPAL BRI\u00d3N\"}]},{\"@type\":\"WebSite\",\"@id\":\"http:\/\/www.defensoria.gob.ve\/#website\",\"url\":\"http:\/\/www.defensoria.gob.ve\/\",\"name\":\"\",\"description\":\"Instituci\u00f3n del Poder Ciudadano para la Promoci\u00f3n, Defensa y Vigilancia de los Derechos Humanos. \",\"potentialAction\":[{\"@type\":\"SearchAction\",\"target\":{\"@type\":\"EntryPoint\",\"urlTemplate\":\"http:\/\/www.defensoria.gob.ve\/?s={search_term_string}\"},\"query-input\":{\"@type\":\"PropertyValueSpecification\",\"valueRequired\":true,\"valueName\":\"search_term_string\"}}],\"inLanguage\":\"es\"}]}<\/script>\n<!-- \/ Yoast SEO plugin. -->","yoast_head_json":{"title":"DEFENSOR\u00cdA MUNICIPAL BRI\u00d3N -","robots":{"index":"index","follow":"follow","max-snippet":"max-snippet:-1","max-image-preview":"max-image-preview:large","max-video-preview":"max-video-preview:-1"},"canonical":"http:\/\/www.defensoria.gob.ve\/?page_id=6343","og_locale":"es_ES","og_type":"article","og_title":"DEFENSOR\u00cdA MUNICIPAL BRI\u00d3N -","og_description":"DEFENSOR\u00cdA MUNICIPAL BRI\u00d3N Defensor Delegado:\u00a0Jos\u00e9 Guzm\u00e1n. Defensora Municipal: Irelis Torres. Direcci\u00f3n: Calle el R\u00edo. Edificio de Justicia y Paz, piso 1. Oficina s\/n Higuerote. Tel\u00e9fonos: 0416-820.72.38 Correo Electr\u00f3nico: ddpmunbrion@gmail.com\u00a0\/\u00a0dm-brion@defensoria.gob.ve","og_url":"http:\/\/www.defensoria.gob.ve\/?page_id=6343","article_modified_time":"2025-12-09T13:46:38+00:00","og_image":[{"url":"http:\/\/www.defensoria.gob.ve\/wp-content\/uploads\/2023\/09\/directel.png","type":"","width":"","height":""}],"twitter_card":"summary_large_image","twitter_misc":{"Tiempo estimado de lectura":"1 minuto"},"schema":{"@context":"https:\/\/schema.org","@graph":[{"@type":"WebPage","@id":"http:\/\/www.defensoria.gob.ve\/?page_id=6343","url":"http:\/\/www.defensoria.gob.ve\/?page_id=6343","name":"DEFENSOR\u00cdA MUNICIPAL BRI\u00d3N -","isPartOf":{"@id":"http:\/\/www.defensoria.gob.ve\/#website"},"primaryImageOfPage":{"@id":"http:\/\/www.defensoria.gob.ve\/?page_id=6343#primaryimage"},"image":{"@id":"http:\/\/www.defensoria.gob.ve\/?page_id=6343#primaryimage"},"thumbnailUrl":"http:\/\/www.defensoria.gob.ve\/wp-content\/uploads\/2023\/09\/directel.png","datePublished":"2024-08-22T14:41:19+00:00","dateModified":"2025-12-09T13:46:38+00:00","breadcrumb":{"@id":"http:\/\/www.defensoria.gob.ve\/?page_id=6343#breadcrumb"},"inLanguage":"es","potentialAction":[{"@type":"ReadAction","target":["http:\/\/www.defensoria.gob.ve\/?page_id=6343"]}]},{"@type":"ImageObject","inLanguage":"es","@id":"http:\/\/www.defensoria.gob.ve\/?page_id=6343#primaryimage","url":"http:\/\/www.defensoria.gob.ve\/wp-content\/uploads\/2023\/09\/directel.png","contentUrl":"http:\/\/www.defensoria.gob.ve\/wp-content\/uploads\/2023\/09\/directel.png","width":808,"height":124},{"@type":"BreadcrumbList","@id":"http:\/\/www.defensoria.gob.ve\/?page_id=6343#breadcrumb","itemListElement":[{"@type":"ListItem","position":1,"name":"Portada","item":"http:\/\/www.defensoria.gob.ve\/"},{"@type":"ListItem","position":2,"name":"DEFENSOR\u00cdA MUNICIPAL BRI\u00d3N"}]},{"@type":"WebSite","@id":"http:\/\/www.defensoria.gob.ve\/#website","url":"http:\/\/www.defensoria.gob.ve\/","name":"","description":"Instituci\u00f3n del Poder Ciudadano para la Promoci\u00f3n, Defensa y Vigilancia de los Derechos Humanos. ","potentialAction":[{"@type":"SearchAction","target":{"@type":"EntryPoint","urlTemplate":"http:\/\/www.defensoria.gob.ve\/?s={search_term_string}"},"query-input":{"@type":"PropertyValueSpecification","valueRequired":true,"valueName":"search_term_string"}}],"inLanguage":"es"}]}},"_links":{"self":[{"href":"http:\/\/www.defensoria.gob.ve\/index.php?rest_route=\/wp\/v2\/pages\/6343","targetHints":{"allow":["GET"]}}],"collection":[{"href":"http:\/\/www.defensoria.gob.ve\/index.php?rest_route=\/wp\/v2\/pages"}],"about":[{"href":"http:\/\/www.defensoria.gob.ve\/index.php?rest_route=\/wp\/v2\/types\/page"}],"author":[{"embeddable":true,"href":"http:\/\/www.defensoria.gob.ve\/index.php?rest_route=\/wp\/v2\/users\/12"}],"replies":[{"embeddable":true,"href":"http:\/\/www.defensoria.gob.ve\/index.php?rest_route=%2Fwp%2Fv2%2Fcomments&post=6343"}],"version-history":[{"count":42,"href":"http:\/\/www.defensoria.gob.ve\/index.php?rest_route=\/wp\/v2\/pages\/6343\/revisions"}],"predecessor-version":[{"id":16272,"href":"http:\/\/www.defensoria.gob.ve\/index.php?rest_route=\/wp\/v2\/pages\/6343\/revisions\/16272"}],"wp:attachment":[{"href":"http:\/\/www.defensoria.gob.ve\/index.php?rest_route=%2Fwp%2Fv2%2Fmedia&parent=6343"}],"curies":[{"name":"wp","href":"https:\/\/api.w.org\/{rel}","templated":true}]}}