 
{"id":6445,"date":"2024-08-22T14:08:44","date_gmt":"2024-08-22T18:08:44","guid":{"rendered":"http:\/\/www.defensoria.gob.ve\/?page_id=6445"},"modified":"2025-12-09T09:52:37","modified_gmt":"2025-12-09T13:52:37","slug":"delegada-municipal-el-vigia-merida","status":"publish","type":"page","link":"http:\/\/www.defensoria.gob.ve\/?page_id=6445","title":{"rendered":"DEFENSOR\u00cdA MUNICIPAL ALBERTO ADRIANI"},"content":{"rendered":"\t\t<div data-elementor-type=\"wp-page\" data-elementor-id=\"6445\" class=\"elementor elementor-6445\">\n\t\t\t\t\t\t<section class=\"elementor-section elementor-top-section elementor-element elementor-element-f1007f5 elementor-section-boxed elementor-section-height-default elementor-section-height-default\" data-id=\"f1007f5\" data-element_type=\"section\" data-e-type=\"section\">\n\t\t\t\t\t\t<div class=\"elementor-container elementor-column-gap-default\">\n\t\t\t\t\t<div class=\"elementor-column elementor-col-100 elementor-top-column elementor-element elementor-element-e54df8b\" data-id=\"e54df8b\" data-element_type=\"column\" data-e-type=\"column\">\n\t\t\t<div class=\"elementor-widget-wrap elementor-element-populated\">\n\t\t\t\t\t\t<div class=\"elementor-element elementor-element-287c71d elementor-widget elementor-widget-heading\" data-id=\"287c71d\" data-element_type=\"widget\" data-e-type=\"widget\" data-widget_type=\"heading.default\">\n\t\t\t\t<div class=\"elementor-widget-container\">\n\t\t\t\t\t<h2 class=\"elementor-heading-title elementor-size-default\">DEFENSOR\u00cdA MUNICIPAL ALBERTO ADRIANI<\/h2>\t\t\t\t<\/div>\n\t\t\t\t<\/div>\n\t\t\t\t\t<\/div>\n\t\t<\/div>\n\t\t\t\t\t<\/div>\n\t\t<\/section>\n\t\t\t\t<section class=\"elementor-section elementor-top-section elementor-element elementor-element-acd7a96 elementor-section-boxed elementor-section-height-default elementor-section-height-default\" data-id=\"acd7a96\" data-element_type=\"section\" data-e-type=\"section\">\n\t\t\t\t\t\t<div class=\"elementor-container elementor-column-gap-default\">\n\t\t\t\t\t<div class=\"elementor-column elementor-col-100 elementor-top-column elementor-element elementor-element-66875bb\" data-id=\"66875bb\" data-element_type=\"column\" data-e-type=\"column\">\n\t\t\t<div class=\"elementor-widget-wrap elementor-element-populated\">\n\t\t\t\t\t\t<div class=\"elementor-element elementor-element-20bf80a elementor-widget elementor-widget-image\" data-id=\"20bf80a\" data-element_type=\"widget\" data-e-type=\"widget\" data-widget_type=\"image.default\">\n\t\t\t\t<div class=\"elementor-widget-container\">\n\t\t\t\t\t\t\t\t\t\t\t\t\t\t\t<img fetchpriority=\"high\" decoding=\"async\" width=\"808\" height=\"124\" src=\"http:\/\/www.defensoria.gob.ve\/wp-content\/uploads\/2023\/09\/directel.png\" class=\"attachment-large size-large wp-image-635\" alt=\"\" srcset=\"http:\/\/www.defensoria.gob.ve\/wp-content\/uploads\/2023\/09\/directel.png 808w, http:\/\/www.defensoria.gob.ve\/wp-content\/uploads\/2023\/09\/directel-300x46.png 300w, http:\/\/www.defensoria.gob.ve\/wp-content\/uploads\/2023\/09\/directel-768x118.png 768w\" sizes=\"(max-width: 808px) 100vw, 808px\" \/>\t\t\t\t\t\t\t\t\t\t\t\t\t\t\t<\/div>\n\t\t\t\t<\/div>\n\t\t\t\t\t<\/div>\n\t\t<\/div>\n\t\t\t\t\t<\/div>\n\t\t<\/section>\n\t\t\t\t<section class=\"elementor-section elementor-top-section elementor-element elementor-element-14dff97 elementor-section-boxed elementor-section-height-default elementor-section-height-default\" data-id=\"14dff97\" data-element_type=\"section\" data-e-type=\"section\">\n\t\t\t\t\t\t<div class=\"elementor-container elementor-column-gap-default\">\n\t\t\t\t\t<div class=\"elementor-column elementor-col-100 elementor-top-column elementor-element elementor-element-716401b\" data-id=\"716401b\" data-element_type=\"column\" data-e-type=\"column\">\n\t\t\t<div class=\"elementor-widget-wrap elementor-element-populated\">\n\t\t\t\t\t\t<div class=\"elementor-element elementor-element-fb75300 elementor-widget elementor-widget-text-editor\" data-id=\"fb75300\" data-element_type=\"widget\" data-e-type=\"widget\" data-widget_type=\"text-editor.default\">\n\t\t\t\t<div class=\"elementor-widget-container\">\n\t\t\t\t\t\t\t\t\t<p style=\"text-align: justify;\"><b style=\"font-family: arial, helvetica, sans-serif; font-size: 14pt;\">Defensora Delegado: <\/b><span style=\"font-family: arial, helvetica, sans-serif; font-size: 18px;\">Jos\u00e9 Bastos.<\/span><\/p><p style=\"text-align: justify;\"><b style=\"font-family: arial, helvetica, sans-serif; font-size: 14pt;\">Defensora Municipal:\u00a0<\/b><span style=\"font-family: arial, helvetica, sans-serif; font-size: 14pt; font-weight: var( --e-global-typography-text-font-weight );\"> Meledy Mendoza.<\/span><\/p><p style=\"text-align: justify;\"><span style=\"font-weight: bolder; font-family: arial, helvetica, sans-serif; font-size: 18.6667px;\">Direcci\u00f3n:\u00a0<\/span><span style=\"font-family: arial, helvetica, sans-serif; font-size: 18.6667px;\">\u00a0Av. Bol\u00edvar del Vig\u00edas. Centro Cultural Mariano Pic\u00f3n Salas, frente al Banco BNC Municipio Alberto Adriani.\u00a0<\/span><span style=\"font-family: arial, helvetica, sans-serif; font-size: 14pt; font-weight: var( --e-global-typography-text-font-weight );\"><br \/><\/span><\/p><p style=\"text-align: justify;\"><span style=\"font-size: 14pt; font-family: arial, helvetica, sans-serif;\"><strong>Tel\u00e9fonos: <\/strong>0424-703.74.91<\/span><\/p><p style=\"text-align: justify;\"><span style=\"font-size: 14pt; font-family: arial, helvetica, sans-serif;\"><strong>Correo:\u00a0<\/strong><a style=\"background-color: #ffffff;\" href=\"mailto:ddpmeridamun.albertoadriani@gmail.com\">ddpmeridamun.albertoadriani@gmail.com<\/a> <span style=\"color: #000000;\">\/ <\/span><\/span><span style=\"font-size: 18px;\"><a href=\"mailto:dm-albertoadriani@defensoria.gob.ve\">dm-albertoadriani@defensoria.gob.ve<\/a><\/span><\/p>\t\t\t\t\t\t\t\t<\/div>\n\t\t\t\t<\/div>\n\t\t\t\t\t<\/div>\n\t\t<\/div>\n\t\t\t\t\t<\/div>\n\t\t<\/section>\n\t\t\t\t<section class=\"elementor-section elementor-top-section elementor-element elementor-element-819b711 elementor-section-boxed elementor-section-height-default elementor-section-height-default\" data-id=\"819b711\" data-element_type=\"section\" data-e-type=\"section\">\n\t\t\t\t\t\t<div class=\"elementor-container elementor-column-gap-default\">\n\t\t\t\t\t<div class=\"elementor-column elementor-col-100 elementor-top-column elementor-element elementor-element-e9528c5\" data-id=\"e9528c5\" data-element_type=\"column\" data-e-type=\"column\">\n\t\t\t<div class=\"elementor-widget-wrap elementor-element-populated\">\n\t\t\t\t\t\t<div class=\"elementor-element elementor-element-22b1727 elementor-widget elementor-widget-google_maps\" data-id=\"22b1727\" data-element_type=\"widget\" data-e-type=\"widget\" data-widget_type=\"google_maps.default\">\n\t\t\t\t<div class=\"elementor-widget-container\">\n\t\t\t\t\t\t\t<div class=\"elementor-custom-embed\">\n\t\t\t<iframe loading=\"lazy\"\n\t\t\t\t\tsrc=\"https:\/\/maps.google.com\/maps?q=Av.%20Bol%C3%ADvar%20del%20Vig%C3%ADas.%20Centro%20Cultural%20Mariano%20Pic%C3%B3n%20Salas%2C%20frente%20al%20Banco%20BNC%20Municipio%20Alberto%20Adriani.%20&#038;t=m&#038;z=10&#038;output=embed&#038;iwloc=near\"\n\t\t\t\t\ttitle=\"Av. Bol\u00edvar del Vig\u00edas. Centro Cultural Mariano Pic\u00f3n Salas, frente al Banco BNC Municipio Alberto Adriani. \"\n\t\t\t\t\taria-label=\"Av. Bol\u00edvar del Vig\u00edas. Centro Cultural Mariano Pic\u00f3n Salas, frente al Banco BNC Municipio Alberto Adriani. \"\n\t\t\t><\/iframe>\n\t\t<\/div>\n\t\t\t\t\t\t<\/div>\n\t\t\t\t<\/div>\n\t\t\t\t\t<\/div>\n\t\t<\/div>\n\t\t\t\t\t<\/div>\n\t\t<\/section>\n\t\t\t\t<\/div>\n\t\t","protected":false},"excerpt":{"rendered":"<p>DEFENSOR\u00cdA MUNICIPAL ALBERTO ADRIANI Defensora Delegado: Jos\u00e9 Bastos. Defensora Municipal:\u00a0 Meledy Mendoza. Direcci\u00f3n:\u00a0\u00a0Av. Bol\u00edvar del Vig\u00edas. Centro Cultural Mariano Pic\u00f3n Salas, frente al Banco BNC Municipio Alberto Adriani.\u00a0 Tel\u00e9fonos: 0424-703.74.91&hellip; <\/p>\n","protected":false},"author":12,"featured_media":0,"parent":0,"menu_order":0,"comment_status":"closed","ping_status":"closed","template":"","meta":{"footnotes":""},"class_list":["post-6445","page","type-page","status-publish","hentry"],"yoast_head":"<!-- This site is optimized with the Yoast SEO plugin v27.5 - https:\/\/yoast.com\/product\/yoast-seo-wordpress\/ -->\n<title>DEFENSOR\u00cdA MUNICIPAL ALBERTO ADRIANI -<\/title>\n<meta name=\"robots\" content=\"index, follow, max-snippet:-1, max-image-preview:large, max-video-preview:-1\" \/>\n<link rel=\"canonical\" href=\"http:\/\/www.defensoria.gob.ve\/?page_id=6445\" \/>\n<meta property=\"og:locale\" content=\"es_ES\" \/>\n<meta property=\"og:type\" content=\"article\" \/>\n<meta property=\"og:title\" content=\"DEFENSOR\u00cdA MUNICIPAL ALBERTO ADRIANI -\" \/>\n<meta property=\"og:description\" content=\"DEFENSOR\u00cdA MUNICIPAL ALBERTO ADRIANI Defensora Delegado: Jos\u00e9 Bastos. Defensora Municipal:\u00a0 Meledy Mendoza. Direcci\u00f3n:\u00a0\u00a0Av. Bol\u00edvar del Vig\u00edas. Centro Cultural Mariano Pic\u00f3n Salas, frente al Banco BNC Municipio Alberto Adriani.\u00a0 Tel\u00e9fonos: 0424-703.74.91&hellip;\" \/>\n<meta property=\"og:url\" content=\"http:\/\/www.defensoria.gob.ve\/?page_id=6445\" \/>\n<meta property=\"article:modified_time\" content=\"2025-12-09T13:52:37+00:00\" \/>\n<meta property=\"og:image\" content=\"http:\/\/www.defensoria.gob.ve\/wp-content\/uploads\/2023\/09\/directel.png\" \/>\n<meta name=\"twitter:card\" content=\"summary_large_image\" \/>\n<meta name=\"twitter:label1\" content=\"Tiempo estimado de lectura\" \/>\n\t<meta name=\"twitter:data1\" content=\"1 minuto\" \/>\n<script type=\"application\/ld+json\" class=\"yoast-schema-graph\">{\"@context\":\"https:\\\/\\\/schema.org\",\"@graph\":[{\"@type\":\"WebPage\",\"@id\":\"http:\\\/\\\/www.defensoria.gob.ve\\\/?page_id=6445\",\"url\":\"http:\\\/\\\/www.defensoria.gob.ve\\\/?page_id=6445\",\"name\":\"DEFENSOR\u00cdA MUNICIPAL ALBERTO ADRIANI -\",\"isPartOf\":{\"@id\":\"http:\\\/\\\/www.defensoria.gob.ve\\\/#website\"},\"primaryImageOfPage\":{\"@id\":\"http:\\\/\\\/www.defensoria.gob.ve\\\/?page_id=6445#primaryimage\"},\"image\":{\"@id\":\"http:\\\/\\\/www.defensoria.gob.ve\\\/?page_id=6445#primaryimage\"},\"thumbnailUrl\":\"http:\\\/\\\/www.defensoria.gob.ve\\\/wp-content\\\/uploads\\\/2023\\\/09\\\/directel.png\",\"datePublished\":\"2024-08-22T18:08:44+00:00\",\"dateModified\":\"2025-12-09T13:52:37+00:00\",\"breadcrumb\":{\"@id\":\"http:\\\/\\\/www.defensoria.gob.ve\\\/?page_id=6445#breadcrumb\"},\"inLanguage\":\"es\",\"potentialAction\":[{\"@type\":\"ReadAction\",\"target\":[\"http:\\\/\\\/www.defensoria.gob.ve\\\/?page_id=6445\"]}]},{\"@type\":\"ImageObject\",\"inLanguage\":\"es\",\"@id\":\"http:\\\/\\\/www.defensoria.gob.ve\\\/?page_id=6445#primaryimage\",\"url\":\"http:\\\/\\\/www.defensoria.gob.ve\\\/wp-content\\\/uploads\\\/2023\\\/09\\\/directel.png\",\"contentUrl\":\"http:\\\/\\\/www.defensoria.gob.ve\\\/wp-content\\\/uploads\\\/2023\\\/09\\\/directel.png\",\"width\":808,\"height\":124},{\"@type\":\"BreadcrumbList\",\"@id\":\"http:\\\/\\\/www.defensoria.gob.ve\\\/?page_id=6445#breadcrumb\",\"itemListElement\":[{\"@type\":\"ListItem\",\"position\":1,\"name\":\"Portada\",\"item\":\"http:\\\/\\\/www.defensoria.gob.ve\\\/\"},{\"@type\":\"ListItem\",\"position\":2,\"name\":\"DEFENSOR\u00cdA MUNICIPAL ALBERTO ADRIANI\"}]},{\"@type\":\"WebSite\",\"@id\":\"http:\\\/\\\/www.defensoria.gob.ve\\\/#website\",\"url\":\"http:\\\/\\\/www.defensoria.gob.ve\\\/\",\"name\":\"\",\"description\":\"Instituci\u00f3n del Poder Ciudadano para la Promoci\u00f3n, Defensa y Vigilancia de los Derechos Humanos.\",\"potentialAction\":[{\"@type\":\"SearchAction\",\"target\":{\"@type\":\"EntryPoint\",\"urlTemplate\":\"http:\\\/\\\/www.defensoria.gob.ve\\\/?s={search_term_string}\"},\"query-input\":{\"@type\":\"PropertyValueSpecification\",\"valueRequired\":true,\"valueName\":\"search_term_string\"}}],\"inLanguage\":\"es\"}]}<\/script>\n<!-- \/ Yoast SEO plugin. -->","yoast_head_json":{"title":"DEFENSOR\u00cdA MUNICIPAL ALBERTO ADRIANI -","robots":{"index":"index","follow":"follow","max-snippet":"max-snippet:-1","max-image-preview":"max-image-preview:large","max-video-preview":"max-video-preview:-1"},"canonical":"http:\/\/www.defensoria.gob.ve\/?page_id=6445","og_locale":"es_ES","og_type":"article","og_title":"DEFENSOR\u00cdA MUNICIPAL ALBERTO ADRIANI -","og_description":"DEFENSOR\u00cdA MUNICIPAL ALBERTO ADRIANI Defensora Delegado: Jos\u00e9 Bastos. Defensora Municipal:\u00a0 Meledy Mendoza. Direcci\u00f3n:\u00a0\u00a0Av. Bol\u00edvar del Vig\u00edas. Centro Cultural Mariano Pic\u00f3n Salas, frente al Banco BNC Municipio Alberto Adriani.\u00a0 Tel\u00e9fonos: 0424-703.74.91&hellip;","og_url":"http:\/\/www.defensoria.gob.ve\/?page_id=6445","article_modified_time":"2025-12-09T13:52:37+00:00","og_image":[{"url":"http:\/\/www.defensoria.gob.ve\/wp-content\/uploads\/2023\/09\/directel.png","type":"","width":"","height":""}],"twitter_card":"summary_large_image","twitter_misc":{"Tiempo estimado de lectura":"1 minuto"},"schema":{"@context":"https:\/\/schema.org","@graph":[{"@type":"WebPage","@id":"http:\/\/www.defensoria.gob.ve\/?page_id=6445","url":"http:\/\/www.defensoria.gob.ve\/?page_id=6445","name":"DEFENSOR\u00cdA MUNICIPAL ALBERTO ADRIANI -","isPartOf":{"@id":"http:\/\/www.defensoria.gob.ve\/#website"},"primaryImageOfPage":{"@id":"http:\/\/www.defensoria.gob.ve\/?page_id=6445#primaryimage"},"image":{"@id":"http:\/\/www.defensoria.gob.ve\/?page_id=6445#primaryimage"},"thumbnailUrl":"http:\/\/www.defensoria.gob.ve\/wp-content\/uploads\/2023\/09\/directel.png","datePublished":"2024-08-22T18:08:44+00:00","dateModified":"2025-12-09T13:52:37+00:00","breadcrumb":{"@id":"http:\/\/www.defensoria.gob.ve\/?page_id=6445#breadcrumb"},"inLanguage":"es","potentialAction":[{"@type":"ReadAction","target":["http:\/\/www.defensoria.gob.ve\/?page_id=6445"]}]},{"@type":"ImageObject","inLanguage":"es","@id":"http:\/\/www.defensoria.gob.ve\/?page_id=6445#primaryimage","url":"http:\/\/www.defensoria.gob.ve\/wp-content\/uploads\/2023\/09\/directel.png","contentUrl":"http:\/\/www.defensoria.gob.ve\/wp-content\/uploads\/2023\/09\/directel.png","width":808,"height":124},{"@type":"BreadcrumbList","@id":"http:\/\/www.defensoria.gob.ve\/?page_id=6445#breadcrumb","itemListElement":[{"@type":"ListItem","position":1,"name":"Portada","item":"http:\/\/www.defensoria.gob.ve\/"},{"@type":"ListItem","position":2,"name":"DEFENSOR\u00cdA MUNICIPAL ALBERTO ADRIANI"}]},{"@type":"WebSite","@id":"http:\/\/www.defensoria.gob.ve\/#website","url":"http:\/\/www.defensoria.gob.ve\/","name":"","description":"Instituci\u00f3n del Poder Ciudadano para la Promoci\u00f3n, Defensa y Vigilancia de los Derechos Humanos.","potentialAction":[{"@type":"SearchAction","target":{"@type":"EntryPoint","urlTemplate":"http:\/\/www.defensoria.gob.ve\/?s={search_term_string}"},"query-input":{"@type":"PropertyValueSpecification","valueRequired":true,"valueName":"search_term_string"}}],"inLanguage":"es"}]}},"_links":{"self":[{"href":"http:\/\/www.defensoria.gob.ve\/index.php?rest_route=\/wp\/v2\/pages\/6445","targetHints":{"allow":["GET"]}}],"collection":[{"href":"http:\/\/www.defensoria.gob.ve\/index.php?rest_route=\/wp\/v2\/pages"}],"about":[{"href":"http:\/\/www.defensoria.gob.ve\/index.php?rest_route=\/wp\/v2\/types\/page"}],"author":[{"embeddable":true,"href":"http:\/\/www.defensoria.gob.ve\/index.php?rest_route=\/wp\/v2\/users\/12"}],"replies":[{"embeddable":true,"href":"http:\/\/www.defensoria.gob.ve\/index.php?rest_route=%2Fwp%2Fv2%2Fcomments&post=6445"}],"version-history":[{"count":35,"href":"http:\/\/www.defensoria.gob.ve\/index.php?rest_route=\/wp\/v2\/pages\/6445\/revisions"}],"predecessor-version":[{"id":16290,"href":"http:\/\/www.defensoria.gob.ve\/index.php?rest_route=\/wp\/v2\/pages\/6445\/revisions\/16290"}],"wp:attachment":[{"href":"http:\/\/www.defensoria.gob.ve\/index.php?rest_route=%2Fwp%2Fv2%2Fmedia&parent=6445"}],"curies":[{"name":"wp","href":"https:\/\/api.w.org\/{rel}","templated":true}]}}