 
{"id":70,"date":"2023-09-05T14:46:51","date_gmt":"2023-09-05T18:46:51","guid":{"rendered":"http:\/\/10.70.220.3\/?page_id=70"},"modified":"2025-03-10T14:00:43","modified_gmt":"2025-03-10T18:00:43","slug":"historicos-defensores-y-defensoras","status":"publish","type":"page","link":"http:\/\/www.defensoria.gob.ve\/?page_id=70","title":{"rendered":"HISTORICOS DEFENSORES Y DEFENSORAS"},"content":{"rendered":"\t\t<div data-elementor-type=\"wp-page\" data-elementor-id=\"70\" class=\"elementor elementor-70\">\n\t\t\t\t\t\t<section class=\"elementor-section elementor-top-section elementor-element elementor-element-d5b0424 elementor-section-boxed elementor-section-height-default elementor-section-height-default\" data-id=\"d5b0424\" data-element_type=\"section\" data-e-type=\"section\">\n\t\t\t\t\t\t<div class=\"elementor-container elementor-column-gap-default\">\n\t\t\t\t\t<div class=\"elementor-column elementor-col-100 elementor-top-column elementor-element elementor-element-d83da28\" data-id=\"d83da28\" data-element_type=\"column\" data-e-type=\"column\">\n\t\t\t<div class=\"elementor-widget-wrap elementor-element-populated\">\n\t\t\t\t\t\t<div class=\"elementor-element elementor-element-ddc35b6 elementor-widget elementor-widget-image\" data-id=\"ddc35b6\" data-element_type=\"widget\" data-e-type=\"widget\" data-widget_type=\"image.default\">\n\t\t\t\t<div class=\"elementor-widget-container\">\n\t\t\t\t\t\t\t\t\t\t\t\t\t\t\t<img fetchpriority=\"high\" decoding=\"async\" width=\"808\" height=\"71\" src=\"http:\/\/www.defensoria.gob.ve\/wp-content\/uploads\/2023\/09\/histo-defen.png\" class=\"attachment-large size-large wp-image-968\" alt=\"\" srcset=\"http:\/\/www.defensoria.gob.ve\/wp-content\/uploads\/2023\/09\/histo-defen.png 808w, http:\/\/www.defensoria.gob.ve\/wp-content\/uploads\/2023\/09\/histo-defen-300x26.png 300w, http:\/\/www.defensoria.gob.ve\/wp-content\/uploads\/2023\/09\/histo-defen-768x67.png 768w\" sizes=\"(max-width: 808px) 100vw, 808px\" \/>\t\t\t\t\t\t\t\t\t\t\t\t\t\t\t<\/div>\n\t\t\t\t<\/div>\n\t\t\t\t\t<\/div>\n\t\t<\/div>\n\t\t\t\t\t<\/div>\n\t\t<\/section>\n\t\t\t\t<section class=\"elementor-section elementor-top-section elementor-element elementor-element-12304a22 elementor-section-boxed elementor-section-height-default elementor-section-height-default\" data-id=\"12304a22\" data-element_type=\"section\" data-e-type=\"section\">\n\t\t\t\t\t\t<div class=\"elementor-container elementor-column-gap-default\">\n\t\t\t\t\t<div class=\"elementor-column elementor-col-100 elementor-top-column elementor-element elementor-element-6b8b8a43\" data-id=\"6b8b8a43\" data-element_type=\"column\" data-e-type=\"column\">\n\t\t\t<div class=\"elementor-widget-wrap elementor-element-populated\">\n\t\t\t\t\t\t<div class=\"elementor-element elementor-element-31c714c0 elementor-widget elementor-widget-text-editor\" data-id=\"31c714c0\" data-element_type=\"widget\" data-e-type=\"widget\" data-widget_type=\"text-editor.default\">\n\t\t\t\t<div class=\"elementor-widget-container\">\n\t\t\t\t\t\t\t\t\t<figure>\u00a0 \u00a0 \u00a0 \u00a0 \u00a0 \u00a0 \u00a0 \u00a0 \u00a0 \u00a0 \u00a0 \u00a0 \u00a0 \u00a0 \u00a0 \u00a0 \u00a0 \u00a0 \u00a0 \u00a0 \u00a0 \u00a0 \u00a0 \u00a0 \u00a0 \u00a0 \u00a0 \u00a0 \u00a0 \u00a0 \u00a0 <img decoding=\"async\" class=\"alignnone size-medium wp-image-376\" src=\"http:\/\/www.defensoria.gob.ve\/wp-content\/uploads\/2023\/09\/dp-300x280.png\" alt=\"\" width=\"300\" height=\"280\" srcset=\"http:\/\/www.defensoria.gob.ve\/wp-content\/uploads\/2023\/09\/dp-300x280.png 300w, http:\/\/www.defensoria.gob.ve\/wp-content\/uploads\/2023\/09\/dp.png 414w\" sizes=\"(max-width: 300px) 100vw, 300px\" \/>\u00a0 \u00a0 \u00a0 \u00a0 \u00a0 \u00a0 \u00a0 \u00a0 \u00a0 \u00a0 \u00a0 \u00a0 \u00a0 \u00a0 \u00a0\u00a0 \u00a0 \u00a0 \u00a0 \u00a0 \u00a0 \u00a0 \u00a0 \u00a0 \u00a0 \u00a0 \u00a0 \u00a0 \u00a0\u00a0<img decoding=\"async\" src=\"http:\/\/10.70.220.3\/wp-content\/uploads\/2023\/09\/dp.png\" alt=\"\" \/><\/figure>\n<p><!-- \/wp:image --><\/p>\n<figure>\n<figcaption><strong><strong>\u00a0 \u00a0 \u00a0 \u00a0 \u00a0 \u00a0 \u00a0 \u00a0 \u00a0 \u00a0 \u00a0 \u00a0 \u00a0 \u00a0 \u00a0 \u00a0 \u00a0 \u00a0 \u00a0 \u00a0 \u00a0 \u00a0 \u00a0 \u00a0 \u00a0 \u00a0 \u00a0 \u00a0 \u00a0 \u00a0 \u00a0 \u00a0 \u00a0 \u00a0 \u00a0 \u00a0 Alfredo Ruiz Angulo \u2013 2017<\/strong>-Actual\u00a0<\/strong><\/figcaption>\n<figcaption><strong>\u00a0<\/strong><\/figcaption>\n<\/figure>\n<p style=\"text-align: left;\"><span style=\"color: #000000;\">Ha sido por m\u00e1s de 30 a\u00f1os activista en derechos humanos, miembro fundador de la organizaci\u00f3n social Red de Apoyo por la Justicia y la Paz. En diciembre de 2014, fue designado Director Ejecutivo de la Defensor\u00eda del Pueblo. En agosto de 2017, asume de manera interina el cargo de Defensor del Pueblo. El 17 de Agosto, de ese a\u00f1o, fue ratificado en sus funciones por la Asamblea Nacional Constituyente, como titular oficial.<\/span><\/p>\n<p style=\"text-align: left;\"><span style=\"color: #000000;\"><!-- wp:image {\"align\":\"center\",\"id\":378,\"sizeSlug\":\"full\",\"linkDestination\":\"none\"} --><\/span><\/p>\n<figure><span style=\"color: #000000;\">\u00a0 \u00a0 \u00a0 \u00a0 \u00a0 \u00a0 \u00a0 \u00a0 \u00a0 \u00a0 \u00a0 \u00a0 \u00a0 \u00a0 \u00a0 \u00a0 \u00a0 \u00a0 \u00a0 \u00a0 \u00a0 \u00a0 \u00a0 \u00a0 \u00a0 \u00a0 \u00a0 \u00a0 \u00a0 \u00a0 \u00a0<img decoding=\"async\" class=\"alignnone size-medium wp-image-378\" src=\"http:\/\/www.defensoria.gob.ve\/wp-content\/uploads\/2023\/09\/tw-300x209.png\" alt=\"\" width=\"300\" height=\"209\" srcset=\"http:\/\/www.defensoria.gob.ve\/wp-content\/uploads\/2023\/09\/tw-300x209.png 300w, http:\/\/www.defensoria.gob.ve\/wp-content\/uploads\/2023\/09\/tw.png 414w\" sizes=\"(max-width: 300px) 100vw, 300px\" \/> \u00a0 \u00a0 \u00a0 \u00a0 \u00a0 \u00a0 \u00a0 \u00a0 \u00a0 \u00a0 \u00a0\u00a0<img decoding=\"async\" src=\"http:\/\/10.70.220.3\/wp-content\/uploads\/2023\/09\/tw.png\" alt=\"\" \/><\/span>\n<p>\u00a0<\/p>\n<figcaption>\n<p align=\"center\"><span style=\"color: #000000;\"><strong><span style=\"font-family: 'Tahoma',sans-serif;\">Tarek William Saab 2014-2017<\/span><\/strong><\/span><\/p>\n<p style=\"text-align: left;\" align=\"center\"><span style=\"font-size: revert; color: #000000;\">Fue designado por la Asamblea Nacional como Defensor del Pueblo de la Rep\u00fablica Bolivariana de Venezuela el 22 de diciembre de 2014 y posteriormente fue designado presidente del Consejo Moral Republicano para el periodo correspondiente al a\u00f1o 2015<\/span><\/p>\n<\/figcaption>\n<\/figure>\n<figure><span style=\"color: #000000;\">\u00a0 \u00a0 \u00a0 \u00a0 \u00a0 \u00a0 \u00a0 \u00a0 \u00a0 \u00a0 \u00a0 \u00a0 \u00a0 \u00a0 \u00a0 \u00a0 \u00a0 \u00a0 \u00a0 \u00a0 \u00a0 \u00a0 \u00a0 \u00a0 \u00a0 \u00a0 \u00a0 \u00a0 \u00a0 \u00a0 <img loading=\"lazy\" decoding=\"async\" class=\"alignnone size-medium wp-image-379\" src=\"http:\/\/www.defensoria.gob.ve\/wp-content\/uploads\/2023\/09\/gr-300x209.png\" alt=\"\" width=\"300\" height=\"209\" srcset=\"http:\/\/www.defensoria.gob.ve\/wp-content\/uploads\/2023\/09\/gr-300x209.png 300w, http:\/\/www.defensoria.gob.ve\/wp-content\/uploads\/2023\/09\/gr.png 414w\" sizes=\"(max-width: 300px) 100vw, 300px\" \/>\u00a0 \u00a0 \u00a0 \u00a0 \u00a0 \u00a0 \u00a0 \u00a0 \u00a0 \u00a0 \u00a0 \u00a0<img decoding=\"async\" src=\"http:\/\/10.70.220.3\/wp-content\/uploads\/2023\/09\/gr.png\" alt=\"\" \/><\/span><\/figure>\n<p style=\"text-align: left;\"><span style=\"color: #000000;\"><!-- \/wp:image --><\/span><\/p>\n<p style=\"text-align: left;\"><span style=\"color: #000000;\"><strong style=\"font-family: var( --e-global-typography-text-font-family ), Sans-serif; text-align: justify;\"><strong>\u00a0 \u00a0 \u00a0 \u00a0 \u00a0 \u00a0 \u00a0 \u00a0 \u00a0 \u00a0 \u00a0 \u00a0 \u00a0 \u00a0 \u00a0 \u00a0 \u00a0 \u00a0 \u00a0 \u00a0 \u00a0 \u00a0 \u00a0 \u00a0 \u00a0 \u00a0 \u00a0 \u00a0 \u00a0 \u00a0 \u00a0 \u00a0 \u00a0 Gabriela del Mar Ram\u00edrez 2007-2014<\/strong><\/strong><\/span><\/p>\n<p style=\"text-align: left;\"><span style=\"color: #000000;\">La Asamblea Nacional el 13 de diciembre de 2007 eligi\u00f3 como Defensora del Pueblo, para el per\u00edodo 2007-2013, a Gabriela del Mar Ram\u00edrez P\u00e9rez. La Defensora del Pueblo fue juramentada junto a los otros titulares del Poder Ciudadano el 21 de diciembre del mismo a\u00f1o.<\/span><\/p>\n<p style=\"text-align: left;\"><span style=\"color: #000000;\"><!-- wp:paragraph --><\/span><\/p>\n<p style=\"text-align: left;\">\u00a0<\/p>\n<p style=\"text-align: left;\"><span style=\"color: #000000;\"><!-- \/wp:paragraph --><\/span><\/p>\n<figure>\n<p>\u00a0 \u00a0 \u00a0 \u00a0 \u00a0 \u00a0 \u00a0 \u00a0 \u00a0 \u00a0 \u00a0 \u00a0 \u00a0 \u00a0 \u00a0 \u00a0 \u00a0 \u00a0 \u00a0 \u00a0 \u00a0 \u00a0 \u00a0 \u00a0 \u00a0 \u00a0 \u00a0 \u00a0 \u00a0 <img loading=\"lazy\" decoding=\"async\" class=\"alignnone size-medium wp-image-401\" src=\"http:\/\/www.defensoria.gob.ve\/wp-content\/uploads\/2023\/09\/gm-300x209.png\" alt=\"\" width=\"300\" height=\"209\" srcset=\"http:\/\/www.defensoria.gob.ve\/wp-content\/uploads\/2023\/09\/gm-300x209.png 300w, http:\/\/www.defensoria.gob.ve\/wp-content\/uploads\/2023\/09\/gm.png 414w\" sizes=\"(max-width: 300px) 100vw, 300px\" \/><\/p>\n<figcaption><span style=\"color: #000000;\"><b>\u00a0 \u00a0 \u00a0 \u00a0 \u00a0 \u00a0 \u00a0 \u00a0 \u00a0 \u00a0 \u00a0 \u00a0 \u00a0 \u00a0 \u00a0 \u00a0 \u00a0 \u00a0 \u00a0 \u00a0 \u00a0 \u00a0 \u00a0 \u00a0 \u00a0 \u00a0 \u00a0 \u00a0 \u00a0 \u00a0 \u00a0 \u00a0 \u00a0 \u00a0 \u00a0 \u00a0 \u00a0 Germ\u00e1n<\/b><strong><strong>\u00a0Mundara\u00edn 2000-2007<\/strong><\/strong><\/span><\/figcaption>\n<figcaption><span style=\"color: #000000;\"><strong><strong>\u00a0<\/strong><\/strong><\/span><\/figcaption>\n<\/figure>\n<p style=\"text-align: left;\"><span style=\"color: #000000;\">El 22 de diciembre del a\u00f1o 2000, mediante la publicaci\u00f3n en Gaceta Oficial de la Rep\u00fablica Bolivariana de Venezuela No. 37.105, se designa como nuevo titular de la Defensor\u00eda del Pueblo al ciudadano Germ\u00e1n Mundara\u00edn, por un per\u00edodo de siete a\u00f1os. Abogado de profesi\u00f3n.<\/span><\/p>\n<p style=\"text-align: left;\"><span style=\"color: #000000;\"><!-- wp:paragraph --><\/span><\/p>\n<p style=\"text-align: left;\">\u00a0<\/p>\n<p style=\"text-align: left;\"><span style=\"color: #000000;\"><!-- \/wp:paragraph --><\/span><\/p>\n<figure>\n<p>\u00a0 \u00a0 \u00a0 \u00a0 \u00a0 \u00a0 \u00a0 \u00a0 \u00a0 \u00a0 \u00a0 \u00a0 \u00a0 \u00a0 \u00a0 \u00a0 \u00a0 \u00a0 \u00a0 \u00a0 \u00a0 \u00a0 \u00a0 \u00a0 \u00a0 \u00a0 \u00a0 \u00a0 \u00a0<img loading=\"lazy\" decoding=\"async\" class=\"alignnone size-medium wp-image-403\" src=\"http:\/\/www.defensoria.gob.ve\/wp-content\/uploads\/2023\/09\/dpa-300x209.png\" alt=\"\" width=\"300\" height=\"209\" srcset=\"http:\/\/www.defensoria.gob.ve\/wp-content\/uploads\/2023\/09\/dpa-300x209.png 300w, http:\/\/www.defensoria.gob.ve\/wp-content\/uploads\/2023\/09\/dpa.png 414w\" sizes=\"(max-width: 300px) 100vw, 300px\" \/><\/p>\n<figcaption><span style=\"color: #000000;\"><strong>\u00a0 \u00a0 \u00a0 \u00a0 \u00a0 \u00a0 \u00a0 \u00a0 \u00a0 \u00a0 \u00a0 \u00a0 \u00a0 \u00a0 \u00a0 \u00a0 \u00a0 \u00a0 \u00a0 \u00a0 \u00a0 \u00a0 \u00a0 \u00a0 \u00a0 \u00a0 \u00a0 \u00a0 \u00a0 \u00a0 \u00a0 \u00a0 \u00a0 \u00a0 \u00a0 \u00a0 \u00a0 \u00a0 Dilia Parra Guill\u00e9n 1999-2000<\/strong><\/span><\/figcaption>\n<figcaption><span style=\"color: #000000;\"><strong>\u00a0<\/strong><\/span><\/figcaption>\n<\/figure>\n<p style=\"text-align: left;\"><span style=\"color: #000000;\">El 22 de diciembre de 1999, la Directiva de la Asamblea Nacional Constituyente, deleg\u00f3 en la ciudadana Dilia Parra Guill\u00e9n la misi\u00f3n de sentar las bases constitucionales para la nueva funci\u00f3n p\u00fablica defensorial. Se destaca por ser especialista en derecho laboral y activista de los derechos humanos.\u00a0<\/span><\/p>\n<p style=\"text-align: left;\"><span style=\"color: #000000;\"><!-- wp:paragraph --><\/span><\/p>\n<p style=\"text-align: left;\">\u00a0<\/p>\n<p><!-- \/wp:paragraph --><\/p>\t\t\t\t\t\t\t\t<\/div>\n\t\t\t\t<\/div>\n\t\t\t\t\t<\/div>\n\t\t<\/div>\n\t\t\t\t\t<\/div>\n\t\t<\/section>\n\t\t\t\t<\/div>\n\t\t","protected":false},"excerpt":{"rendered":"<p>\u00a0 \u00a0 \u00a0 \u00a0 \u00a0 \u00a0 \u00a0 \u00a0 \u00a0 \u00a0 \u00a0 \u00a0 \u00a0 \u00a0 \u00a0 \u00a0 \u00a0 \u00a0 \u00a0 \u00a0 \u00a0 \u00a0 \u00a0 \u00a0 \u00a0 \u00a0 \u00a0 \u00a0 \u00a0 \u00a0&hellip; <\/p>\n","protected":false},"author":1,"featured_media":0,"parent":22,"menu_order":1,"comment_status":"closed","ping_status":"closed","template":"","meta":{"footnotes":""},"class_list":["post-70","page","type-page","status-publish","hentry"],"yoast_head":"<!-- This site is optimized with the Yoast SEO plugin v27.2 - https:\/\/yoast.com\/product\/yoast-seo-wordpress\/ -->\n<title>HISTORICOS DEFENSORES Y DEFENSORAS -<\/title>\n<meta name=\"robots\" content=\"index, follow, max-snippet:-1, max-image-preview:large, max-video-preview:-1\" \/>\n<link rel=\"canonical\" href=\"http:\/\/www.defensoria.gob.ve\/?page_id=70\" \/>\n<meta property=\"og:locale\" content=\"es_ES\" \/>\n<meta property=\"og:type\" content=\"article\" \/>\n<meta property=\"og:title\" content=\"HISTORICOS DEFENSORES Y DEFENSORAS -\" \/>\n<meta property=\"og:description\" content=\"\u00a0 \u00a0 \u00a0 \u00a0 \u00a0 \u00a0 \u00a0 \u00a0 \u00a0 \u00a0 \u00a0 \u00a0 \u00a0 \u00a0 \u00a0 \u00a0 \u00a0 \u00a0 \u00a0 \u00a0 \u00a0 \u00a0 \u00a0 \u00a0 \u00a0 \u00a0 \u00a0 \u00a0 \u00a0 \u00a0&hellip;\" \/>\n<meta property=\"og:url\" content=\"http:\/\/www.defensoria.gob.ve\/?page_id=70\" \/>\n<meta property=\"article:modified_time\" content=\"2025-03-10T18:00:43+00:00\" \/>\n<meta property=\"og:image\" content=\"http:\/\/www.defensoria.gob.ve\/wp-content\/uploads\/2023\/09\/histo-defen.png\" \/>\n<meta name=\"twitter:card\" content=\"summary_large_image\" \/>\n<meta name=\"twitter:label1\" content=\"Tiempo estimado de lectura\" \/>\n\t<meta name=\"twitter:data1\" content=\"4 minutos\" \/>\n<script type=\"application\/ld+json\" class=\"yoast-schema-graph\">{\"@context\":\"https:\/\/schema.org\",\"@graph\":[{\"@type\":\"WebPage\",\"@id\":\"http:\/\/www.defensoria.gob.ve\/?page_id=70\",\"url\":\"http:\/\/www.defensoria.gob.ve\/?page_id=70\",\"name\":\"HISTORICOS DEFENSORES Y DEFENSORAS -\",\"isPartOf\":{\"@id\":\"http:\/\/www.defensoria.gob.ve\/#website\"},\"primaryImageOfPage\":{\"@id\":\"http:\/\/www.defensoria.gob.ve\/?page_id=70#primaryimage\"},\"image\":{\"@id\":\"http:\/\/www.defensoria.gob.ve\/?page_id=70#primaryimage\"},\"thumbnailUrl\":\"http:\/\/www.defensoria.gob.ve\/wp-content\/uploads\/2023\/09\/histo-defen.png\",\"datePublished\":\"2023-09-05T18:46:51+00:00\",\"dateModified\":\"2025-03-10T18:00:43+00:00\",\"breadcrumb\":{\"@id\":\"http:\/\/www.defensoria.gob.ve\/?page_id=70#breadcrumb\"},\"inLanguage\":\"es\",\"potentialAction\":[{\"@type\":\"ReadAction\",\"target\":[\"http:\/\/www.defensoria.gob.ve\/?page_id=70\"]}]},{\"@type\":\"ImageObject\",\"inLanguage\":\"es\",\"@id\":\"http:\/\/www.defensoria.gob.ve\/?page_id=70#primaryimage\",\"url\":\"http:\/\/www.defensoria.gob.ve\/wp-content\/uploads\/2023\/09\/histo-defen.png\",\"contentUrl\":\"http:\/\/www.defensoria.gob.ve\/wp-content\/uploads\/2023\/09\/histo-defen.png\",\"width\":808,\"height\":71},{\"@type\":\"BreadcrumbList\",\"@id\":\"http:\/\/www.defensoria.gob.ve\/?page_id=70#breadcrumb\",\"itemListElement\":[{\"@type\":\"ListItem\",\"position\":1,\"name\":\"Portada\",\"item\":\"http:\/\/www.defensoria.gob.ve\/\"},{\"@type\":\"ListItem\",\"position\":2,\"name\":\"CON\u00d3CENOS\",\"item\":\"http:\/\/www.defensoria.gob.ve\/?page_id=22\"},{\"@type\":\"ListItem\",\"position\":3,\"name\":\"HISTORICOS DEFENSORES Y DEFENSORAS\"}]},{\"@type\":\"WebSite\",\"@id\":\"http:\/\/www.defensoria.gob.ve\/#website\",\"url\":\"http:\/\/www.defensoria.gob.ve\/\",\"name\":\"\",\"description\":\"Instituci\u00f3n del Poder Ciudadano para la Promoci\u00f3n, Defensa y Vigilancia de los Derechos Humanos. \",\"potentialAction\":[{\"@type\":\"SearchAction\",\"target\":{\"@type\":\"EntryPoint\",\"urlTemplate\":\"http:\/\/www.defensoria.gob.ve\/?s={search_term_string}\"},\"query-input\":{\"@type\":\"PropertyValueSpecification\",\"valueRequired\":true,\"valueName\":\"search_term_string\"}}],\"inLanguage\":\"es\"}]}<\/script>\n<!-- \/ Yoast SEO plugin. -->","yoast_head_json":{"title":"HISTORICOS DEFENSORES Y DEFENSORAS -","robots":{"index":"index","follow":"follow","max-snippet":"max-snippet:-1","max-image-preview":"max-image-preview:large","max-video-preview":"max-video-preview:-1"},"canonical":"http:\/\/www.defensoria.gob.ve\/?page_id=70","og_locale":"es_ES","og_type":"article","og_title":"HISTORICOS DEFENSORES Y DEFENSORAS -","og_description":"\u00a0 \u00a0 \u00a0 \u00a0 \u00a0 \u00a0 \u00a0 \u00a0 \u00a0 \u00a0 \u00a0 \u00a0 \u00a0 \u00a0 \u00a0 \u00a0 \u00a0 \u00a0 \u00a0 \u00a0 \u00a0 \u00a0 \u00a0 \u00a0 \u00a0 \u00a0 \u00a0 \u00a0 \u00a0 \u00a0&hellip;","og_url":"http:\/\/www.defensoria.gob.ve\/?page_id=70","article_modified_time":"2025-03-10T18:00:43+00:00","og_image":[{"url":"http:\/\/www.defensoria.gob.ve\/wp-content\/uploads\/2023\/09\/histo-defen.png","type":"","width":"","height":""}],"twitter_card":"summary_large_image","twitter_misc":{"Tiempo estimado de lectura":"4 minutos"},"schema":{"@context":"https:\/\/schema.org","@graph":[{"@type":"WebPage","@id":"http:\/\/www.defensoria.gob.ve\/?page_id=70","url":"http:\/\/www.defensoria.gob.ve\/?page_id=70","name":"HISTORICOS DEFENSORES Y DEFENSORAS -","isPartOf":{"@id":"http:\/\/www.defensoria.gob.ve\/#website"},"primaryImageOfPage":{"@id":"http:\/\/www.defensoria.gob.ve\/?page_id=70#primaryimage"},"image":{"@id":"http:\/\/www.defensoria.gob.ve\/?page_id=70#primaryimage"},"thumbnailUrl":"http:\/\/www.defensoria.gob.ve\/wp-content\/uploads\/2023\/09\/histo-defen.png","datePublished":"2023-09-05T18:46:51+00:00","dateModified":"2025-03-10T18:00:43+00:00","breadcrumb":{"@id":"http:\/\/www.defensoria.gob.ve\/?page_id=70#breadcrumb"},"inLanguage":"es","potentialAction":[{"@type":"ReadAction","target":["http:\/\/www.defensoria.gob.ve\/?page_id=70"]}]},{"@type":"ImageObject","inLanguage":"es","@id":"http:\/\/www.defensoria.gob.ve\/?page_id=70#primaryimage","url":"http:\/\/www.defensoria.gob.ve\/wp-content\/uploads\/2023\/09\/histo-defen.png","contentUrl":"http:\/\/www.defensoria.gob.ve\/wp-content\/uploads\/2023\/09\/histo-defen.png","width":808,"height":71},{"@type":"BreadcrumbList","@id":"http:\/\/www.defensoria.gob.ve\/?page_id=70#breadcrumb","itemListElement":[{"@type":"ListItem","position":1,"name":"Portada","item":"http:\/\/www.defensoria.gob.ve\/"},{"@type":"ListItem","position":2,"name":"CON\u00d3CENOS","item":"http:\/\/www.defensoria.gob.ve\/?page_id=22"},{"@type":"ListItem","position":3,"name":"HISTORICOS DEFENSORES Y DEFENSORAS"}]},{"@type":"WebSite","@id":"http:\/\/www.defensoria.gob.ve\/#website","url":"http:\/\/www.defensoria.gob.ve\/","name":"","description":"Instituci\u00f3n del Poder Ciudadano para la Promoci\u00f3n, Defensa y Vigilancia de los Derechos Humanos. ","potentialAction":[{"@type":"SearchAction","target":{"@type":"EntryPoint","urlTemplate":"http:\/\/www.defensoria.gob.ve\/?s={search_term_string}"},"query-input":{"@type":"PropertyValueSpecification","valueRequired":true,"valueName":"search_term_string"}}],"inLanguage":"es"}]}},"_links":{"self":[{"href":"http:\/\/www.defensoria.gob.ve\/index.php?rest_route=\/wp\/v2\/pages\/70","targetHints":{"allow":["GET"]}}],"collection":[{"href":"http:\/\/www.defensoria.gob.ve\/index.php?rest_route=\/wp\/v2\/pages"}],"about":[{"href":"http:\/\/www.defensoria.gob.ve\/index.php?rest_route=\/wp\/v2\/types\/page"}],"author":[{"embeddable":true,"href":"http:\/\/www.defensoria.gob.ve\/index.php?rest_route=\/wp\/v2\/users\/1"}],"replies":[{"embeddable":true,"href":"http:\/\/www.defensoria.gob.ve\/index.php?rest_route=%2Fwp%2Fv2%2Fcomments&post=70"}],"version-history":[{"count":55,"href":"http:\/\/www.defensoria.gob.ve\/index.php?rest_route=\/wp\/v2\/pages\/70\/revisions"}],"predecessor-version":[{"id":11146,"href":"http:\/\/www.defensoria.gob.ve\/index.php?rest_route=\/wp\/v2\/pages\/70\/revisions\/11146"}],"up":[{"embeddable":true,"href":"http:\/\/www.defensoria.gob.ve\/index.php?rest_route=\/wp\/v2\/pages\/22"}],"wp:attachment":[{"href":"http:\/\/www.defensoria.gob.ve\/index.php?rest_route=%2Fwp%2Fv2%2Fmedia&parent=70"}],"curies":[{"name":"wp","href":"https:\/\/api.w.org\/{rel}","templated":true}]}}